{"id":2212,"date":"2022-05-02T08:19:40","date_gmt":"2022-05-02T08:19:40","guid":{"rendered":"https:\/\/baba.fi\/registration-copy\/"},"modified":"2023-05-31T08:05:11","modified_gmt":"2023-05-31T08:05:11","slug":"account-login","status":"publish","type":"page","link":"https:\/\/baba.fi\/en\/account-login\/","title":{"rendered":"Account Login"},"content":{"rendered":"<p>[et_pb_section fb_built=&#8221;1&#8243; _builder_version=&#8221;4.17.3&#8243; _module_preset=&#8221;default&#8221; hover_enabled=&#8221;0&#8243; global_colors_info=&#8221;{}&#8221; sticky_enabled=&#8221;0&#8243;][et_pb_row use_custom_gutter=&#8221;on&#8221; gutter_width=&#8221;2&#8243; make_equal=&#8221;on&#8221; _builder_version=&#8221;4.17.3&#8243; _module_preset=&#8221;default&#8221; width=&#8221;30%&#8221; width_tablet=&#8221;50%&#8221; width_phone=&#8221;100%&#8221; width_last_edited=&#8221;on|phone&#8221; module_alignment=&#8221;center&#8221; hover_enabled=&#8221;0&#8243; global_colors_info=&#8221;{}&#8221; sticky_enabled=&#8221;0&#8243;][et_pb_column type=&#8221;4_4&#8243; _builder_version=&#8221;4.17.3&#8243; _module_preset=&#8221;default&#8221; global_colors_info=&#8221;{}&#8221;][et_pb_text _builder_version=&#8221;4.19.5&#8243; _module_preset=&#8221;default&#8221; text_text_color=&#8221;#27221b&#8221; header_font=&#8221;Poppins|700|||||||&#8221; header_text_color=&#8221;#27221b&#8221; header_font_size=&#8221;50px&#8221; header_line_height=&#8221;1.5em&#8221; text_orientation=&#8221;center&#8221; hover_enabled=&#8221;0&#8243; global_colors_info=&#8221;{}&#8221; sticky_enabled=&#8221;0&#8243;]<\/p>\n<h1>Kirjaudu yritystilille<\/h1>\n<p>Sy\u00f6t\u00e4 s\u00e4hk\u00f6postiosoitteesi ja salasanasi kirjautuaksesi sis\u00e4\u00e4n.<\/p>\n<p>[\/et_pb_text][et_pb_code module_id=&#8221;login-form&#8221; module_class=&#8221;login-form&#8221; _builder_version=&#8221;4.17.3&#8243; _module_preset=&#8221;default&#8221; global_colors_info=&#8221;{}&#8221;]      <div class=\"woocommerce\">\r\n         <div class=\"woocommerce-notices-wrapper\"><\/div>         <form class=\"woocommerce-form woocommerce-form-login login\" method=\"post\" >\n\n\t\n\t\n\t<p class=\"form-row form-row-first\">\n\t\t<label for=\"username\">Username or email&nbsp;<span class=\"required\" aria-hidden=\"true\">*<\/span><span class=\"screen-reader-text\">Required<\/span><\/label>\n\t\t<input type=\"text\" class=\"input-text\" name=\"username\" id=\"username\" autocomplete=\"username\" required aria-required=\"true\" \/>\n\t<\/p>\n\t<p class=\"form-row form-row-last\">\n\t\t<label for=\"password\">Password&nbsp;<span class=\"required\" aria-hidden=\"true\">*<\/span><span class=\"screen-reader-text\">Required<\/span><\/label>\n\t\t<input class=\"input-text woocommerce-Input\" type=\"password\" name=\"password\" id=\"password\" autocomplete=\"current-password\" required aria-required=\"true\" \/>\n\t<\/p>\n\t<div class=\"clear\"><\/div>\n\n\t\n\t<p class=\"form-row\">\n\t\t<label class=\"woocommerce-form__label woocommerce-form__label-for-checkbox woocommerce-form-login__rememberme\">\n\t\t\t<input class=\"woocommerce-form__input woocommerce-form__input-checkbox\" name=\"rememberme\" type=\"checkbox\" id=\"rememberme\" value=\"forever\" \/> <span>Remember me<\/span>\n\t\t<\/label>\n\t\t<input type=\"hidden\" id=\"woocommerce-login-nonce\" name=\"woocommerce-login-nonce\" value=\"b3216b2f17\" \/><input type=\"hidden\" name=\"_wp_http_referer\" value=\"\/en\/wp-json\/wp\/v2\/pages\/2212\" \/>\t\t<input type=\"hidden\" name=\"redirect\" value=\"https:\/\/baba.fi\/\/my-account\/\" \/>\n\t\t<button type=\"submit\" class=\"woocommerce-button button woocommerce-form-login__submit\" name=\"login\" value=\"Login\">Login<\/button>\n\t<\/p>\n\t<p class=\"lost_password\">\n\t\t<a href=\"https:\/\/baba.fi\/en\/my-account\/lost-password\/\">Lost your password?<\/a>\n\t<\/p>\n\n\t<div class=\"clear\"><\/div>\n\n\t\n<\/form>\n         <p class=\"no-account\">Eik\u00f6 sinulla ole tili\u00e4?<\/p>\r\n         <p class=\"reg-button\">\r\n            <a class=\"woocommerce-button button woocommerce-form-login__submit\" href=\"https:\/\/baba.fi\/registration\/\">Rekister\u00f6idy t\u00e4\u00e4lt\u00e4<\/a>\r\n         <\/p>\r\n      <\/div>\r\n   [\/et_pb_code][\/et_pb_column][\/et_pb_row][\/et_pb_section]<\/p>\n","protected":false},"excerpt":{"rendered":"<p>Kirjaudu yritystilille Sy\u00f6t\u00e4 s\u00e4hk\u00f6postiosoitteesi ja salasanasi kirjautuaksesi sis\u00e4\u00e4n.      <div class=\"woocommerce\">\r\n         <div class=\"woocommerce-notices-wrapper\"><\/div>         <form class=\"woocommerce-form woocommerce-form-login login\" method=\"post\" action=\"\" >\n\n\t\n\t\n\t<p class=\"form-row form-row-first\">\n\t\t<label for=\"username\">Username or email&nbsp;<span class=\"required\" aria-hidden=\"true\">*<\/span><span class=\"screen-reader-text\" data-no-translation=\"\" data-trp-gettext=\"\">Required<\/span><\/label>\n\t\t<input type=\"text\" class=\"input-text\" name=\"username\" id=\"username\" autocomplete=\"username\" required aria-required=\"true\" \/>\n\t<\/p>\n\t<p class=\"form-row form-row-last\">\n\t\t<label for=\"password\">Password&nbsp;<span class=\"required\" aria-hidden=\"true\">*<\/span><span class=\"screen-reader-text\" data-no-translation=\"\" data-trp-gettext=\"\">Required<\/span><\/label>\n\t\t<input class=\"input-text woocommerce-Input\" type=\"password\" name=\"password\" id=\"password\" autocomplete=\"current-password\" required aria-required=\"true\" \/>\n\t<\/p>\n\t<div class=\"clear\"><\/div>\n\n\t\n\t<p class=\"form-row\">\n\t\t<label class=\"woocommerce-form__label woocommerce-form__label-for-checkbox woocommerce-form-login__rememberme\">\n\t\t\t<input class=\"woocommerce-form__input woocommerce-form__input-checkbox\" name=\"rememberme\" type=\"checkbox\" id=\"rememberme\" value=\"forever\" \/> <span data-no-translation=\"\" data-trp-gettext=\"\">Remember me<\/span>\n\t\t<\/label>\n\t\t<input type=\"hidden\" id=\"woocommerce-login-nonce\" name=\"woocommerce-login-nonce\" value=\"b3216b2f17\" \/><input type=\"hidden\" name=\"_wp_http_referer\" value=\"\/en\/wp-json\/wp\/v2\/pages\/2212\" \/>\t\t<input type=\"hidden\" name=\"redirect\" value=\"https:\/\/baba.fi\/\/my-account\/\" \/>\n\t\t<button type=\"submit\" class=\"woocommerce-button button woocommerce-form-login__submit\" name=\"login\" value=\"Login\" data-no-translation=\"\" data-trp-gettext=\"\" data-no-translation-value=\"\">Login<\/button>\n\t<\/p>\n\t<p class=\"lost_password\">\n\t\t<a href=\"https:\/\/baba.fi\/en\/my-account\/lost-password\/\" data-no-translation=\"\" data-trp-gettext=\"\">Lost your password?<\/a>\n\t<\/p>\n\n\t<div class=\"clear\"><\/div>\n\n\t\n<input type=\"hidden\" name=\"trp-form-language\" value=\"en\"\/><\/form>\n         <p class=\"no-account\">Eik\u00f6 sinulla ole tili\u00e4?<\/p>\r\n         <p class=\"reg-button\">\r\n            <a class=\"woocommerce-button button woocommerce-form-login__submit\" href=\"https:\/\/baba.fi\/en\/registration\/\">Rekister\u00f6idy t\u00e4\u00e4lt\u00e4<\/a>\r\n         <\/p>\r\n      <\/div>\r\n   <\/p>","protected":false},"author":1,"featured_media":0,"parent":0,"menu_order":0,"comment_status":"closed","ping_status":"closed","template":"","meta":{"_acf_changed":false,"_et_pb_use_builder":"on","_et_pb_old_content":"","_et_gb_content_width":"","om_disable_all_campaigns":false,"footnotes":""},"class_list":["post-2212","page","type-page","status-publish","hentry"],"acf":[],"yoast_head":"<!-- This site is optimized with the Yoast SEO plugin v27.5 - https:\/\/yoast.com\/product\/yoast-seo-wordpress\/ -->\n<title>Account Login - Baba Foods<\/title>\n<meta name=\"robots\" content=\"index, follow, max-snippet:-1, max-image-preview:large, max-video-preview:-1\" \/>\n<link rel=\"canonical\" href=\"https:\/\/brown-dog-839292.hostingersite.com\/account-login\/\" \/>\n<meta property=\"og:locale\" content=\"en_GB\" \/>\n<meta property=\"og:type\" content=\"article\" \/>\n<meta property=\"og:title\" content=\"Account Login - Baba Foods\" \/>\n<meta property=\"og:description\" content=\"Kirjaudu yritystilille Sy\u00f6t\u00e4 s\u00e4hk\u00f6postiosoitteesi ja salasanasi kirjautuaksesi sis\u00e4\u00e4n.\" \/>\n<meta property=\"og:url\" content=\"https:\/\/brown-dog-839292.hostingersite.com\/account-login\/\" \/>\n<meta property=\"og:site_name\" content=\"Baba Foods\" \/>\n<meta property=\"article:modified_time\" content=\"2023-05-31T08:05:11+00:00\" \/>\n<meta name=\"twitter:card\" content=\"summary_large_image\" \/>\n<meta name=\"twitter:label1\" content=\"Estimated reading time\" \/>\n\t<meta name=\"twitter:data1\" content=\"1 minute\" \/>\n<script type=\"application\/ld+json\" class=\"yoast-schema-graph\">{\"@context\":\"https:\\\/\\\/schema.org\",\"@graph\":[{\"@type\":\"WebPage\",\"@id\":\"https:\\\/\\\/brown-dog-839292.hostingersite.com\\\/account-login\\\/\",\"url\":\"https:\\\/\\\/brown-dog-839292.hostingersite.com\\\/account-login\\\/\",\"name\":\"Account Login - Baba Foods\",\"isPartOf\":{\"@id\":\"https:\\\/\\\/baba.fi\\\/en\\\/#website\"},\"datePublished\":\"2022-05-02T08:19:40+00:00\",\"dateModified\":\"2023-05-31T08:05:11+00:00\",\"breadcrumb\":{\"@id\":\"https:\\\/\\\/brown-dog-839292.hostingersite.com\\\/account-login\\\/#breadcrumb\"},\"inLanguage\":\"en-GB\",\"potentialAction\":[{\"@type\":\"ReadAction\",\"target\":[\"https:\\\/\\\/brown-dog-839292.hostingersite.com\\\/account-login\\\/\"]}]},{\"@type\":\"BreadcrumbList\",\"@id\":\"https:\\\/\\\/brown-dog-839292.hostingersite.com\\\/account-login\\\/#breadcrumb\",\"itemListElement\":[{\"@type\":\"ListItem\",\"position\":1,\"name\":\"Etusivu\",\"item\":\"https:\\\/\\\/baba.fi\\\/\"},{\"@type\":\"ListItem\",\"position\":2,\"name\":\"Account Login\"}]},{\"@type\":\"WebSite\",\"@id\":\"https:\\\/\\\/baba.fi\\\/en\\\/#website\",\"url\":\"https:\\\/\\\/baba.fi\\\/en\\\/\",\"name\":\"Baba Foods\",\"description\":\"L\u00e4hi-id\u00e4n kasvisruokaa Suomessa valmistettuna\",\"potentialAction\":[{\"@type\":\"SearchAction\",\"target\":{\"@type\":\"EntryPoint\",\"urlTemplate\":\"https:\\\/\\\/baba.fi\\\/en\\\/?s={search_term_string}\"},\"query-input\":{\"@type\":\"PropertyValueSpecification\",\"valueRequired\":true,\"valueName\":\"search_term_string\"}}],\"inLanguage\":\"en-GB\"}]}<\/script>\n<!-- \/ Yoast SEO plugin. -->","yoast_head_json":{"title":"Account Login - Baba Foods","robots":{"index":"index","follow":"follow","max-snippet":"max-snippet:-1","max-image-preview":"max-image-preview:large","max-video-preview":"max-video-preview:-1"},"canonical":"https:\/\/brown-dog-839292.hostingersite.com\/account-login\/","og_locale":"en_GB","og_type":"article","og_title":"Account Login - Baba Foods","og_description":"Kirjaudu yritystilille Sy\u00f6t\u00e4 s\u00e4hk\u00f6postiosoitteesi ja salasanasi kirjautuaksesi sis\u00e4\u00e4n.","og_url":"https:\/\/brown-dog-839292.hostingersite.com\/account-login\/","og_site_name":"Baba Foods","article_modified_time":"2023-05-31T08:05:11+00:00","twitter_card":"summary_large_image","twitter_misc":{"Estimated reading time":"1 minute"},"schema":{"@context":"https:\/\/schema.org","@graph":[{"@type":"WebPage","@id":"https:\/\/brown-dog-839292.hostingersite.com\/account-login\/","url":"https:\/\/brown-dog-839292.hostingersite.com\/account-login\/","name":"Account Login - Baba Foods","isPartOf":{"@id":"https:\/\/baba.fi\/en\/#website"},"datePublished":"2022-05-02T08:19:40+00:00","dateModified":"2023-05-31T08:05:11+00:00","breadcrumb":{"@id":"https:\/\/brown-dog-839292.hostingersite.com\/account-login\/#breadcrumb"},"inLanguage":"en-GB","potentialAction":[{"@type":"ReadAction","target":["https:\/\/brown-dog-839292.hostingersite.com\/account-login\/"]}]},{"@type":"BreadcrumbList","@id":"https:\/\/brown-dog-839292.hostingersite.com\/account-login\/#breadcrumb","itemListElement":[{"@type":"ListItem","position":1,"name":"Etusivu","item":"https:\/\/baba.fi\/"},{"@type":"ListItem","position":2,"name":"Account Login"}]},{"@type":"WebSite","@id":"https:\/\/baba.fi\/en\/#website","url":"https:\/\/baba.fi\/en\/","name":"Baba Foods","description":"Middle Eastern vegetarian food produced in Finland","potentialAction":[{"@type":"SearchAction","target":{"@type":"EntryPoint","urlTemplate":"https:\/\/baba.fi\/en\/?s={search_term_string}"},"query-input":{"@type":"PropertyValueSpecification","valueRequired":true,"valueName":"search_term_string"}}],"inLanguage":"en-GB"}]}},"_links":{"self":[{"href":"https:\/\/baba.fi\/en\/wp-json\/wp\/v2\/pages\/2212","targetHints":{"allow":["GET"]}}],"collection":[{"href":"https:\/\/baba.fi\/en\/wp-json\/wp\/v2\/pages"}],"about":[{"href":"https:\/\/baba.fi\/en\/wp-json\/wp\/v2\/types\/page"}],"author":[{"embeddable":true,"href":"https:\/\/baba.fi\/en\/wp-json\/wp\/v2\/users\/1"}],"replies":[{"embeddable":true,"href":"https:\/\/baba.fi\/en\/wp-json\/wp\/v2\/comments?post=2212"}],"version-history":[{"count":5,"href":"https:\/\/baba.fi\/en\/wp-json\/wp\/v2\/pages\/2212\/revisions"}],"predecessor-version":[{"id":4679,"href":"https:\/\/baba.fi\/en\/wp-json\/wp\/v2\/pages\/2212\/revisions\/4679"}],"wp:attachment":[{"href":"https:\/\/baba.fi\/en\/wp-json\/wp\/v2\/media?parent=2212"}],"curies":[{"name":"wp","href":"https:\/\/api.w.org\/{rel}","templated":true}]}}