{"id":3084,"date":"2022-06-16T13:34:07","date_gmt":"2022-06-16T13:34:07","guid":{"rendered":"https:\/\/baba.fi\/?page_id=3084"},"modified":"2023-01-26T07:44:32","modified_gmt":"2023-01-26T07:44:32","slug":"kiitos-rekisteroinnista","status":"publish","type":"page","link":"https:\/\/baba.fi\/en\/kiitos-rekisteroinnista\/","title":{"rendered":"Kiitos rekister\u00f6innist\u00e4!"},"content":{"rendered":"<p>[et_pb_section fb_built=&#8221;1&#8243; _builder_version=&#8221;4.17.3&#8243; _module_preset=&#8221;default&#8221; global_colors_info=&#8221;{}&#8221;][et_pb_row _builder_version=&#8221;4.17.3&#8243; _module_preset=&#8221;default&#8221; global_colors_info=&#8221;{}&#8221;][et_pb_column type=&#8221;4_4&#8243; _builder_version=&#8221;4.17.3&#8243; _module_preset=&#8221;default&#8221; global_colors_info=&#8221;{}&#8221;][et_pb_text _builder_version=&#8221;4.17.3&#8243; _module_preset=&#8221;default&#8221; text_font=&#8221;||||||||&#8221; text_text_color=&#8221;#000000&#8243; text_font_size=&#8221;23px&#8221; text_line_height=&#8221;1.6em&#8221; custom_padding=&#8221;|50px||50px|false|true&#8221; custom_padding_tablet=&#8221;|20px||20px|false|true&#8221; custom_padding_phone=&#8221;|0px||0px|false|true&#8221; custom_padding_last_edited=&#8221;on|phone&#8221; global_colors_info=&#8221;{}&#8221;]<\/p>\n<p>Tarkistamme yrityksen tiedot ja vahvistamme k\u00e4ytt\u00e4j\u00e4tilisi mahdollisimman pian. Saat s\u00e4hk\u00f6postiisi ilmoituksen kun k\u00e4ytt\u00e4j\u00e4tilisi on vahvistettu.<\/p>\n<p>[\/et_pb_text][\/et_pb_column][\/et_pb_row][\/et_pb_section]<\/p>","protected":false},"excerpt":{"rendered":"<p>Tarkistamme yrityksen tiedot ja vahvistamme k\u00e4ytt\u00e4j\u00e4tilisi mahdollisimman pian. Saat s\u00e4hk\u00f6postiisi ilmoituksen kun k\u00e4ytt\u00e4j\u00e4tilisi on vahvistettu.<\/p>","protected":false},"author":1,"featured_media":0,"parent":0,"menu_order":0,"comment_status":"closed","ping_status":"closed","template":"","meta":{"_acf_changed":false,"_et_pb_use_builder":"on","_et_pb_old_content":"","_et_gb_content_width":"","om_disable_all_campaigns":false,"footnotes":""},"class_list":["post-3084","page","type-page","status-publish","hentry"],"acf":[],"yoast_head":"<!-- This site is optimized with the Yoast SEO plugin v26.4 - https:\/\/yoast.com\/wordpress\/plugins\/seo\/ -->\n<title>Kiitos rekister\u00f6innist\u00e4! - Baba Foods<\/title>\n<meta name=\"robots\" content=\"index, follow, max-snippet:-1, max-image-preview:large, max-video-preview:-1\" \/>\n<link rel=\"canonical\" href=\"https:\/\/baba.fi\/en\/kiitos-rekisteroinnista\/\" \/>\n<meta property=\"og:locale\" content=\"en_GB\" \/>\n<meta property=\"og:type\" content=\"article\" \/>\n<meta property=\"og:title\" content=\"Kiitos rekister\u00f6innist\u00e4! - Baba Foods\" \/>\n<meta property=\"og:description\" content=\"Tarkistamme yrityksen tiedot ja vahvistamme k\u00e4ytt\u00e4j\u00e4tilisi mahdollisimman pian. Saat s\u00e4hk\u00f6postiisi ilmoituksen kun k\u00e4ytt\u00e4j\u00e4tilisi on vahvistettu.\" \/>\n<meta property=\"og:url\" content=\"https:\/\/baba.fi\/en\/kiitos-rekisteroinnista\/\" \/>\n<meta property=\"og:site_name\" content=\"Baba Foods\" \/>\n<meta property=\"article:modified_time\" content=\"2023-01-26T07:44:32+00:00\" \/>\n<meta name=\"twitter:card\" content=\"summary_large_image\" \/>\n<meta name=\"twitter:label1\" content=\"Estimated reading time\" \/>\n\t<meta name=\"twitter:data1\" content=\"1 minute\" \/>\n<script type=\"application\/ld+json\" class=\"yoast-schema-graph\">{\"@context\":\"https:\/\/schema.org\",\"@graph\":[{\"@type\":\"WebPage\",\"@id\":\"https:\/\/baba.fi\/kiitos-rekisteroinnista\/\",\"url\":\"https:\/\/baba.fi\/kiitos-rekisteroinnista\/\",\"name\":\"Kiitos rekister\u00f6innist\u00e4! - Baba Foods\",\"isPartOf\":{\"@id\":\"https:\/\/baba.fi\/en\/#website\"},\"datePublished\":\"2022-06-16T13:34:07+00:00\",\"dateModified\":\"2023-01-26T07:44:32+00:00\",\"breadcrumb\":{\"@id\":\"https:\/\/baba.fi\/kiitos-rekisteroinnista\/#breadcrumb\"},\"inLanguage\":\"en-GB\",\"potentialAction\":[{\"@type\":\"ReadAction\",\"target\":[\"https:\/\/baba.fi\/kiitos-rekisteroinnista\/\"]}]},{\"@type\":\"BreadcrumbList\",\"@id\":\"https:\/\/baba.fi\/kiitos-rekisteroinnista\/#breadcrumb\",\"itemListElement\":[{\"@type\":\"ListItem\",\"position\":1,\"name\":\"Etusivu\",\"item\":\"https:\/\/baba.fi\/\"},{\"@type\":\"ListItem\",\"position\":2,\"name\":\"Kiitos rekister\u00f6innist\u00e4!\"}]},{\"@type\":\"WebSite\",\"@id\":\"https:\/\/baba.fi\/en\/#website\",\"url\":\"https:\/\/baba.fi\/en\/\",\"name\":\"Baba Foods\",\"description\":\"L\u00e4hi-id\u00e4n kasvisruokaa Suomessa valmistettuna\",\"potentialAction\":[{\"@type\":\"SearchAction\",\"target\":{\"@type\":\"EntryPoint\",\"urlTemplate\":\"https:\/\/baba.fi\/en\/?s={search_term_string}\"},\"query-input\":{\"@type\":\"PropertyValueSpecification\",\"valueRequired\":true,\"valueName\":\"search_term_string\"}}],\"inLanguage\":\"en-GB\"}]}<\/script>\n<!-- \/ Yoast SEO plugin. -->","yoast_head_json":{"title":"Kiitos rekister\u00f6innist\u00e4! - Baba Foods","robots":{"index":"index","follow":"follow","max-snippet":"max-snippet:-1","max-image-preview":"max-image-preview:large","max-video-preview":"max-video-preview:-1"},"canonical":"https:\/\/baba.fi\/en\/kiitos-rekisteroinnista\/","og_locale":"en_GB","og_type":"article","og_title":"Kiitos rekister\u00f6innist\u00e4! - Baba Foods","og_description":"Tarkistamme yrityksen tiedot ja vahvistamme k\u00e4ytt\u00e4j\u00e4tilisi mahdollisimman pian. Saat s\u00e4hk\u00f6postiisi ilmoituksen kun k\u00e4ytt\u00e4j\u00e4tilisi on vahvistettu.","og_url":"https:\/\/baba.fi\/en\/kiitos-rekisteroinnista\/","og_site_name":"Baba Foods","article_modified_time":"2023-01-26T07:44:32+00:00","twitter_card":"summary_large_image","twitter_misc":{"Estimated reading time":"1 minute"},"schema":{"@context":"https:\/\/schema.org","@graph":[{"@type":"WebPage","@id":"https:\/\/baba.fi\/kiitos-rekisteroinnista\/","url":"https:\/\/baba.fi\/kiitos-rekisteroinnista\/","name":"Kiitos rekister\u00f6innist\u00e4! - Baba Foods","isPartOf":{"@id":"https:\/\/baba.fi\/en\/#website"},"datePublished":"2022-06-16T13:34:07+00:00","dateModified":"2023-01-26T07:44:32+00:00","breadcrumb":{"@id":"https:\/\/baba.fi\/kiitos-rekisteroinnista\/#breadcrumb"},"inLanguage":"en-GB","potentialAction":[{"@type":"ReadAction","target":["https:\/\/baba.fi\/kiitos-rekisteroinnista\/"]}]},{"@type":"BreadcrumbList","@id":"https:\/\/baba.fi\/kiitos-rekisteroinnista\/#breadcrumb","itemListElement":[{"@type":"ListItem","position":1,"name":"Etusivu","item":"https:\/\/baba.fi\/"},{"@type":"ListItem","position":2,"name":"Kiitos rekister\u00f6innist\u00e4!"}]},{"@type":"WebSite","@id":"https:\/\/baba.fi\/en\/#website","url":"https:\/\/baba.fi\/en\/","name":"Baba Foods","description":"Middle Eastern vegetarian food produced in Finland","potentialAction":[{"@type":"SearchAction","target":{"@type":"EntryPoint","urlTemplate":"https:\/\/baba.fi\/en\/?s={search_term_string}"},"query-input":{"@type":"PropertyValueSpecification","valueRequired":true,"valueName":"search_term_string"}}],"inLanguage":"en-GB"}]}},"_links":{"self":[{"href":"https:\/\/baba.fi\/en\/wp-json\/wp\/v2\/pages\/3084","targetHints":{"allow":["GET"]}}],"collection":[{"href":"https:\/\/baba.fi\/en\/wp-json\/wp\/v2\/pages"}],"about":[{"href":"https:\/\/baba.fi\/en\/wp-json\/wp\/v2\/types\/page"}],"author":[{"embeddable":true,"href":"https:\/\/baba.fi\/en\/wp-json\/wp\/v2\/users\/1"}],"replies":[{"embeddable":true,"href":"https:\/\/baba.fi\/en\/wp-json\/wp\/v2\/comments?post=3084"}],"version-history":[{"count":4,"href":"https:\/\/baba.fi\/en\/wp-json\/wp\/v2\/pages\/3084\/revisions"}],"predecessor-version":[{"id":4285,"href":"https:\/\/baba.fi\/en\/wp-json\/wp\/v2\/pages\/3084\/revisions\/4285"}],"wp:attachment":[{"href":"https:\/\/baba.fi\/en\/wp-json\/wp\/v2\/media?parent=3084"}],"curies":[{"name":"wp","href":"https:\/\/api.w.org\/{rel}","templated":true}]}}