{"id":681,"date":"2022-04-13T10:17:21","date_gmt":"2022-04-13T10:17:21","guid":{"rendered":"https:\/\/baba.fi\/cart\/"},"modified":"2023-08-09T10:12:29","modified_gmt":"2023-08-09T10:12:29","slug":"cart","status":"publish","type":"page","link":"https:\/\/baba.fi\/en\/cart\/","title":{"rendered":"Cart"},"content":{"rendered":"<p>[et_pb_section fb_built=&#8221;1&#8243; custom_padding_last_edited=&#8221;on|phone&#8221; _builder_version=&#8221;4.17.1&#8243; _module_preset=&#8221;default&#8221; custom_padding_tablet=&#8221;|30px||30px|false|true&#8221; custom_padding_phone=&#8221;|30px||30px|false|true&#8221; global_colors_info=&#8221;{}&#8221;][et_pb_row _builder_version=&#8221;4.17.1&#8243; _module_preset=&#8221;default&#8221; width=&#8221;100%&#8221; max_width=&#8221;1300px&#8221; module_alignment=&#8221;center&#8221; global_colors_info=&#8221;{}&#8221;][et_pb_column type=&#8221;4_4&#8243; _builder_version=&#8221;4.17.1&#8243; _module_preset=&#8221;default&#8221; global_colors_info=&#8221;{}&#8221;][et_pb_text _builder_version=&#8221;4.17.3&#8243; _module_preset=&#8221;default&#8221; header_3_font=&#8221;Poppins|600|||||||&#8221; header_3_text_color=&#8221;#27221b&#8221; global_colors_info=&#8221;{}&#8221;]<\/p>\n<h3>OSTOSKORI<\/h3>\n<p>[\/et_pb_text][et_pb_wc_cart_notice module_id=&#8221;cart-page-woo-notice&#8221; module_class=&#8221;cart-page-notice&#8221; _builder_version=&#8221;4.17.3&#8243; _module_preset=&#8221;default&#8221; custom_button=&#8221;on&#8221; button_text_size=&#8221;18px&#8221; button_text_color=&#8221;#ffffff&#8221; button_bg_color=&#8221;#8c2875&#8243; button_border_width=&#8221;0px&#8221; button_border_radius=&#8221;0px&#8221; button_font=&#8221;|600||on|||||&#8221; global_colors_info=&#8221;{}&#8221;][\/et_pb_wc_cart_notice][et_pb_code module_class=&#8221;hide-not-logged-in&#8221; _builder_version=&#8221;4.17.3&#8243; _module_preset=&#8221;default&#8221; display_conditions=&#8221;W3siaWQiOiIxOWQxNjZlMy1mMjc2LTQ3MDYtYTdmYy1iOTYwZjhlY2ZlZTQiLCJjb25kaXRpb24iOiJsb2dnZWRJblN0YXR1cyIsImNvbmRpdGlvblNldHRpbmdzIjp7ImRpc3BsYXlSdWxlIjoibG9nZ2VkSW4iLCJhZG1pbkxhYmVsIjoiRm9yIGxvZ2dlZCBJbiB1c2VyIiwiZW5hYmxlQ29uZGl0aW9uIjoib24ifSwib3BlcmF0b3IiOiJPUiJ9LHsiaWQiOiI2NzliYWE3Ny03YTEwLTRkZTAtYmI2Yi05ODY2NWU1YmQ5YWMiLCJjb25kaXRpb24iOiJ1c2VyUm9sZSIsImNvbmRpdGlvblNldHRpbmdzIjp7ImRpc3BsYXlSdWxlIjoiaXMiLCJ1c2VyUm9sZXMiOlt7ImxhYmVsIjoiWXJpdHlzYXNpYWthcyIsInZhbHVlIjoieXJpdHlzYXNpYWthcyJ9XSwidXNlcklkcyI6IlVzZXIgSURzIHNlcGFyYXRlZCBieSBjb21tYXMiLCJhZG1pbkxhYmVsIjoiVXNlciBSb2xlIiwiZW5hYmxlQ29uZGl0aW9uIjoib24ifSwib3BlcmF0b3IiOiJPUiJ9XQ==&#8221; global_colors_info=&#8221;{}&#8221;]<pee class=\"return-to-shop\"><!-- [et_pb_line_break_holder] -->\t\t<a class=\"button wc-backward\" href=\"https:\/\/baba.fi\/en\/tuotteet\/food-service\/\"><!-- [et_pb_line_break_holder] -->\t\t\ttakaisin kauppaan\t\t<\/a><!-- [et_pb_line_break_holder] -->\t<\/pee>[\/et_pb_code][et_pb_code admin_label=&#8221;Consumer Order&#8221; module_id=&#8221;consumer-cart&#8221; module_class=&#8221;consumer-cart&#8221; _builder_version=&#8221;4.17.3&#8243; _module_preset=&#8221;default&#8221; global_colors_info=&#8221;{}&#8221;]<pee class=\"return-to-shop\"><!-- [et_pb_line_break_holder] -->\t\t<a class=\"button wc-backward\" href=\"https:\/\/baba.fi\/en\/kuluttajakauppa\/\"><!-- [et_pb_line_break_holder] -->\t\t\tReturn to shop\t\t<\/a><!-- [et_pb_line_break_holder] -->\t<\/pee>[\/et_pb_code][et_pb_wc_cart_products placeholder_color=&#8221;#27221b&#8221; show_coupon_code=&#8221;off&#8221; table_header_background_color=&#8221;#d1b8cb&#8221; _builder_version=&#8221;4.19.5&#8243; icon_text_color=&#8221;#bdb4a7&#8243; form_field_background_color=&#8221;#FFFFFF&#8221; form_field_text_color=&#8221;#27221b&#8221; form_field_custom_padding=&#8221;0px|0px|0px|0px|true|true&#8221; body_font=&#8221;Poppins|700|||||||&#8221; body_text_color=&#8221;#474141&#8243; body_font_size=&#8221;16px&#8221; link_font=&#8221;Poppins||||||||&#8221; link_text_color=&#8221;#474141&#8243; link_font_size=&#8221;16px&#8221; table_header_font=&#8221;Poppins|700|||||||&#8221; table_header_text_color=&#8221;#1a1a1a&#8221; table_header_font_size=&#8221;16px&#8221; form_field_font=&#8221;Poppins|600|||||||&#8221; form_field_text_align=&#8221;center&#8221; form_field_font_size=&#8221;16px&#8221; form_field_line_height=&#8221;1em&#8221; custom_button=&#8221;on&#8221; button_text_size=&#8221;18px&#8221; button_text_color=&#8221;#FFFFFF&#8221; button_bg_color=&#8221;#8c2875&#8243; button_border_width=&#8221;0px&#8221; button_border_radius=&#8221;0px&#8221; button_font=&#8221;Poppins|700||on|||||&#8221; button_use_icon=&#8221;off&#8221; custom_disabled_button=&#8221;on&#8221; disabled_button_text_size=&#8221;18px&#8221; disabled_button_text_color=&#8221;#FFFFFF&#8221; disabled_button_bg_color=&#8221;#8c2875&#8243; disabled_button_border_width=&#8221;0px&#8221; disabled_button_border_radius=&#8221;0px&#8221; disabled_button_font=&#8221;Poppins|700||on|||||&#8221; hover_enabled=&#8221;0&#8243; border_radii_table=&#8221;on|0px|0px|0px|0px&#8221; border_width_all_table=&#8221;0px&#8221; border_width_all_form_field=&#8221;1px&#8221; border_color_all_form_field=&#8221;#dadada&#8221; global_colors_info=&#8221;{}&#8221; module_class=&#8221;custom_cart&#8221; sticky_enabled=&#8221;0&#8243;][\/et_pb_wc_cart_products][et_pb_wc_cart_totals module_class=&#8221;cart-page-shipping&#8221; _builder_version=&#8221;4.17.3&#8243; title_font=&#8221;Poppins|700|||||||&#8221; title_text_align=&#8221;center&#8221; title_text_color=&#8221;#1a1a1a&#8221; title_font_size=&#8221;16px&#8221; column_label_font=&#8221;Poppins|700|||||||&#8221; column_label_text_color=&#8221;#1a1a1a&#8221; column_label_font_size=&#8221;16px&#8221; body_font=&#8221;Poppins|700|||||||&#8221; body_text_color=&#8221;#1a1a1a&#8221; body_font_size=&#8221;16px&#8221; custom_button=&#8221;on&#8221; button_text_color=&#8221;#ffffff&#8221; button_bg_color=&#8221;#fd9117&#8243; button_border_width=&#8221;0px&#8221; button_border_radius=&#8221;0px&#8221; button_font=&#8221;Poppins||||||||&#8221; width=&#8221;50%&#8221; width_tablet=&#8221;50%&#8221; width_phone=&#8221;100%&#8221; width_last_edited=&#8221;on|tablet&#8221; max_width_tablet=&#8221;&#8221; max_width_phone=&#8221;&#8221; max_width_last_edited=&#8221;on|tablet&#8221; module_alignment=&#8221;right&#8221; border_radii_table=&#8221;on|0px|0px|0px|0px&#8221; border_width_all_table=&#8221;0px&#8221; global_colors_info=&#8221;{}&#8221;][\/et_pb_wc_cart_totals][\/et_pb_column][\/et_pb_row][\/et_pb_section][et_pb_section fb_built=&#8221;1&#8243; custom_padding_last_edited=&#8221;on|phone&#8221; _builder_version=&#8221;4.17.1&#8243; custom_padding_tablet=&#8221;|30px||30px|false|true&#8221; custom_padding_phone=&#8221;|30px||30px|false|true&#8221; global_colors_info=&#8221;{}&#8221;][et_pb_row _builder_version=&#8221;4.17.1&#8243; _module_preset=&#8221;default&#8221; width=&#8221;100%&#8221; max_width=&#8221;1300px&#8221; module_alignment=&#8221;center&#8221; global_colors_info=&#8221;{}&#8221;][et_pb_column type=&#8221;4_4&#8243; _builder_version=&#8221;4.17.1&#8243; _module_preset=&#8221;default&#8221; global_colors_info=&#8221;{}&#8221;][et_pb_text _builder_version=&#8221;4.17.1&#8243; _module_preset=&#8221;default&#8221; header_4_font=&#8221;Fierce||||||||&#8221; header_4_text_color=&#8221;#732160&#8243; header_4_font_size=&#8221;50px&#8221; header_4_letter_spacing=&#8221;0.3px&#8221; header_4_line_height=&#8221;1.5em&#8221; global_colors_info=&#8221;{}&#8221;]<\/p>\n<h4>you might also like<\/h4>\n<p>[\/et_pb_text][\/et_pb_column][\/et_pb_row][et_pb_row use_custom_gutter=&#8221;on&#8221; gutter_width=&#8221;2&#8243; _builder_version=&#8221;4.17.1&#8243; background_size=&#8221;initial&#8221; background_position=&#8221;top_left&#8221; background_repeat=&#8221;repeat&#8221; width=&#8221;100%&#8221; max_width=&#8221;1300px&#8221; global_colors_info=&#8221;{}&#8221;][et_pb_column type=&#8221;4_4&#8243; _builder_version=&#8221;4.16&#8243; custom_padding=&#8221;|||&#8221; global_colors_info=&#8221;{}&#8221; custom_padding__hover=&#8221;|||&#8221;][et_pb_wc_related_products posts_number=&#8221;4&#8243; columns_number=&#8221;4&#8243; include_categories=&#8221;32,33,46&#8243; icon_hover_color=&#8221;RGBA(255,255,255,0)&#8221; hover_overlay_color=&#8221;RGBA(255,255,255,0)&#8221; show_price=&#8221;off&#8221; show_rating=&#8221;off&#8221; show_sale_badge=&#8221;off&#8221; _builder_version=&#8221;4.17.3&#8243; _module_preset=&#8221;default&#8221; product_title_font=&#8221;Poppins|600|||||||&#8221; product_title_text_color=&#8221;#474141&#8243; product_title_font_size=&#8221;22px&#8221; background_enable_color=&#8221;off&#8221; module_alignment=&#8221;center&#8221; height=&#8221;100%&#8221; custom_margin=&#8221;|0px|0px||false|false&#8221; global_colors_info=&#8221;{}&#8221;][\/et_pb_wc_related_products][\/et_pb_column][\/et_pb_row][\/et_pb_section]<\/p>","protected":false},"excerpt":{"rendered":"<p>OSTOSKORIsaatat pit\u00e4\u00e4 my\u00f6s<\/p>","protected":false},"author":1,"featured_media":0,"parent":0,"menu_order":0,"comment_status":"closed","ping_status":"closed","template":"","meta":{"_acf_changed":false,"_et_pb_use_builder":"on","_et_pb_old_content":"<!-- wp:shortcode -->\n[woocommerce_cart]\n<!-- \/wp:shortcode -->","_et_gb_content_width":"","om_disable_all_campaigns":false,"footnotes":""},"class_list":["post-681","page","type-page","status-publish","hentry"],"acf":[],"yoast_head":"<!-- This site is optimized with the Yoast SEO plugin v26.4 - https:\/\/yoast.com\/wordpress\/plugins\/seo\/ -->\n<title>Cart - Baba Foods<\/title>\n<meta name=\"robots\" content=\"index, follow, max-snippet:-1, max-image-preview:large, max-video-preview:-1\" \/>\n<link rel=\"canonical\" href=\"https:\/\/baba.fi\/en\/cart\/\" \/>\n<meta property=\"og:locale\" content=\"en_GB\" \/>\n<meta property=\"og:type\" content=\"article\" \/>\n<meta property=\"og:title\" content=\"Cart - Baba Foods\" \/>\n<meta property=\"og:description\" content=\"OSTOSKORIsaatat pit\u00e4\u00e4 my\u00f6s\" \/>\n<meta property=\"og:url\" content=\"https:\/\/baba.fi\/en\/cart\/\" \/>\n<meta property=\"og:site_name\" content=\"Baba Foods\" \/>\n<meta property=\"article:modified_time\" content=\"2023-08-09T10:12:29+00:00\" \/>\n<meta name=\"twitter:card\" content=\"summary_large_image\" \/>\n<meta name=\"twitter:label1\" content=\"Estimated reading time\" \/>\n\t<meta name=\"twitter:data1\" content=\"1 minute\" \/>\n<script type=\"application\/ld+json\" class=\"yoast-schema-graph\">{\"@context\":\"https:\/\/schema.org\",\"@graph\":[{\"@type\":\"WebPage\",\"@id\":\"https:\/\/baba.fi\/cart\/\",\"url\":\"https:\/\/baba.fi\/cart\/\",\"name\":\"Cart - Baba Foods\",\"isPartOf\":{\"@id\":\"https:\/\/baba.fi\/en\/#website\"},\"datePublished\":\"2022-04-13T10:17:21+00:00\",\"dateModified\":\"2023-08-09T10:12:29+00:00\",\"breadcrumb\":{\"@id\":\"https:\/\/baba.fi\/cart\/#breadcrumb\"},\"inLanguage\":\"en-GB\",\"potentialAction\":[{\"@type\":\"ReadAction\",\"target\":[\"https:\/\/baba.fi\/cart\/\"]}]},{\"@type\":\"BreadcrumbList\",\"@id\":\"https:\/\/baba.fi\/cart\/#breadcrumb\",\"itemListElement\":[{\"@type\":\"ListItem\",\"position\":1,\"name\":\"Etusivu\",\"item\":\"https:\/\/baba.fi\/\"},{\"@type\":\"ListItem\",\"position\":2,\"name\":\"Cart\"}]},{\"@type\":\"WebSite\",\"@id\":\"https:\/\/baba.fi\/en\/#website\",\"url\":\"https:\/\/baba.fi\/en\/\",\"name\":\"Baba Foods\",\"description\":\"L\u00e4hi-id\u00e4n kasvisruokaa Suomessa valmistettuna\",\"potentialAction\":[{\"@type\":\"SearchAction\",\"target\":{\"@type\":\"EntryPoint\",\"urlTemplate\":\"https:\/\/baba.fi\/en\/?s={search_term_string}\"},\"query-input\":{\"@type\":\"PropertyValueSpecification\",\"valueRequired\":true,\"valueName\":\"search_term_string\"}}],\"inLanguage\":\"en-GB\"}]}<\/script>\n<!-- \/ Yoast SEO plugin. -->","yoast_head_json":{"title":"Cart - Baba Foods","robots":{"index":"index","follow":"follow","max-snippet":"max-snippet:-1","max-image-preview":"max-image-preview:large","max-video-preview":"max-video-preview:-1"},"canonical":"https:\/\/baba.fi\/en\/cart\/","og_locale":"en_GB","og_type":"article","og_title":"Cart - Baba Foods","og_description":"OSTOSKORIsaatat pit\u00e4\u00e4 my\u00f6s","og_url":"https:\/\/baba.fi\/en\/cart\/","og_site_name":"Baba Foods","article_modified_time":"2023-08-09T10:12:29+00:00","twitter_card":"summary_large_image","twitter_misc":{"Estimated reading time":"1 minute"},"schema":{"@context":"https:\/\/schema.org","@graph":[{"@type":"WebPage","@id":"https:\/\/baba.fi\/cart\/","url":"https:\/\/baba.fi\/cart\/","name":"Cart - Baba Foods","isPartOf":{"@id":"https:\/\/baba.fi\/en\/#website"},"datePublished":"2022-04-13T10:17:21+00:00","dateModified":"2023-08-09T10:12:29+00:00","breadcrumb":{"@id":"https:\/\/baba.fi\/cart\/#breadcrumb"},"inLanguage":"en-GB","potentialAction":[{"@type":"ReadAction","target":["https:\/\/baba.fi\/cart\/"]}]},{"@type":"BreadcrumbList","@id":"https:\/\/baba.fi\/cart\/#breadcrumb","itemListElement":[{"@type":"ListItem","position":1,"name":"Etusivu","item":"https:\/\/baba.fi\/"},{"@type":"ListItem","position":2,"name":"Cart"}]},{"@type":"WebSite","@id":"https:\/\/baba.fi\/en\/#website","url":"https:\/\/baba.fi\/en\/","name":"Baba Foods","description":"Middle Eastern vegetarian food produced in Finland","potentialAction":[{"@type":"SearchAction","target":{"@type":"EntryPoint","urlTemplate":"https:\/\/baba.fi\/en\/?s={search_term_string}"},"query-input":{"@type":"PropertyValueSpecification","valueRequired":true,"valueName":"search_term_string"}}],"inLanguage":"en-GB"}]}},"_links":{"self":[{"href":"https:\/\/baba.fi\/en\/wp-json\/wp\/v2\/pages\/681","targetHints":{"allow":["GET"]}}],"collection":[{"href":"https:\/\/baba.fi\/en\/wp-json\/wp\/v2\/pages"}],"about":[{"href":"https:\/\/baba.fi\/en\/wp-json\/wp\/v2\/types\/page"}],"author":[{"embeddable":true,"href":"https:\/\/baba.fi\/en\/wp-json\/wp\/v2\/users\/1"}],"replies":[{"embeddable":true,"href":"https:\/\/baba.fi\/en\/wp-json\/wp\/v2\/comments?post=681"}],"version-history":[{"count":42,"href":"https:\/\/baba.fi\/en\/wp-json\/wp\/v2\/pages\/681\/revisions"}],"predecessor-version":[{"id":4969,"href":"https:\/\/baba.fi\/en\/wp-json\/wp\/v2\/pages\/681\/revisions\/4969"}],"wp:attachment":[{"href":"https:\/\/baba.fi\/en\/wp-json\/wp\/v2\/media?parent=681"}],"curies":[{"name":"wp","href":"https:\/\/api.w.org\/{rel}","templated":true}]}}