{"id":6847,"date":"2025-07-03T13:10:36","date_gmt":"2025-07-03T13:10:36","guid":{"rendered":"https:\/\/baba.fi\/?page_id=6847"},"modified":"2025-07-10T11:39:20","modified_gmt":"2025-07-10T11:39:20","slug":"jobs-vahittaiskaupan-asiakkuusvastaava","status":"publish","type":"page","link":"https:\/\/baba.fi\/en\/jobs-vahittaiskaupan-asiakkuusvastaava\/","title":{"rendered":"AVOIMET TY\u00d6PAIKAT"},"content":{"rendered":"<p>[et_pb_section fb_built=&#8221;1&#8243; custom_padding_last_edited=&#8221;on|desktop&#8221; _builder_version=&#8221;4.19.5&#8243; _module_preset=&#8221;default&#8221; background_image=&#8221;https:\/\/baba.fi\/wp-content\/uploads\/2022\/05\/Mask-Group-22.png&#8221; custom_padding=&#8221;120px||120px||true|false&#8221; custom_padding_tablet=&#8221;120px||120px||true|false&#8221; custom_padding_phone=&#8221;120px||120px||true|false&#8221; collapsed=&#8221;off&#8221; global_colors_info=&#8221;{}&#8221;][et_pb_row _builder_version=&#8221;4.19.0&#8243; _module_preset=&#8221;default&#8221; background_enable_color=&#8221;off&#8221; width_tablet=&#8221;100%&#8221; width_phone=&#8221;100%&#8221; width_last_edited=&#8221;on|phone&#8221; module_alignment=&#8221;center&#8221; custom_padding=&#8221;||||false|false&#8221; background_color_tablet=&#8221;rgba(253,250,242,0.8)&#8221; background_last_edited=&#8221;on|tablet&#8221; background_enable_color_tablet=&#8221;on&#8221; collapsed=&#8221;off&#8221; global_colors_info=&#8221;{}&#8221;][et_pb_column type=&#8221;4_4&#8243; _builder_version=&#8221;4.17.0&#8243; _module_preset=&#8221;default&#8221; global_colors_info=&#8221;{}&#8221;][et_pb_blurb title=&#8221;AVOIMET TY\u00d6PAIKAT&#8221; admin_label=&#8221;Blurb&#8221; module_class=&#8221;home-banner&#8221; _builder_version=&#8221;4.27.4&#8243; _module_preset=&#8221;default&#8221; header_level=&#8221;h1&#8243; header_font=&#8221;Fierce||||||||&#8221; header_text_align=&#8221;center&#8221; header_font_size=&#8221;60px&#8221; header_line_height=&#8221;1.5em&#8221; body_font=&#8221;Poppins||||||||&#8221; body_font_size=&#8221;16px&#8221; body_line_height=&#8221;20px&#8221; background_enable_image=&#8221;off&#8221; text_orientation=&#8221;center&#8221; module_alignment=&#8221;center&#8221; custom_padding=&#8221;80px|20px|80px|20px|true|true&#8221; custom_padding_tablet=&#8221;40px|60px|40px|60px|true|true&#8221; custom_padding_phone=&#8221;50px|40px|50px|40px|true|true&#8221; custom_padding_last_edited=&#8221;on|phone&#8221; header_font_size_tablet=&#8221;41px&#8221; header_font_size_phone=&#8221;30px&#8221; header_font_size_last_edited=&#8221;on|phone&#8221; header_line_height_tablet=&#8221;1.5em&#8221; header_line_height_phone=&#8221;1em&#8221; header_line_height_last_edited=&#8221;on|phone&#8221; global_colors_info=&#8221;{}&#8221;][\/et_pb_blurb][\/et_pb_column][\/et_pb_row][\/et_pb_section][et_pb_section fb_built=&#8221;1&#8243; custom_padding_last_edited=&#8221;on|phone&#8221; _builder_version=&#8221;4.17.3&#8243; _module_preset=&#8221;default&#8221; custom_padding=&#8221;|20px||20px|false|true&#8221; custom_padding_tablet=&#8221;|20px||20px|false|true&#8221; custom_padding_phone=&#8221;|20px||20px|false|true&#8221; global_colors_info=&#8221;{}&#8221;][et_pb_row _builder_version=&#8221;4.17.0&#8243; _module_preset=&#8221;default&#8221; custom_padding=&#8221;||0px||false|false&#8221; global_colors_info=&#8221;{}&#8221;][et_pb_column type=&#8221;4_4&#8243; _builder_version=&#8221;4.17.0&#8243; _module_preset=&#8221;default&#8221; global_colors_info=&#8221;{}&#8221;][et_pb_text _builder_version=&#8221;4.27.4&#8243; _module_preset=&#8221;default&#8221; header_2_font=&#8221;Fierce||||||||&#8221; header_2_font_size=&#8221;50px&#8221; text_orientation=&#8221;center&#8221; header_2_font_size_tablet=&#8221;40px&#8221; header_2_font_size_phone=&#8221;30px&#8221; header_2_font_size_last_edited=&#8221;on|tablet&#8221; global_colors_info=&#8221;{}&#8221;]<\/p>\n<h2><span data-sheets-value=\"{&quot;1&quot;:2,&quot;2&quot;:&quot;Meid\u00e4n tarinamme&quot;}\" data-sheets-userformat=\"{&quot;2&quot;:513,&quot;3&quot;:{&quot;1&quot;:0},&quot;12&quot;:0}\">V\u00c4HITT\u00c4ISKAUPAN ASIAKKUUSVASTAAVA<\/span><\/h2>\n<p>[\/et_pb_text][\/et_pb_column][\/et_pb_row][\/et_pb_section][et_pb_section fb_built=&#8221;1&#8243; custom_padding_last_edited=&#8221;on|phone&#8221; module_id=&#8221;tarina-quote-section&#8221; module_class=&#8221;tarina-quote-section&#8221; _builder_version=&#8221;4.27.4&#8243; _module_preset=&#8221;default&#8221; background_color=&#8221;#f5efe9&#8243; min_height=&#8221;853px&#8221; min_height_tablet=&#8221;677px&#8221; min_height_phone=&#8221;682px&#8221; min_height_last_edited=&#8221;on|tablet&#8221; height=&#8221;1700px&#8221; height_tablet=&#8221;&#8221; height_phone=&#8221;985px&#8221; height_last_edited=&#8221;on|phone&#8221; max_height=&#8221;1800px&#8221; max_height_tablet=&#8221;&#8221; max_height_phone=&#8221;1061px&#8221; max_height_last_edited=&#8221;on|phone&#8221; custom_margin=&#8221;||-15px||false|false&#8221; custom_padding=&#8221;||23px|||&#8221; custom_padding_tablet=&#8221;&#8221; custom_padding_phone=&#8221;||229px||false|false&#8221; global_colors_info=&#8221;{}&#8221;][et_pb_row custom_padding_last_edited=&#8221;on|phone&#8221; _builder_version=&#8221;4.19.5&#8243; _module_preset=&#8221;default&#8221; width=&#8221;90.4%&#8221; width_tablet=&#8221;100%&#8221; width_phone=&#8221;100%&#8221; width_last_edited=&#8221;on|phone&#8221; max_width=&#8221;1462px&#8221; min_height=&#8221;166.4px&#8221; height=&#8221;396px&#8221; custom_margin=&#8221;-31px||||false|false&#8221; custom_margin_tablet=&#8221;-31px||||false|false&#8221; custom_margin_phone=&#8221;-31px||||false|false&#8221; custom_margin_last_edited=&#8221;on|desktop&#8221; custom_padding=&#8221;18px|0px||0px||&#8221; custom_padding_tablet=&#8221;18px|||0px||&#8221; custom_padding_phone=&#8221;18px||30px|0px|false|false&#8221; global_colors_info=&#8221;{}&#8221;][et_pb_column type=&#8221;4_4&#8243; _builder_version=&#8221;4.19.0&#8243; _module_preset=&#8221;default&#8221; global_colors_info=&#8221;{}&#8221;][et_pb_text _builder_version=&#8221;4.27.4&#8243; _module_preset=&#8221;default&#8221; header_2_font=&#8221;Fierce||||||||&#8221; header_2_font_size=&#8221;36px&#8221; header_2_letter_spacing=&#8221;0.3px&#8221; header_2_line_height=&#8221;1.5em&#8221; header_4_font=&#8221;Fierce||||||||&#8221; header_4_text_color=&#8221;#474141&#8243; header_4_font_size=&#8221;27px&#8221; header_4_letter_spacing=&#8221;0.3px&#8221; header_4_line_height=&#8221;1.5em&#8221; text_orientation=&#8221;center&#8221; width=&#8221;100%&#8221; module_alignment=&#8221;center&#8221; custom_margin_tablet=&#8221;&#8221; custom_margin_phone=&#8221;-26px||||false|false&#8221; custom_margin_last_edited=&#8221;on|phone&#8221; custom_padding=&#8221;|90px||90px|false|true&#8221; custom_padding_tablet=&#8221;|50px||50px|false|true&#8221; custom_padding_phone=&#8221;|20px|15px|20px|false|true&#8221; custom_padding_last_edited=&#8221;on|phone&#8221; header_font_tablet=&#8221;&#8221; header_font_phone=&#8221;&#8221; header_font_last_edited=&#8221;on|phone&#8221; header_2_font_size_tablet=&#8221;40px&#8221; header_2_font_size_phone=&#8221;30px&#8221; header_2_font_size_last_edited=&#8221;on|tablet&#8221; header_4_font_size_tablet=&#8221;27px&#8221; header_4_font_size_phone=&#8221;20px&#8221; header_4_font_size_last_edited=&#8221;on|phone&#8221; header_4_line_height_tablet=&#8221;1.5em&#8221; header_4_line_height_phone=&#8221;1em&#8221; header_4_line_height_last_edited=&#8221;on|phone&#8221; global_colors_info=&#8221;{}&#8221;]<\/p>\n<h2><span>Baba Foods etsii V\u00e4hitt\u00e4iskaupan asiakkuusvastaavaa<\/span><\/h2>\n<p>Herkullista myyntity\u00f6t\u00e4 tarjolla, liity Baba Foodsin kasvutarinaan!<\/p>\n<p>Oletko elintarvikealan kentt\u00e4ty\u00f6st\u00e4 innostuva myynnin ammattilainen, joka syttyy yhdess\u00e4 tekemisest\u00e4 ja tuloksista? Baba Foods etsii nyt asiakkuusvastaavaa, joka vastaa v\u00e4hitt\u00e4iskaupan asiakkuuksistamme ja osallistuu aktiivisesti myynnin edist\u00e4miseen myym\u00e4l\u00e4tasolla.<\/p>\n<p><strong>Baba Foods lyhyesti<\/strong><\/p>\n<p>Baba Foods on suomalainen, nopeasti kasvava perheyritys, joka valmistaa rakkaudella V\u00e4limeren inspiroimia, herkullisia kasvisruokia. Tuotteemme l\u00f6ytyv\u00e4t niin kauppojen hyllyilt\u00e4 kuin ravintoloiden listoiltakin ja niit\u00e4 rakastetaan. Yrityksemme kasvaa ja kehittyy, ja samalla haluamme tarjota ty\u00f6ntekij\u00f6illemme mahdollisuuden kasvaa mukana.<\/p>\n<p><strong>Teht\u00e4v\u00e4nkuva<\/strong><\/p>\n<p>Asiakkuusvastaavana vastaat nimetyist\u00e4 v\u00e4hitt\u00e4iskaupan asiakkuuksista ja niiden kehitt\u00e4misest\u00e4. Ty\u00f6si on k\u00e4yt\u00e4nn\u00f6nl\u00e4heist\u00e4 ja monipuolista, toteutat kampanjoita, maistatuksia ja ideoita suoraan kent\u00e4lle sek\u00e4 toimit asiakassuhteiden aktiivisena rakentajana.<\/p>\n<p>&nbsp;<\/p>\n<p><strong>P\u00e4ivitt\u00e4isi\u00e4 teht\u00e4vi\u00e4si voivat olla esimerkiksi:<\/strong><\/p>\n<p>\u00b7 Aktiivinen yhteisty\u00f6 v\u00e4hitt\u00e4iskaupan asiakkaiden kanssa<\/p>\n<p>\u00b7 Kauppakohtaisten myyntitoimenpiteiden suunnittelu ja toteutus<\/p>\n<p>\u00b7 Esillepanojen ja POS-materiaalien ideointi, esitt\u00e4minen ja jalkautus<\/p>\n<p>\u00b7 Maistatusten j\u00e4rjest\u00e4minen (my\u00f6s itse toteuttaen tarvittaessa)<\/p>\n<p>\u00b7 Myyntikampanjoiden seuranta ja raportointi<\/p>\n<p>\u00b7 Osallistuminen messuihin ja tapahtumiin yrityksen edustajana<\/p>\n<p>&nbsp;<\/p>\n<p><strong>Odotamme sinulta<\/strong><\/p>\n<p>\u00b7 Kokemusta elintarvikealalta, erityisesti v\u00e4hitt\u00e4iskaupasta ja\/tai myynninedist\u00e4misest\u00e4 kent\u00e4ll\u00e4<\/p>\n<p>\u00b7 N\u00e4kemyst\u00e4 siit\u00e4, miten myynti\u00e4 tehd\u00e4\u00e4n k\u00e4yt\u00e4nn\u00f6ss\u00e4 myym\u00e4l\u00e4ymp\u00e4rist\u00f6ss\u00e4<\/p>\n<p>\u00b7 Aktiivista, oma-aloitteista ja ratkaisukeskeist\u00e4 ty\u00f6otetta<\/p>\n<p>\u00b7 Yritt\u00e4j\u00e4henkist\u00e4 asennetta ja oppimishalua<\/p>\n<p>\u00b7 Valmiutta liikkua asiakask\u00e4ynneill\u00e4 (ajokortti vaaditaan)<\/p>\n<p>\u00b7 Sujuvaa suomen kielen taitoa, englannin kieli eduksi<\/p>\n<p>Meille on t\u00e4rke\u00e4\u00e4, ett\u00e4 sinulla on aitoa kiinnostusta kehitt\u00e4\u00e4 ja kehitty\u00e4 sek\u00e4 halua sitoutua kasvavaan yritykseen, jossa arvostetaan tiimihenke\u00e4, avoimuutta ja k\u00e4yt\u00e4nn\u00f6n tekemist\u00e4.<\/p>\n<p>&nbsp;<\/p>\n<p><strong>Tarjoamme sinulle<\/strong><\/p>\n<p>\u00b7 Mahdollisuuden kasvaa roolissa ja yrityksen mukana<\/p>\n<p>\u00b7 Vastuullisen ja vaikuttavan teht\u00e4v\u00e4n, jossa ty\u00f6n j\u00e4lki n\u00e4kyy<\/p>\n<p>\u00b7 Positiivisen, l\u00e4mminhenkisen ja tehokkaan ty\u00f6yhteis\u00f6n<\/p>\n<p>\u00b7 Selke\u00e4t toimintatavat ja mahdollisuuden vaikuttaa omaan ty\u00f6nkuvaan<\/p>\n<p>&nbsp;<\/p>\n<p><strong>Teht\u00e4v\u00e4 on vakituinen ja alkaa sopimuksen mukaan.<\/strong><\/p>\n<p>[\/et_pb_text][\/et_pb_column][\/et_pb_row][\/et_pb_section][et_pb_section fb_built=&#8221;1&#8243; module_id=&#8221;chef-section&#8221; module_class=&#8221;chef-section retail-store-section&#8221; _builder_version=&#8221;4.27.4&#8243; _module_preset=&#8221;default&#8221; background_color=&#8221;#fdfaf2&#8243; min_height=&#8221;313px&#8221; min_height_tablet=&#8221;313px&#8221; min_height_phone=&#8221;462px&#8221; min_height_last_edited=&#8221;on|phone&#8221; height=&#8221;409px&#8221; height_tablet=&#8221;389px&#8221; height_phone=&#8221;650px&#8221; height_last_edited=&#8221;on|phone&#8221; max_height=&#8221;396px&#8221; max_height_tablet=&#8221;396px&#8221; max_height_phone=&#8221;369px&#8221; max_height_last_edited=&#8221;on|phone&#8221; custom_margin=&#8221;||-19px||false|false&#8221; custom_margin_tablet=&#8221;||||false|false&#8221; custom_margin_phone=&#8221;149px||80px||false|false&#8221; custom_margin_last_edited=&#8221;on|phone&#8221; custom_padding=&#8221;8px|20px||20px|false|true&#8221; global_colors_info=&#8221;{}&#8221;][et_pb_row _builder_version=&#8221;4.19.5&#8243; _module_preset=&#8221;default&#8221; global_colors_info=&#8221;{}&#8221;][et_pb_column type=&#8221;4_4&#8243; _builder_version=&#8221;4.19.5&#8243; _module_preset=&#8221;default&#8221; global_colors_info=&#8221;{}&#8221;][et_pb_text _builder_version=&#8221;4.19.5&#8243; _module_preset=&#8221;default&#8221; header_2_font=&#8221;Fierce||||||||&#8221; header_2_font_size=&#8221;46px&#8221; header_2_letter_spacing=&#8221;0.3px&#8221; header_2_line_height=&#8221;1.5em&#8221; header_3_font=&#8221;Fierce||||||||&#8221; header_3_font_size=&#8221;49px&#8221; custom_margin=&#8221;0px||-10px||false|false&#8221; custom_margin_tablet=&#8221;0px||-10px||false|false&#8221; custom_margin_phone=&#8221;-15px||-40px||false|false&#8221; custom_margin_last_edited=&#8221;on|phone&#8221; global_colors_info=&#8221;{}&#8221;]<\/p>\n<h2>HAE TEHT\u00c4V\u00c4\u00c4:<\/h2>\n<p>[\/et_pb_text][\/et_pb_column][\/et_pb_row][et_pb_row _builder_version=&#8221;4.19.5&#8243; _module_preset=&#8221;default&#8221; custom_margin_tablet=&#8221;-15px||||false|false&#8221; custom_margin_phone=&#8221;-15px||||false|false&#8221; custom_margin_last_edited=&#8221;on|tablet&#8221; global_colors_info=&#8221;{}&#8221;][et_pb_column type=&#8221;4_4&#8243; _builder_version=&#8221;4.19.5&#8243; _module_preset=&#8221;default&#8221; global_colors_info=&#8221;{}&#8221;][et_pb_text _builder_version=&#8221;4.27.4&#8243; _module_preset=&#8221;default&#8221; global_colors_info=&#8221;{}&#8221;]<\/p>\n<p>L\u00e4het\u00e4 avoin hakemuksesi, CV:si ja palkkatoiveesi sek\u00e4 toiveesi palkkausmallista osoitteeseen: rekry@baba.fi Hae teht\u00e4v\u00e4\u00e4 viimeist\u00e4\u00e4n 10.8.2025, k\u00e4sittelemme hakemuksia jo hakuaikana ja teht\u00e4v\u00e4 voidaan t\u00e4ytt\u00e4\u00e4 heti sopivan henkil\u00f6n l\u00f6ydytty\u00e4<\/p>\n<p><b>HAKEMUKSET S\u00c4HK\u00d6POSTITSE: <a href=\"mailto:rekry@baba.fi\">rekry@baba.fi<\/a><\/b><\/p>\n<p><b><\/b><\/p>\n<p>Lis\u00e4tietoja teht\u00e4v\u00e4st\u00e4 antaa: Ronit Hovav-Halonen, ronit@baba.fi<\/p>\n<p>[\/et_pb_text][\/et_pb_column][\/et_pb_row][\/et_pb_section][et_pb_section fb_built=&#8221;1&#8243; _builder_version=&#8221;4.19.5&#8243; _module_preset=&#8221;default&#8221; min_height=&#8221;100px&#8221; custom_margin_tablet=&#8221;&#8221; custom_margin_phone=&#8221;-122px||-17px||false|false&#8221; custom_margin_last_edited=&#8221;on|phone&#8221; custom_padding=&#8221;|20px||20px|false|true&#8221; global_colors_info=&#8221;{}&#8221;][et_pb_row _builder_version=&#8221;4.27.4&#8243; _module_preset=&#8221;default&#8221; global_colors_info=&#8221;{}&#8221;][et_pb_column type=&#8221;4_4&#8243; _builder_version=&#8221;4.27.4&#8243; _module_preset=&#8221;default&#8221; global_colors_info=&#8221;{}&#8221;][et_pb_testimonial author=&#8221;Palautetta tiimilt\u00e4mme&#8221; portrait_url=&#8221;data:image\/svg+xml;base64,PHN2ZyB3aWR0aD0iNTAwIiBoZWlnaHQ9IjUwMCIgdmlld0JveD0iMCAwIDUwMCA1MDAiIHhtbG5zPSJodHRwOi8vd3d3LnczLm9yZy8yMDAwL3N2ZyI+CiAgICA8ZyBmaWxsPSJub25lIiBmaWxsLXJ1bGU9ImV2ZW5vZGQiPgogICAgICAgIDxwYXRoIGZpbGw9IiNFQkVCRUIiIGQ9Ik0wIDBoNTAwdjUwMEgweiIvPgogICAgICAgIDxyZWN0IGZpbGwtb3BhY2l0eT0iLjEiIGZpbGw9IiMwMDAiIHg9IjY4IiB5PSIzMDUiIHdpZHRoPSIzNjQiIGhlaWdodD0iNTY4IiByeD0iMTgyIi8+CiAgICAgICAgPGNpcmNsZSBmaWxsLW9wYWNpdHk9Ii4xIiBmaWxsPSIjMDAwIiBjeD0iMjQ5IiBjeT0iMTcyIiByPSIxMDAiLz4KICAgIDwvZz4KPC9zdmc+Cg==&#8221; _builder_version=&#8221;4.27.4&#8243; _module_preset=&#8221;default&#8221; global_colors_info=&#8221;{}&#8221;]<\/p>\n<p><em>&#8221;Baba Foodsilla on hyv\u00e4 henki, tekemisen meininki ja mahdollisuus vaikuttaa omalla panoksellaan sek\u00e4 ty\u00f6n sis\u00e4lt\u00f6\u00f6n ett\u00e4 koko yrityksen kasvuun.&#8221;<\/em><\/p>\n<p>[\/et_pb_testimonial][\/et_pb_column][\/et_pb_row][\/et_pb_section][et_pb_section fb_built=&#8221;1&#8243; admin_label=&#8221;Instagram-footer-text&#8221; module_id=&#8221;insta-footer&#8221; module_class=&#8221;insta-footer&#8221; _builder_version=&#8221;4.17.3&#8243; _module_preset=&#8221;default&#8221; background_color=&#8221;#cfe1e3&#8243; global_module=&#8221;2586&#8243; saved_tabs=&#8221;all&#8221; global_colors_info=&#8221;{}&#8221;][et_pb_row use_custom_gutter=&#8221;on&#8221; gutter_width=&#8221;1&#8243; make_equal=&#8221;on&#8221; _builder_version=&#8221;4.17.3&#8243; _module_preset=&#8221;default&#8221; width=&#8221;100%&#8221; global_colors_info=&#8221;{}&#8221;][et_pb_column type=&#8221;4_4&#8243; _builder_version=&#8221;4.17.3&#8243; _module_preset=&#8221;default&#8221; global_colors_info=&#8221;{}&#8221;][et_pb_text _builder_version=&#8221;4.17.3&#8243; _module_preset=&#8221;default&#8221; header_2_font=&#8221;Fierce||||||||&#8221; header_2_text_color=&#8221;#1a1a1a&#8221; header_2_font_size=&#8221;60px&#8221; header_2_letter_spacing=&#8221;0.3px&#8221; header_2_line_height=&#8221;1.5em&#8221; header_4_font=&#8221;Poppins|700|||||||&#8221; header_4_font_size=&#8221;36px&#8221; text_orientation=&#8221;center&#8221; header_2_font_size_tablet=&#8221;40px&#8221; header_2_font_size_phone=&#8221;30px&#8221; header_2_font_size_last_edited=&#8221;on|phone&#8221; global_colors_info=&#8221;{}&#8221;]<\/p>\n<h2>Are you already following us on Instagram?<\/h2>\n<h4><a href=\"https:\/\/www.instagram.com\/baba.fi\/\" target=\"_blank\" rel=\"noopener\" title=\"@baba.fi\">@baba.fi<\/a><\/h4>\n<p>[\/et_pb_text][\/et_pb_column][\/et_pb_row][\/et_pb_section][et_pb_section fb_built=&#8221;1&#8243; fullwidth=&#8221;on&#8221; admin_label=&#8221;Instagram Code&#8221; _builder_version=&#8221;4.17.3&#8243; _module_preset=&#8221;default&#8221; background_color=&#8221;#cfe1e3&#8243; global_module=&#8221;2589&#8243; saved_tabs=&#8221;all&#8221; global_colors_info=&#8221;{}&#8221;][et_pb_fullwidth_code _builder_version=&#8221;4.17.3&#8243; _module_preset=&#8221;default&#8221; global_colors_info=&#8221;{}&#8221;]\n<div id=\"sb_instagram\"  class=\"sbi sbi_mob_col_1 sbi_tab_col_1 sbi_col_6 sbi_width_resp\"\t data-feedid=\"*2\"  data-res=\"auto\" data-cols=\"6\" data-colsmobile=\"1\" data-colstablet=\"1\" data-num=\"6\" data-nummobile=\"4\" data-item-padding=\"0\"\t data-shortcode-atts=\"{&quot;feed&quot;:&quot;2&quot;}\"  data-postid=\"6847\" data-locatornonce=\"4afe67cd9d\" data-imageaspectratio=\"1:1\" data-sbi-flags=\"favorLocal,gdpr\">\n\t\n\t<div id=\"sbi_images\" >\n\t\t\t<\/div>\n\n\t<div id=\"sbi_load\" >\n\n\t\n\t\n<\/div>\n\t\t<span class=\"sbi_resized_image_data\" data-feed-id=\"*2\"\n\t\t  data-resized=\"[]\">\n\t<\/span>\n\t<\/div>\n\n[\/et_pb_fullwidth_code][\/et_pb_section]<\/p>","protected":false},"excerpt":{"rendered":"<p>V\u00c4HITT\u00c4ISKAUPAN ASIAKKUUSVASTAAVABaba Foods etsii V\u00e4hitt\u00e4iskaupan asiakkuusvastaavaa Herkullista myyntity\u00f6t\u00e4 tarjolla, liity Baba Foodsin kasvutarinaan! Oletko elintarvikealan kentt\u00e4ty\u00f6st\u00e4 innostuva myynnin ammattilainen, joka syttyy yhdess\u00e4 tekemisest\u00e4 ja tuloksista? Baba Foods etsii nyt asiakkuusvastaavaa, joka vastaa v\u00e4hitt\u00e4iskaupan asiakkuuksistamme ja osallistuu aktiivisesti myynnin edist\u00e4miseen myym\u00e4l\u00e4tasolla. Baba Foods lyhyesti Baba Foods on suomalainen, nopeasti kasvava perheyritys, joka valmistaa rakkaudella V\u00e4limeren inspiroimia, [&hellip;]<\/p>","protected":false},"author":10,"featured_media":0,"parent":0,"menu_order":0,"comment_status":"closed","ping_status":"closed","template":"","meta":{"_acf_changed":false,"_et_pb_use_builder":"on","_et_pb_old_content":"","_et_gb_content_width":"","om_disable_all_campaigns":false,"footnotes":""},"class_list":["post-6847","page","type-page","status-publish","hentry"],"acf":[],"yoast_head":"<!-- This site is optimized with the Yoast SEO plugin v26.4 - https:\/\/yoast.com\/wordpress\/plugins\/seo\/ -->\n<title>Baba Foods \u2013 Ammattilaisratkaisut ravintoloille<\/title>\n<meta name=\"description\" content=\"Baba Foods tarjoaa laadukkaat it\u00e4isen V\u00e4limeren kasvisratkaisut ravintoloille, kahviloille ja catering\u2011k\u00e4ytt\u00f6\u00f6n \u2013 tutustu valikoimaan!\" \/>\n<meta name=\"robots\" content=\"index, follow, max-snippet:-1, max-image-preview:large, max-video-preview:-1\" \/>\n<link rel=\"canonical\" href=\"https:\/\/baba.fi\/en\/jobs-vahittaiskaupan-asiakkuusvastaava\/\" \/>\n<meta property=\"og:locale\" content=\"en_GB\" \/>\n<meta property=\"og:type\" content=\"article\" \/>\n<meta property=\"og:title\" content=\"Baba Foods \u2013 Ammattilaisratkaisut ravintoloille\" \/>\n<meta property=\"og:description\" content=\"Baba Foods tarjoaa laadukkaat it\u00e4isen V\u00e4limeren kasvisratkaisut ravintoloille, kahviloille ja catering\u2011k\u00e4ytt\u00f6\u00f6n \u2013 tutustu valikoimaan!\" \/>\n<meta property=\"og:url\" content=\"https:\/\/baba.fi\/en\/jobs-vahittaiskaupan-asiakkuusvastaava\/\" \/>\n<meta property=\"og:site_name\" content=\"Baba Foods\" \/>\n<meta property=\"article:modified_time\" content=\"2025-07-10T11:39:20+00:00\" \/>\n<meta name=\"twitter:card\" content=\"summary_large_image\" \/>\n<meta name=\"twitter:label1\" content=\"Estimated reading time\" \/>\n\t<meta name=\"twitter:data1\" content=\"3 minutes\" \/>\n<script type=\"application\/ld+json\" class=\"yoast-schema-graph\">{\"@context\":\"https:\/\/schema.org\",\"@graph\":[{\"@type\":\"WebPage\",\"@id\":\"https:\/\/baba.fi\/jobs-vahittaiskaupan-asiakkuusvastaava\/\",\"url\":\"https:\/\/baba.fi\/jobs-vahittaiskaupan-asiakkuusvastaava\/\",\"name\":\"Baba Foods \u2013 Ammattilaisratkaisut ravintoloille\",\"isPartOf\":{\"@id\":\"https:\/\/baba.fi\/en\/#website\"},\"datePublished\":\"2025-07-03T13:10:36+00:00\",\"dateModified\":\"2025-07-10T11:39:20+00:00\",\"description\":\"Baba Foods tarjoaa laadukkaat it\u00e4isen V\u00e4limeren kasvisratkaisut ravintoloille, kahviloille ja catering\u2011k\u00e4ytt\u00f6\u00f6n \u2013 tutustu valikoimaan!\",\"breadcrumb\":{\"@id\":\"https:\/\/baba.fi\/jobs-vahittaiskaupan-asiakkuusvastaava\/#breadcrumb\"},\"inLanguage\":\"en-GB\",\"potentialAction\":[{\"@type\":\"ReadAction\",\"target\":[\"https:\/\/baba.fi\/jobs-vahittaiskaupan-asiakkuusvastaava\/\"]}]},{\"@type\":\"BreadcrumbList\",\"@id\":\"https:\/\/baba.fi\/jobs-vahittaiskaupan-asiakkuusvastaava\/#breadcrumb\",\"itemListElement\":[{\"@type\":\"ListItem\",\"position\":1,\"name\":\"Etusivu\",\"item\":\"https:\/\/baba.fi\/\"},{\"@type\":\"ListItem\",\"position\":2,\"name\":\"AVOIMET TY\u00d6PAIKAT\"}]},{\"@type\":\"WebSite\",\"@id\":\"https:\/\/baba.fi\/en\/#website\",\"url\":\"https:\/\/baba.fi\/en\/\",\"name\":\"Baba Foods\",\"description\":\"L\u00e4hi-id\u00e4n kasvisruokaa Suomessa valmistettuna\",\"potentialAction\":[{\"@type\":\"SearchAction\",\"target\":{\"@type\":\"EntryPoint\",\"urlTemplate\":\"https:\/\/baba.fi\/en\/?s={search_term_string}\"},\"query-input\":{\"@type\":\"PropertyValueSpecification\",\"valueRequired\":true,\"valueName\":\"search_term_string\"}}],\"inLanguage\":\"en-GB\"}]}<\/script>\n<!-- \/ Yoast SEO plugin. -->","yoast_head_json":{"title":"Baba Foods \u2013 Ammattilaisratkaisut ravintoloille","description":"Baba Foods tarjoaa laadukkaat it\u00e4isen V\u00e4limeren kasvisratkaisut ravintoloille, kahviloille ja catering\u2011k\u00e4ytt\u00f6\u00f6n \u2013 tutustu valikoimaan!","robots":{"index":"index","follow":"follow","max-snippet":"max-snippet:-1","max-image-preview":"max-image-preview:large","max-video-preview":"max-video-preview:-1"},"canonical":"https:\/\/baba.fi\/en\/jobs-vahittaiskaupan-asiakkuusvastaava\/","og_locale":"en_GB","og_type":"article","og_title":"Baba Foods \u2013 Ammattilaisratkaisut ravintoloille","og_description":"Baba Foods tarjoaa laadukkaat it\u00e4isen V\u00e4limeren kasvisratkaisut ravintoloille, kahviloille ja catering\u2011k\u00e4ytt\u00f6\u00f6n \u2013 tutustu valikoimaan!","og_url":"https:\/\/baba.fi\/en\/jobs-vahittaiskaupan-asiakkuusvastaava\/","og_site_name":"Baba Foods","article_modified_time":"2025-07-10T11:39:20+00:00","twitter_card":"summary_large_image","twitter_misc":{"Estimated reading time":"3 minutes"},"schema":{"@context":"https:\/\/schema.org","@graph":[{"@type":"WebPage","@id":"https:\/\/baba.fi\/jobs-vahittaiskaupan-asiakkuusvastaava\/","url":"https:\/\/baba.fi\/jobs-vahittaiskaupan-asiakkuusvastaava\/","name":"Baba Foods \u2013 Ammattilaisratkaisut ravintoloille","isPartOf":{"@id":"https:\/\/baba.fi\/en\/#website"},"datePublished":"2025-07-03T13:10:36+00:00","dateModified":"2025-07-10T11:39:20+00:00","description":"Baba Foods tarjoaa laadukkaat it\u00e4isen V\u00e4limeren kasvisratkaisut ravintoloille, kahviloille ja catering\u2011k\u00e4ytt\u00f6\u00f6n \u2013 tutustu valikoimaan!","breadcrumb":{"@id":"https:\/\/baba.fi\/jobs-vahittaiskaupan-asiakkuusvastaava\/#breadcrumb"},"inLanguage":"en-GB","potentialAction":[{"@type":"ReadAction","target":["https:\/\/baba.fi\/jobs-vahittaiskaupan-asiakkuusvastaava\/"]}]},{"@type":"BreadcrumbList","@id":"https:\/\/baba.fi\/jobs-vahittaiskaupan-asiakkuusvastaava\/#breadcrumb","itemListElement":[{"@type":"ListItem","position":1,"name":"Etusivu","item":"https:\/\/baba.fi\/"},{"@type":"ListItem","position":2,"name":"AVOIMET TY\u00d6PAIKAT"}]},{"@type":"WebSite","@id":"https:\/\/baba.fi\/en\/#website","url":"https:\/\/baba.fi\/en\/","name":"Baba Foods","description":"Middle Eastern vegetarian food produced in Finland","potentialAction":[{"@type":"SearchAction","target":{"@type":"EntryPoint","urlTemplate":"https:\/\/baba.fi\/en\/?s={search_term_string}"},"query-input":{"@type":"PropertyValueSpecification","valueRequired":true,"valueName":"search_term_string"}}],"inLanguage":"en-GB"}]}},"_links":{"self":[{"href":"https:\/\/baba.fi\/en\/wp-json\/wp\/v2\/pages\/6847","targetHints":{"allow":["GET"]}}],"collection":[{"href":"https:\/\/baba.fi\/en\/wp-json\/wp\/v2\/pages"}],"about":[{"href":"https:\/\/baba.fi\/en\/wp-json\/wp\/v2\/types\/page"}],"author":[{"embeddable":true,"href":"https:\/\/baba.fi\/en\/wp-json\/wp\/v2\/users\/10"}],"replies":[{"embeddable":true,"href":"https:\/\/baba.fi\/en\/wp-json\/wp\/v2\/comments?post=6847"}],"version-history":[{"count":7,"href":"https:\/\/baba.fi\/en\/wp-json\/wp\/v2\/pages\/6847\/revisions"}],"predecessor-version":[{"id":6886,"href":"https:\/\/baba.fi\/en\/wp-json\/wp\/v2\/pages\/6847\/revisions\/6886"}],"wp:attachment":[{"href":"https:\/\/baba.fi\/en\/wp-json\/wp\/v2\/media?parent=6847"}],"curies":[{"name":"wp","href":"https:\/\/api.w.org\/{rel}","templated":true}]}}