{"id":788,"date":"2022-04-14T08:19:45","date_gmt":"2022-04-14T08:19:45","guid":{"rendered":"https:\/\/baba.fi\/tuotteet\/vahittaiskauppa\/baba-hummus-225g-copy\/"},"modified":"2022-04-14T08:32:09","modified_gmt":"2022-04-14T08:32:09","slug":"baba-hummus-chili","status":"publish","type":"page","link":"https:\/\/baba.fi\/en\/tuotteet\/vahittaiskauppa\/baba-hummus-chili\/","title":{"rendered":"Baba Hummus &#8211; 225g Copy"},"content":{"rendered":"<p>[et_pb_section fb_built=&#8221;1&#8243; custom_padding_last_edited=&#8221;on|desktop&#8221; _builder_version=&#8221;4.17.0&#8243; _module_preset=&#8221;default&#8221; background_image=&#8221;https:\/\/baba.fi\/wp-content\/uploads\/2022\/04\/tou-banner.jpg&#8221; custom_padding=&#8221;200px||200px||true|false&#8221; custom_padding_tablet=&#8221;120px||120px||true|false&#8221; custom_padding_phone=&#8221;120px||120px||true|false&#8221; global_colors_info=&#8221;{}&#8221;][et_pb_row _builder_version=&#8221;4.17.0&#8243; _module_preset=&#8221;default&#8221; module_alignment=&#8221;center&#8221; custom_padding=&#8221;||||false|false&#8221; global_colors_info=&#8221;{}&#8221;][et_pb_column type=&#8221;4_4&#8243; _builder_version=&#8221;4.17.0&#8243; _module_preset=&#8221;default&#8221; global_colors_info=&#8221;{}&#8221;][et_pb_blurb title=&#8221;Tuotteet&#8221; content_max_width=&#8221;805px&#8221; module_class=&#8221;page-banner-type-two&#8221; _builder_version=&#8221;4.17.0&#8243; _module_preset=&#8221;default&#8221; header_level=&#8221;h2&#8243; header_font=&#8221;Fierce||||||||&#8221; header_text_align=&#8221;center&#8221; header_font_size=&#8221;60px&#8221; header_line_height=&#8221;1.5em&#8221; body_font=&#8221;Poppins||||||||&#8221; body_font_size=&#8221;16px&#8221; body_line_height=&#8221;20px&#8221; background_enable_image=&#8221;off&#8221; text_orientation=&#8221;center&#8221; module_alignment=&#8221;center&#8221; custom_padding=&#8221;||||true|true&#8221; custom_padding_tablet=&#8221;24px|60px|24px|60px|true|true&#8221; custom_padding_phone=&#8221;11px|25px|11px|25px|true|true&#8221; custom_padding_last_edited=&#8221;on|phone&#8221; header_font_size_tablet=&#8221;41px&#8221; header_font_size_phone=&#8221;30px&#8221; header_font_size_last_edited=&#8221;on|phone&#8221; header_line_height_tablet=&#8221;1.5em&#8221; header_line_height_phone=&#8221;1em&#8221; header_line_height_last_edited=&#8221;on|phone&#8221; global_colors_info=&#8221;{}&#8221;][\/et_pb_blurb][\/et_pb_column][\/et_pb_row][\/et_pb_section][et_pb_section fb_built=&#8221;1&#8243; module_id=&#8221;breadcrumb-section&#8221; module_class=&#8221;breadcrumb-section&#8221; _builder_version=&#8221;4.17.0&#8243; _module_preset=&#8221;default&#8221; background_color=&#8221;#fdfaf2&#8243; custom_padding=&#8221;0px||0px||false|false&#8221; global_module=&#8221;727&#8243; global_colors_info=&#8221;{}&#8221;][et_pb_row _builder_version=&#8221;4.17.0&#8243; _module_preset=&#8221;default&#8221; width=&#8221;100%&#8221; max_width=&#8221;1300px&#8221; module_alignment=&#8221;center&#8221; global_colors_info=&#8221;{}&#8221;][et_pb_column type=&#8221;4_4&#8243; _builder_version=&#8221;4.17.0&#8243; _module_preset=&#8221;default&#8221; global_colors_info=&#8221;{}&#8221;][et_pb_code _builder_version=&#8221;4.17.0&#8243; _module_preset=&#8221;default&#8221; global_colors_info=&#8221;{}&#8221;]<span><span><a href=\"https:\/\/baba.fi\/en\/\">Home<\/a><\/span><\/span>[\/et_pb_code][\/et_pb_column][\/et_pb_row][\/et_pb_section][et_pb_section fb_built=&#8221;1&#8243; module_id=&#8221;retail-product&#8221; module_class=&#8221;retail-product-details&#8221; _builder_version=&#8221;4.17.0&#8243; _module_preset=&#8221;default&#8221; custom_padding=&#8221;||10px||false|false&#8221; global_colors_info=&#8221;{}&#8221;][et_pb_row column_structure=&#8221;1_2,1_2&#8243; make_equal=&#8221;on&#8221; custom_padding_last_edited=&#8221;on|desktop&#8221; _builder_version=&#8221;4.17.0&#8243; _module_preset=&#8221;default&#8221; width=&#8221;100%&#8221; max_width=&#8221;1300px&#8221; module_alignment=&#8221;center&#8221; custom_padding_tablet=&#8221;|30px||30px|false|true&#8221; custom_padding_phone=&#8221;|30px||30px|false|true&#8221; global_colors_info=&#8221;{}&#8221;][et_pb_column type=&#8221;1_2&#8243; _builder_version=&#8221;4.17.0&#8243; _module_preset=&#8221;default&#8221; global_colors_info=&#8221;{}&#8221;][et_pb_image src=&#8221;https:\/\/baba.fi\/wp-content\/uploads\/2022\/04\/Baba-Hummus.png&#8221; title_text=&#8221;Baba-Hummus&#8221; module_class=&#8221;product-detail-image&#8221; _builder_version=&#8221;4.17.0&#8243; _module_preset=&#8221;default&#8221; hover_enabled=&#8221;0&#8243; global_colors_info=&#8221;{}&#8221; sticky_enabled=&#8221;0&#8243;][\/et_pb_image][\/et_pb_column][et_pb_column type=&#8221;1_2&#8243; _builder_version=&#8221;4.17.0&#8243; _module_preset=&#8221;default&#8221; global_colors_info=&#8221;{}&#8221;][et_pb_text _builder_version=&#8221;4.17.0&#8243; _module_preset=&#8221;default&#8221; header_2_font=&#8221;Fierce||||||||&#8221; header_2_font_size=&#8221;50px&#8221; header_2_letter_spacing=&#8221;0.3px&#8221; header_2_line_height=&#8221;1.2em&#8221; hover_enabled=&#8221;0&#8243; global_colors_info=&#8221;{}&#8221; sticky_enabled=&#8221;0&#8243;]<\/p>\n<h2>Baba Hummus<br \/>pehme\u00e4 kikhernetahna<\/h2>\n<table class=\"summery-table\" border=\"0\" style=\"border-collapse: collapse; width: 100%;\">\n<tbody>\n<tr>\n<td style=\"width: 33.3333%;\"><strong>Paino :<\/strong><\/td>\n<td style=\"width: 33.3333%;\"><strong>Valmistusmaa :<\/strong><\/td>\n<td style=\"width: 33.3333%;\"><strong>GTIN :<\/strong><\/td>\n<\/tr>\n<tr>\n<td style=\"width: 33.3333%;\">225g<\/td>\n<td style=\"width: 33.3333%;\">Suomi \/ Finland<\/td>\n<td style=\"width: 33.3333%;\">06430056260884<\/td>\n<\/tr>\n<\/tbody>\n<\/table>\n<p><strong>Ingredienser :<\/strong><\/p>\n<p>Kikherne\/kik\u00e4rt (65%), vesi\/vatten, SEESAMINSIEMENTAHNA\/SESAMPASTA (10%), sitruunamehu\/citronsaft, rapsi\u00f6ljy\/rapsolja, merisuola\/havssalt, sokeri\/socker, juustokumina\/spiskummin, mustapippuri\/svartpeppar, sitruunahappo\/citronsyra, kaliumsorbaatti\/kaliumsorbat<\/p>\n<p><strong>S\u00e4ilytys:<\/strong><\/p>\n<p>Storage at 2\u00b0C - 4\u00b0C. Lasts open in the refrigerator for about 5 days.<\/p>\n<p>[\/et_pb_text][\/et_pb_column][\/et_pb_row][\/et_pb_section][et_pb_section fb_built=&#8221;1&#8243; _builder_version=&#8221;4.17.0&#8243; _module_preset=&#8221;default&#8221; custom_padding=&#8221;0px||||false|false&#8221; global_colors_info=&#8221;{}&#8221;][et_pb_row _builder_version=&#8221;4.17.0&#8243; _module_preset=&#8221;default&#8221; max_width=&#8221;1300px&#8221; global_colors_info=&#8221;{}&#8221;][et_pb_column type=&#8221;4_4&#8243; _builder_version=&#8221;4.17.0&#8243; _module_preset=&#8221;default&#8221; global_colors_info=&#8221;{}&#8221;][et_pb_text module_id=&#8221;product-info-table&#8221; module_class=&#8221;product-info-table&#8221; _builder_version=&#8221;4.17.0&#8243; _module_preset=&#8221;default&#8221; header_3_font=&#8221;Fierce||||||||&#8221; header_3_font_size=&#8221;50px&#8221; header_3_letter_spacing=&#8221;0.3px&#8221; header_3_line_height=&#8221;1.5em&#8221; width=&#8221;60%&#8221; width_tablet=&#8221;60%&#8221; width_phone=&#8221;100%&#8221; width_last_edited=&#8221;on|tablet&#8221; module_alignment=&#8221;left&#8221; hover_enabled=&#8221;0&#8243; global_colors_info=&#8221;{}&#8221; sticky_enabled=&#8221;0&#8243;]<\/p>\n<h3>Ravintosis\u00e4lt\u00f6 \/ 100g<\/h3>\n<table border=\"1\" style=\"border-collapse: collapse; width: 100%;\">\n<thead>\n<tr>\n<th style=\"width: 50%;\">Aine<\/th>\n<th style=\"width: 50%;\">100g<\/th>\n<\/tr>\n<\/thead>\n<tbody>\n<tr>\n<td style=\"width: 50%;\">Energy<\/td>\n<td style=\"width: 50%;\">225 kcal \/ 942 kJ<\/td>\n<\/tr>\n<tr>\n<td style=\"width: 50%;\">Fat<\/td>\n<td style=\"width: 50%;\">14.8g &#8211; josta tyydyttyneit\u00e4 \/ varav m\u00e4ttat fett 0.5g<\/td>\n<\/tr>\n<tr>\n<td style=\"width: 50%;\">Carbohydrates<\/td>\n<td style=\"width: 50%;\">16.5g &#8211; josta sokereita \/ varav sockerarter 0.7g<\/td>\n<\/tr>\n<tr>\n<td style=\"width: 50%;\">Fiber<\/td>\n<td style=\"width: 50%;\">3.4g<\/td>\n<\/tr>\n<tr>\n<td style=\"width: 50%;\">Protein<\/td>\n<td style=\"width: 50%;\">7.1g<\/td>\n<\/tr>\n<tr>\n<td style=\"width: 50%;\">Salt<\/td>\n<td style=\"width: 50%;\">&lt;0.6g<\/td>\n<\/tr>\n<\/tbody>\n<\/table>\n<p>[\/et_pb_text][\/et_pb_column][\/et_pb_row][\/et_pb_section][et_pb_section fb_built=&#8221;1&#8243; module_id=&#8221;retail-product-grid-section&#8221; module_class=&#8221;retail-product-grid-section&#8221; _builder_version=&#8221;4.17.0&#8243; _module_preset=&#8221;default&#8221; global_colors_info=&#8221;{}&#8221;][et_pb_row _builder_version=&#8221;4.17.0&#8243; _module_preset=&#8221;default&#8221; width=&#8221;100%&#8221; max_width=&#8221;1300px&#8221; module_alignment=&#8221;center&#8221; global_colors_info=&#8221;{}&#8221;][et_pb_column type=&#8221;4_4&#8243; _builder_version=&#8221;4.17.0&#8243; _module_preset=&#8221;default&#8221; global_colors_info=&#8221;{}&#8221;][et_pb_text _builder_version=&#8221;4.17.0&#8243; _module_preset=&#8221;default&#8221; header_4_font=&#8221;Fierce||||||||&#8221; header_4_text_align=&#8221;left&#8221; header_4_font_size=&#8221;50px&#8221; header_4_letter_spacing=&#8221;0.3px&#8221; header_4_line_height=&#8221;1.5em&#8221; global_colors_info=&#8221;{}&#8221;]<\/p>\n<h4>Saatat pit\u00e4\u00e4 my\u00f6s<\/h4>\n<p>[\/et_pb_text][\/et_pb_column][\/et_pb_row][et_pb_row column_structure=&#8221;1_4,1_4,1_4,1_4&#8243; use_custom_gutter=&#8221;on&#8221; gutter_width=&#8221;2&#8243; make_equal=&#8221;on&#8221; _builder_version=&#8221;4.17.0&#8243; _module_preset=&#8221;default&#8221; width=&#8221;100%&#8221; max_width=&#8221;1300px&#8221; module_alignment=&#8221;center&#8221; global_colors_info=&#8221;{}&#8221;][et_pb_column type=&#8221;1_4&#8243; _builder_version=&#8221;4.17.0&#8243; _module_preset=&#8221;default&#8221; global_colors_info=&#8221;{}&#8221;][et_pb_blurb title=&#8221;Baba Bataatti Falafel&#8221; image=&#8221;https:\/\/baba.fi\/wp-content\/uploads\/2022\/04\/Bataatti_falafel_korjattu.jpg&#8221; _builder_version=&#8221;4.17.0&#8243; _module_preset=&#8221;default&#8221; header_font=&#8221;Poppins|600|||||||&#8221; header_text_align=&#8221;left&#8221; header_text_color=&#8221;#474141&#8243; header_font_size=&#8221;22px&#8221; background_color=&#8221;#f9f9f9&#8243; animation=&#8221;off&#8221; link_option_url=&#8221;#&#8221; global_colors_info=&#8221;{}&#8221;][\/et_pb_blurb][\/et_pb_column][et_pb_column type=&#8221;1_4&#8243; _builder_version=&#8221;4.17.0&#8243; _module_preset=&#8221;default&#8221; global_colors_info=&#8221;{}&#8221;][et_pb_blurb title=&#8221;Baba Ganoush&#8221; image=&#8221;https:\/\/baba.fi\/wp-content\/uploads\/2022\/04\/Babaganoush.jpg&#8221; _builder_version=&#8221;4.17.0&#8243; _module_preset=&#8221;default&#8221; header_font=&#8221;Poppins|600|||||||&#8221; header_text_align=&#8221;left&#8221; header_text_color=&#8221;#474141&#8243; header_font_size=&#8221;22px&#8221; background_color=&#8221;#f9f9f9&#8243; animation=&#8221;off&#8221; link_option_url=&#8221;#&#8221; global_colors_info=&#8221;{}&#8221;][\/et_pb_blurb][\/et_pb_column][et_pb_column type=&#8221;1_4&#8243; _builder_version=&#8221;4.17.0&#8243; _module_preset=&#8221;default&#8221; global_colors_info=&#8221;{}&#8221;][et_pb_blurb title=&#8221;Baba Harissa&#8221; image=&#8221;https:\/\/baba.fi\/wp-content\/uploads\/2022\/04\/Harissa.jpg&#8221; _builder_version=&#8221;4.17.0&#8243; _module_preset=&#8221;default&#8221; header_font=&#8221;Poppins|600|||||||&#8221; header_text_align=&#8221;left&#8221; header_text_color=&#8221;#474141&#8243; header_font_size=&#8221;22px&#8221; background_color=&#8221;#f9f9f9&#8243; animation=&#8221;off&#8221; link_option_url=&#8221;#&#8221; global_colors_info=&#8221;{}&#8221;][\/et_pb_blurb][\/et_pb_column][et_pb_column type=&#8221;1_4&#8243; _builder_version=&#8221;4.17.0&#8243; _module_preset=&#8221;default&#8221; global_colors_info=&#8221;{}&#8221;][et_pb_blurb title=&#8221;Baba Marokkolaiset Porkkanat&#8221; image=&#8221;https:\/\/baba.fi\/wp-content\/uploads\/2022\/04\/Porkkanat.jpg&#8221; _builder_version=&#8221;4.17.0&#8243; _module_preset=&#8221;default&#8221; header_font=&#8221;Poppins|600|||||||&#8221; header_text_align=&#8221;left&#8221; header_text_color=&#8221;#474141&#8243; header_font_size=&#8221;22px&#8221; background_color=&#8221;#f9f9f9&#8243; animation=&#8221;off&#8221; link_option_url=&#8221;#&#8221; global_colors_info=&#8221;{}&#8221;][\/et_pb_blurb][\/et_pb_column][\/et_pb_row][\/et_pb_section]<\/p>","protected":false},"excerpt":{"rendered":"<p><span><span><a href=\"https:\/\/baba.fi\/en\/\">Home<\/a><\/span><\/span>Baba Hummuspehme\u00e4 kikhernetahna Paino : Valmistusmaa : GTIN : 225g Suomi \/ Finland 06430056260884 Ingredienser : Kikherne\/kik\u00e4rt (65%), vesi\/vatten, SEESAMINSIEMENTAHNA\/SESAMPASTA (10%), sitruunamehu\/citronsaft, rapsi\u00f6ljy\/rapsolja, merisuola\/havssalt, sokeri\/socker, juustokumina\/spiskummin, mustapippuri\/svartpeppar, sitruunahappo\/citronsyra, kaliumsorbaatti\/kaliumsorbat S\u00e4ilytys: S\u00e4ilytys 2\u00b0C &#8211; 4\u00b0C. S\u00e4ilyy avattuna j\u00e4\u00e4kaapissa n. 5 p\u00e4iv\u00e4\u00e4. \/ F\u00f6rvaras \u00f6ppnad i kylsk\u00e5p ca. 5 dagar.Ravintosis\u00e4lt\u00f6 \/ 100g Aine M\u00e4\u00e4r\u00e4 Energia \/ Energi [&hellip;]<\/p>","protected":false},"author":1,"featured_media":0,"parent":697,"menu_order":0,"comment_status":"closed","ping_status":"closed","template":"","meta":{"_acf_changed":false,"_et_pb_use_builder":"on","_et_pb_old_content":"<!-- wp:divi\/placeholder \/-->","_et_gb_content_width":"","om_disable_all_campaigns":false,"footnotes":""},"class_list":["post-788","page","type-page","status-publish","hentry"],"acf":[],"yoast_head":"<!-- This site is optimized with the Yoast SEO plugin v26.4 - https:\/\/yoast.com\/wordpress\/plugins\/seo\/ -->\n<title>Baba Hummus - 225g Copy - Baba Foods<\/title>\n<meta name=\"robots\" content=\"index, follow, max-snippet:-1, max-image-preview:large, max-video-preview:-1\" \/>\n<link rel=\"canonical\" href=\"https:\/\/baba.fi\/en\/tuotteet\/vahittaiskauppa\/baba-hummus-chili\/\" \/>\n<meta property=\"og:locale\" content=\"en_GB\" \/>\n<meta property=\"og:type\" content=\"article\" \/>\n<meta property=\"og:title\" content=\"Baba Hummus - 225g Copy - Baba Foods\" \/>\n<meta property=\"og:description\" content=\"Baba Hummuspehme\u00e4 kikhernetahna Paino : Valmistusmaa : GTIN : 225g Suomi \/ Finland 06430056260884 Ingredienser : Kikherne\/kik\u00e4rt (65%), vesi\/vatten, SEESAMINSIEMENTAHNA\/SESAMPASTA (10%), sitruunamehu\/citronsaft, rapsi\u00f6ljy\/rapsolja, merisuola\/havssalt, sokeri\/socker, juustokumina\/spiskummin, mustapippuri\/svartpeppar, sitruunahappo\/citronsyra, kaliumsorbaatti\/kaliumsorbat S\u00e4ilytys: S\u00e4ilytys 2\u00b0C - 4\u00b0C. S\u00e4ilyy avattuna j\u00e4\u00e4kaapissa n. 5 p\u00e4iv\u00e4\u00e4. \/ F\u00f6rvaras \u00f6ppnad i kylsk\u00e5p ca. 5 dagar.Ravintosis\u00e4lt\u00f6 \/ 100g Aine M\u00e4\u00e4r\u00e4 Energia \/ Energi [&hellip;]\" \/>\n<meta property=\"og:url\" content=\"https:\/\/baba.fi\/en\/tuotteet\/vahittaiskauppa\/baba-hummus-chili\/\" \/>\n<meta property=\"og:site_name\" content=\"Baba Foods\" \/>\n<meta property=\"article:modified_time\" content=\"2022-04-14T08:32:09+00:00\" \/>\n<meta name=\"twitter:card\" content=\"summary_large_image\" \/>\n<meta name=\"twitter:label1\" content=\"Estimated reading time\" \/>\n\t<meta name=\"twitter:data1\" content=\"2 minutes\" \/>\n<script type=\"application\/ld+json\" class=\"yoast-schema-graph\">{\"@context\":\"https:\/\/schema.org\",\"@graph\":[{\"@type\":\"WebPage\",\"@id\":\"https:\/\/baba.fi\/tuotteet\/vahittaiskauppa\/baba-hummus-chili\/\",\"url\":\"https:\/\/baba.fi\/tuotteet\/vahittaiskauppa\/baba-hummus-chili\/\",\"name\":\"Baba Hummus - 225g Copy - Baba Foods\",\"isPartOf\":{\"@id\":\"https:\/\/baba.fi\/en\/#website\"},\"datePublished\":\"2022-04-14T08:19:45+00:00\",\"dateModified\":\"2022-04-14T08:32:09+00:00\",\"breadcrumb\":{\"@id\":\"https:\/\/baba.fi\/tuotteet\/vahittaiskauppa\/baba-hummus-chili\/#breadcrumb\"},\"inLanguage\":\"en-GB\",\"potentialAction\":[{\"@type\":\"ReadAction\",\"target\":[\"https:\/\/baba.fi\/tuotteet\/vahittaiskauppa\/baba-hummus-chili\/\"]}]},{\"@type\":\"BreadcrumbList\",\"@id\":\"https:\/\/baba.fi\/tuotteet\/vahittaiskauppa\/baba-hummus-chili\/#breadcrumb\",\"itemListElement\":[{\"@type\":\"ListItem\",\"position\":1,\"name\":\"Etusivu\",\"item\":\"https:\/\/baba.fi\/\"},{\"@type\":\"ListItem\",\"position\":2,\"name\":\"Tuotteet\",\"item\":\"https:\/\/baba.fi\/tuotteet\/\"},{\"@type\":\"ListItem\",\"position\":3,\"name\":\"V\u00e4hitt\u00e4iskauppa\",\"item\":\"https:\/\/baba.fi\/tuotteet\/vahittaiskauppa\/\"},{\"@type\":\"ListItem\",\"position\":4,\"name\":\"Baba Hummus &#8211; 225g Copy\"}]},{\"@type\":\"WebSite\",\"@id\":\"https:\/\/baba.fi\/en\/#website\",\"url\":\"https:\/\/baba.fi\/en\/\",\"name\":\"Baba Foods\",\"description\":\"L\u00e4hi-id\u00e4n kasvisruokaa Suomessa valmistettuna\",\"potentialAction\":[{\"@type\":\"SearchAction\",\"target\":{\"@type\":\"EntryPoint\",\"urlTemplate\":\"https:\/\/baba.fi\/en\/?s={search_term_string}\"},\"query-input\":{\"@type\":\"PropertyValueSpecification\",\"valueRequired\":true,\"valueName\":\"search_term_string\"}}],\"inLanguage\":\"en-GB\"}]}<\/script>\n<!-- \/ Yoast SEO plugin. -->","yoast_head_json":{"title":"Baba Hummus - 225g Copy - Baba Foods","robots":{"index":"index","follow":"follow","max-snippet":"max-snippet:-1","max-image-preview":"max-image-preview:large","max-video-preview":"max-video-preview:-1"},"canonical":"https:\/\/baba.fi\/en\/tuotteet\/vahittaiskauppa\/baba-hummus-chili\/","og_locale":"en_GB","og_type":"article","og_title":"Baba Hummus - 225g Copy - Baba Foods","og_description":"Baba Hummuspehme\u00e4 kikhernetahna Paino : Valmistusmaa : GTIN : 225g Suomi \/ Finland 06430056260884 Ingredienser : Kikherne\/kik\u00e4rt (65%), vesi\/vatten, SEESAMINSIEMENTAHNA\/SESAMPASTA (10%), sitruunamehu\/citronsaft, rapsi\u00f6ljy\/rapsolja, merisuola\/havssalt, sokeri\/socker, juustokumina\/spiskummin, mustapippuri\/svartpeppar, sitruunahappo\/citronsyra, kaliumsorbaatti\/kaliumsorbat S\u00e4ilytys: S\u00e4ilytys 2\u00b0C - 4\u00b0C. S\u00e4ilyy avattuna j\u00e4\u00e4kaapissa n. 5 p\u00e4iv\u00e4\u00e4. \/ F\u00f6rvaras \u00f6ppnad i kylsk\u00e5p ca. 5 dagar.Ravintosis\u00e4lt\u00f6 \/ 100g Aine M\u00e4\u00e4r\u00e4 Energia \/ Energi [&hellip;]","og_url":"https:\/\/baba.fi\/en\/tuotteet\/vahittaiskauppa\/baba-hummus-chili\/","og_site_name":"Baba Foods","article_modified_time":"2022-04-14T08:32:09+00:00","twitter_card":"summary_large_image","twitter_misc":{"Estimated reading time":"2 minutes"},"schema":{"@context":"https:\/\/schema.org","@graph":[{"@type":"WebPage","@id":"https:\/\/baba.fi\/tuotteet\/vahittaiskauppa\/baba-hummus-chili\/","url":"https:\/\/baba.fi\/tuotteet\/vahittaiskauppa\/baba-hummus-chili\/","name":"Baba Hummus - 225g Copy - Baba Foods","isPartOf":{"@id":"https:\/\/baba.fi\/en\/#website"},"datePublished":"2022-04-14T08:19:45+00:00","dateModified":"2022-04-14T08:32:09+00:00","breadcrumb":{"@id":"https:\/\/baba.fi\/tuotteet\/vahittaiskauppa\/baba-hummus-chili\/#breadcrumb"},"inLanguage":"en-GB","potentialAction":[{"@type":"ReadAction","target":["https:\/\/baba.fi\/tuotteet\/vahittaiskauppa\/baba-hummus-chili\/"]}]},{"@type":"BreadcrumbList","@id":"https:\/\/baba.fi\/tuotteet\/vahittaiskauppa\/baba-hummus-chili\/#breadcrumb","itemListElement":[{"@type":"ListItem","position":1,"name":"Etusivu","item":"https:\/\/baba.fi\/"},{"@type":"ListItem","position":2,"name":"Tuotteet","item":"https:\/\/baba.fi\/tuotteet\/"},{"@type":"ListItem","position":3,"name":"V\u00e4hitt\u00e4iskauppa","item":"https:\/\/baba.fi\/tuotteet\/vahittaiskauppa\/"},{"@type":"ListItem","position":4,"name":"Baba Hummus &#8211; 225g Copy"}]},{"@type":"WebSite","@id":"https:\/\/baba.fi\/en\/#website","url":"https:\/\/baba.fi\/en\/","name":"Baba Foods","description":"Middle Eastern vegetarian food produced in Finland","potentialAction":[{"@type":"SearchAction","target":{"@type":"EntryPoint","urlTemplate":"https:\/\/baba.fi\/en\/?s={search_term_string}"},"query-input":{"@type":"PropertyValueSpecification","valueRequired":true,"valueName":"search_term_string"}}],"inLanguage":"en-GB"}]}},"_links":{"self":[{"href":"https:\/\/baba.fi\/en\/wp-json\/wp\/v2\/pages\/788","targetHints":{"allow":["GET"]}}],"collection":[{"href":"https:\/\/baba.fi\/en\/wp-json\/wp\/v2\/pages"}],"about":[{"href":"https:\/\/baba.fi\/en\/wp-json\/wp\/v2\/types\/page"}],"author":[{"embeddable":true,"href":"https:\/\/baba.fi\/en\/wp-json\/wp\/v2\/users\/1"}],"replies":[{"embeddable":true,"href":"https:\/\/baba.fi\/en\/wp-json\/wp\/v2\/comments?post=788"}],"version-history":[{"count":4,"href":"https:\/\/baba.fi\/en\/wp-json\/wp\/v2\/pages\/788\/revisions"}],"predecessor-version":[{"id":793,"href":"https:\/\/baba.fi\/en\/wp-json\/wp\/v2\/pages\/788\/revisions\/793"}],"up":[{"embeddable":true,"href":"https:\/\/baba.fi\/en\/wp-json\/wp\/v2\/pages\/697"}],"wp:attachment":[{"href":"https:\/\/baba.fi\/en\/wp-json\/wp\/v2\/media?parent=788"}],"curies":[{"name":"wp","href":"https:\/\/api.w.org\/{rel}","templated":true}]}}