{"id":1487,"date":"2022-04-21T10:25:37","date_gmt":"2022-04-21T10:25:37","guid":{"rendered":"https:\/\/baba.fi\/?post_type=product&#038;p=1487"},"modified":"2022-09-22T06:36:49","modified_gmt":"2022-09-22T06:36:49","slug":"baba-kvinoa-salaatti","status":"publish","type":"product","link":"https:\/\/baba.fi\/en\/product\/baba-kvinoa-salaatti\/","title":{"rendered":"Baba Quinoa Salad"},"content":{"rendered":"<h3><span style=\"vertical-align: inherit;\"><span style=\"vertical-align: inherit;\"><span style=\"vertical-align: inherit;\"><span style=\"vertical-align: inherit;\">Nutritional values 100g<\/span><\/span><\/span><\/span><\/h3>\n<table style=\"border-collapse: collapse; width: 100%; height: 168px;\" border=\"1\">\n<thead>\n<tr style=\"height: 24px;\">\n<th style=\"width: 50%; height: 24px;\"><span style=\"font-weight: 500;\">Nutritional values \/<\/span><\/th>\n<th style=\"width: 50%; height: 24px;\"><span style=\"vertical-align: inherit;\"><span style=\"vertical-align: inherit;\"><span style=\"vertical-align: inherit;\"><span style=\"vertical-align: inherit;\">100g<\/span><\/span><\/span><\/span><\/th>\n<\/tr>\n<\/thead>\n<tbody>\n<tr style=\"height: 24px;\">\n<td style=\"width: 50%; height: 24px;\">Energy<\/td>\n<td style=\"width: 50%; height: 24px;\">151 kcal \/ 632 kJ<\/td>\n<\/tr>\n<tr style=\"height: 24px;\">\n<td style=\"width: 50%; height: 24px;\">Fat<\/td>\n<td style=\"width: 50%; height: 24px;\">6.0g &#8211; josta tyydyttyneit\u00e4 \/ varav m\u00e4ttat fett 0.6g<\/td>\n<\/tr>\n<tr style=\"height: 24px;\">\n<td style=\"width: 50%; height: 24px;\">Carbohydrates<\/td>\n<td style=\"width: 50%; height: 24px;\">18.2g &#8211; josta sokereita \/ varav sockerarter 1.5g<\/td>\n<\/tr>\n<tr style=\"height: 24px;\">\n<td style=\"width: 50%; height: 24px;\">Fiber<\/td>\n<td style=\"width: 50%; height: 24px;\">3.3g<\/td>\n<\/tr>\n<tr style=\"height: 24px;\">\n<td style=\"width: 50%; height: 24px;\">Protein<\/td>\n<td style=\"width: 50%; height: 24px;\">5.0g<\/td>\n<\/tr>\n<tr style=\"height: 24px;\">\n<td style=\"width: 50%; height: 24px;\"><span style=\"vertical-align: inherit;\"><span style=\"vertical-align: inherit;\"><span style=\"vertical-align: inherit;\"><span style=\"vertical-align: inherit;\">Salt<\/span><\/span><\/span><\/span><\/td>\n<td style=\"width: 50%; height: 24px;\">1,0 g<\/td>\n<\/tr>\n<\/tbody>\n<\/table>","protected":false},"excerpt":{"rendered":"<table class=\"summery-table\" style=\"border-collapse: collapse; width: 100%;\" border=\"0\">\n<tbody>\n<tr>\n<td style=\"width: 33.3333%;\"><strong><span style=\"vertical-align: inherit;\"><span style=\"vertical-align: inherit;\"><span style=\"vertical-align: inherit;\"><span style=\"vertical-align: inherit;\">Weight:<\/span><\/span><\/span><\/span><\/strong><\/td>\n<td style=\"width: 33.3333%;\"><strong><span style=\"vertical-align: inherit;\"><span style=\"vertical-align: inherit;\"><span style=\"vertical-align: inherit;\"><span style=\"vertical-align: inherit;\">Country of manufacture:<\/span><\/span><\/span><\/span><\/strong><\/td>\n<td style=\"width: 33.3333%;\"><\/td>\n<\/tr>\n<tr>\n<td style=\"width: 33.3333%;\">200g \/ 2kg<\/td>\n<td style=\"width: 33.3333%;\">Suomi \/ Finland<\/td>\n<td style=\"width: 33.3333%;\"><\/td>\n<\/tr>\n<\/tbody>\n<\/table>\n<p><strong><span style=\"vertical-align: inherit;\"><span style=\"vertical-align: inherit;\"><span style=\"vertical-align: inherit;\"><span style=\"vertical-align: inherit;\">Ingredients:<\/span><\/span><\/span><\/span><\/strong><\/p>\n<p>Quinoa, kidney beans, red onion, dried cranberries, lemon juice, olive oil, rapeseed oil, parsley, vegetable broth powder, sea salt, spices<\/p>\n<p>.<\/p>\n<p><strong><span style=\"vertical-align: inherit;\"><span style=\"vertical-align: inherit;\"><span style=\"vertical-align: inherit;\"><span style=\"vertical-align: inherit;\">Storage:<\/span><\/span><\/span><\/span><\/strong><\/p>\n<p>Storage at 0\u00b0C - 6\u00b0C. Lasts open in the refrigerator for about 5 days.<\/p>","protected":false},"featured_media":1488,"template":"","meta":{"_acf_changed":false,"_et_pb_use_builder":"","_et_pb_old_content":"","_et_gb_content_width":"","om_disable_all_campaigns":false},"product_brand":[],"product_cat":[46],"product_tag":[],"class_list":{"0":"post-1487","1":"product","2":"type-product","3":"status-publish","4":"has-post-thumbnail","6":"product_cat-kuluttajakauppa","8":"first","9":"instock","10":"taxable","11":"shipping-taxable","12":"purchasable","13":"product-type-variable","14":"has-default-attributes"},"acf":[],"yoast_head":"<!-- This site is optimized with the Yoast SEO plugin v26.4 - https:\/\/yoast.com\/wordpress\/plugins\/seo\/ -->\n<title>Baba Kvinoasalaatti - Baba Foods<\/title>\n<meta name=\"robots\" content=\"index, follow, max-snippet:-1, max-image-preview:large, max-video-preview:-1\" \/>\n<link rel=\"canonical\" href=\"https:\/\/baba.fi\/en\/product\/baba-kvinoa-salaatti\/\" \/>\n<meta property=\"og:locale\" content=\"en_GB\" \/>\n<meta property=\"og:type\" content=\"article\" \/>\n<meta property=\"og:title\" content=\"Baba Kvinoasalaatti - Baba Foods\" \/>\n<meta property=\"og:description\" content=\"Paino \/ Vikt: Valmistusmaa:    200g \/ 2kg Suomi \/ Finland     Aineosat \/ Ingredienser:  Kvinoa, kidneypapu, h\u00e4rk\u00e4papu, punasipuli, kuivattu karpalo, sitruunamehu, oliivi\u00f6ljy, rapsi\u00f6ljy, lehtipersilja, kasvisliemijauhe, merisuola, mausteet  Quinoa, kidneyb\u00f6na, bondb\u00f6na, r\u00f6dl\u00f6k, torkad tr\u00e4nberg, citronsaft, olivolja, rapsolja, bladpersilja, gr\u00f6nsaksbuljong, havssalt, kryddor.  S\u00e4ilytys \/ F\u00f6rvaring :  S\u00e4ilytys 0\u00b0C - 6\u00b0C. S\u00e4ilyy avattuna j\u00e4\u00e4kaapissa n. 5 p\u00e4iv\u00e4\u00e4. \/ F\u00f6rvaras \u00f6ppnad i kylsk\u00e5p ca. 5 dagar.\" \/>\n<meta property=\"og:url\" content=\"https:\/\/baba.fi\/en\/product\/baba-kvinoa-salaatti\/\" \/>\n<meta property=\"og:site_name\" content=\"Baba Foods\" \/>\n<meta property=\"article:modified_time\" content=\"2022-09-22T06:36:49+00:00\" \/>\n<meta property=\"og:image\" content=\"https:\/\/baba.fi\/wp-content\/uploads\/2022\/04\/Kvinoa.png\" \/>\n\t<meta property=\"og:image:width\" content=\"600\" \/>\n\t<meta property=\"og:image:height\" content=\"900\" \/>\n\t<meta property=\"og:image:type\" content=\"image\/png\" \/>\n<meta name=\"twitter:card\" content=\"summary_large_image\" \/>\n<meta name=\"twitter:label1\" content=\"Estimated reading time\" \/>\n\t<meta name=\"twitter:data1\" content=\"1 minute\" \/>\n<script type=\"application\/ld+json\" class=\"yoast-schema-graph\">{\"@context\":\"https:\/\/schema.org\",\"@graph\":[{\"@type\":\"WebPage\",\"@id\":\"https:\/\/baba.fi\/en\/product\/baba-kvinoa-salaatti\/\",\"url\":\"https:\/\/baba.fi\/en\/product\/baba-kvinoa-salaatti\/\",\"name\":\"Baba Kvinoasalaatti - Baba Foods\",\"isPartOf\":{\"@id\":\"https:\/\/baba.fi\/en\/#website\"},\"primaryImageOfPage\":{\"@id\":\"https:\/\/baba.fi\/en\/product\/baba-kvinoa-salaatti\/#primaryimage\"},\"image\":{\"@id\":\"https:\/\/baba.fi\/en\/product\/baba-kvinoa-salaatti\/#primaryimage\"},\"thumbnailUrl\":\"https:\/\/baba.fi\/wp-content\/uploads\/2022\/04\/Kvinoa.png\",\"datePublished\":\"2022-04-21T10:25:37+00:00\",\"dateModified\":\"2022-09-22T06:36:49+00:00\",\"breadcrumb\":{\"@id\":\"https:\/\/baba.fi\/en\/product\/baba-kvinoa-salaatti\/#breadcrumb\"},\"inLanguage\":\"en-GB\",\"potentialAction\":[{\"@type\":\"ReadAction\",\"target\":[\"https:\/\/baba.fi\/en\/product\/baba-kvinoa-salaatti\/\"]}]},{\"@type\":\"ImageObject\",\"inLanguage\":\"en-GB\",\"@id\":\"https:\/\/baba.fi\/en\/product\/baba-kvinoa-salaatti\/#primaryimage\",\"url\":\"https:\/\/baba.fi\/wp-content\/uploads\/2022\/04\/Kvinoa.png\",\"contentUrl\":\"https:\/\/baba.fi\/wp-content\/uploads\/2022\/04\/Kvinoa.png\",\"width\":600,\"height\":900},{\"@type\":\"BreadcrumbList\",\"@id\":\"https:\/\/baba.fi\/en\/product\/baba-kvinoa-salaatti\/#breadcrumb\",\"itemListElement\":[{\"@type\":\"ListItem\",\"position\":1,\"name\":\"Etusivu\",\"item\":\"https:\/\/baba.fi\/\"},{\"@type\":\"ListItem\",\"position\":2,\"name\":\"Tuotteet\",\"item\":\"https:\/\/baba.fi\/tuotteet\/\"},{\"@type\":\"ListItem\",\"position\":3,\"name\":\"Baba Kvinoasalaatti\"}]},{\"@type\":\"WebSite\",\"@id\":\"https:\/\/baba.fi\/en\/#website\",\"url\":\"https:\/\/baba.fi\/en\/\",\"name\":\"Baba Foods\",\"description\":\"L\u00e4hi-id\u00e4n kasvisruokaa Suomessa valmistettuna\",\"potentialAction\":[{\"@type\":\"SearchAction\",\"target\":{\"@type\":\"EntryPoint\",\"urlTemplate\":\"https:\/\/baba.fi\/en\/?s={search_term_string}\"},\"query-input\":{\"@type\":\"PropertyValueSpecification\",\"valueRequired\":true,\"valueName\":\"search_term_string\"}}],\"inLanguage\":\"en-GB\"}]}<\/script>\n<!-- \/ Yoast SEO plugin. -->","yoast_head_json":{"title":"Baba Kvinoasalaatti - Baba Foods","robots":{"index":"index","follow":"follow","max-snippet":"max-snippet:-1","max-image-preview":"max-image-preview:large","max-video-preview":"max-video-preview:-1"},"canonical":"https:\/\/baba.fi\/en\/product\/baba-kvinoa-salaatti\/","og_locale":"en_GB","og_type":"article","og_title":"Baba Kvinoasalaatti - Baba Foods","og_description":"Paino \/ Vikt: Valmistusmaa:    200g \/ 2kg Suomi \/ Finland     Aineosat \/ Ingredienser:  Kvinoa, kidneypapu, h\u00e4rk\u00e4papu, punasipuli, kuivattu karpalo, sitruunamehu, oliivi\u00f6ljy, rapsi\u00f6ljy, lehtipersilja, kasvisliemijauhe, merisuola, mausteet  Quinoa, kidneyb\u00f6na, bondb\u00f6na, r\u00f6dl\u00f6k, torkad tr\u00e4nberg, citronsaft, olivolja, rapsolja, bladpersilja, gr\u00f6nsaksbuljong, havssalt, kryddor.  S\u00e4ilytys \/ F\u00f6rvaring :  S\u00e4ilytys 0\u00b0C - 6\u00b0C. S\u00e4ilyy avattuna j\u00e4\u00e4kaapissa n. 5 p\u00e4iv\u00e4\u00e4. \/ F\u00f6rvaras \u00f6ppnad i kylsk\u00e5p ca. 5 dagar.","og_url":"https:\/\/baba.fi\/en\/product\/baba-kvinoa-salaatti\/","og_site_name":"Baba Foods","article_modified_time":"2022-09-22T06:36:49+00:00","og_image":[{"width":600,"height":900,"url":"https:\/\/baba.fi\/wp-content\/uploads\/2022\/04\/Kvinoa.png","type":"image\/png"}],"twitter_card":"summary_large_image","twitter_misc":{"Estimated reading time":"1 minute"},"schema":{"@context":"https:\/\/schema.org","@graph":[{"@type":"WebPage","@id":"https:\/\/baba.fi\/en\/product\/baba-kvinoa-salaatti\/","url":"https:\/\/baba.fi\/en\/product\/baba-kvinoa-salaatti\/","name":"Baba Kvinoasalaatti - Baba Foods","isPartOf":{"@id":"https:\/\/baba.fi\/en\/#website"},"primaryImageOfPage":{"@id":"https:\/\/baba.fi\/en\/product\/baba-kvinoa-salaatti\/#primaryimage"},"image":{"@id":"https:\/\/baba.fi\/en\/product\/baba-kvinoa-salaatti\/#primaryimage"},"thumbnailUrl":"https:\/\/baba.fi\/wp-content\/uploads\/2022\/04\/Kvinoa.png","datePublished":"2022-04-21T10:25:37+00:00","dateModified":"2022-09-22T06:36:49+00:00","breadcrumb":{"@id":"https:\/\/baba.fi\/en\/product\/baba-kvinoa-salaatti\/#breadcrumb"},"inLanguage":"en-GB","potentialAction":[{"@type":"ReadAction","target":["https:\/\/baba.fi\/en\/product\/baba-kvinoa-salaatti\/"]}]},{"@type":"ImageObject","inLanguage":"en-GB","@id":"https:\/\/baba.fi\/en\/product\/baba-kvinoa-salaatti\/#primaryimage","url":"https:\/\/baba.fi\/wp-content\/uploads\/2022\/04\/Kvinoa.png","contentUrl":"https:\/\/baba.fi\/wp-content\/uploads\/2022\/04\/Kvinoa.png","width":600,"height":900},{"@type":"BreadcrumbList","@id":"https:\/\/baba.fi\/en\/product\/baba-kvinoa-salaatti\/#breadcrumb","itemListElement":[{"@type":"ListItem","position":1,"name":"Etusivu","item":"https:\/\/baba.fi\/"},{"@type":"ListItem","position":2,"name":"Tuotteet","item":"https:\/\/baba.fi\/tuotteet\/"},{"@type":"ListItem","position":3,"name":"Baba Kvinoasalaatti"}]},{"@type":"WebSite","@id":"https:\/\/baba.fi\/en\/#website","url":"https:\/\/baba.fi\/en\/","name":"Baba Foods","description":"Middle Eastern vegetarian food produced in Finland","potentialAction":[{"@type":"SearchAction","target":{"@type":"EntryPoint","urlTemplate":"https:\/\/baba.fi\/en\/?s={search_term_string}"},"query-input":{"@type":"PropertyValueSpecification","valueRequired":true,"valueName":"search_term_string"}}],"inLanguage":"en-GB"}]}},"_links":{"self":[{"href":"https:\/\/baba.fi\/en\/wp-json\/wp\/v2\/product\/1487","targetHints":{"allow":["GET"]}}],"collection":[{"href":"https:\/\/baba.fi\/en\/wp-json\/wp\/v2\/product"}],"about":[{"href":"https:\/\/baba.fi\/en\/wp-json\/wp\/v2\/types\/product"}],"wp:featuredmedia":[{"embeddable":true,"href":"https:\/\/baba.fi\/en\/wp-json\/wp\/v2\/media\/1488"}],"wp:attachment":[{"href":"https:\/\/baba.fi\/en\/wp-json\/wp\/v2\/media?parent=1487"}],"wp:term":[{"taxonomy":"product_brand","embeddable":true,"href":"https:\/\/baba.fi\/en\/wp-json\/wp\/v2\/product_brand?post=1487"},{"taxonomy":"product_cat","embeddable":true,"href":"https:\/\/baba.fi\/en\/wp-json\/wp\/v2\/product_cat?post=1487"},{"taxonomy":"product_tag","embeddable":true,"href":"https:\/\/baba.fi\/en\/wp-json\/wp\/v2\/product_tag?post=1487"}],"curies":[{"name":"wp","href":"https:\/\/api.w.org\/{rel}","templated":true}]}}