{"id":1862,"date":"2022-04-26T08:01:38","date_gmt":"2022-04-26T08:01:38","guid":{"rendered":"https:\/\/baba.fi\/product\/baba-falafel-original-copy\/"},"modified":"2025-09-10T09:28:19","modified_gmt":"2025-09-10T09:28:19","slug":"baba-falafel-original-vahittaiskauppa","status":"publish","type":"product","link":"https:\/\/baba.fi\/en\/product\/baba-falafel-original-vahittaiskauppa\/","title":{"rendered":"Baba Original Falafel"},"content":{"rendered":"<h3><span style=\"vertical-align: inherit;\"><span style=\"vertical-align: inherit;\"><span style=\"vertical-align: inherit;\"><span style=\"vertical-align: inherit;\">Nutritional values 100g<\/span><\/span><\/span><\/span><\/h3>\n<table style=\"border-collapse: collapse; width: 100%; height: 168px;\" border=\"1\">\n<thead>\n<tr style=\"height: 24px;\">\n<th style=\"width: 50%; height: 24px;\"><span style=\"font-weight: 500;\">Nutritional values \/<\/span><\/th>\n<th style=\"width: 50%; height: 24px;\"><span style=\"vertical-align: inherit;\"><span style=\"vertical-align: inherit;\"><span style=\"vertical-align: inherit;\"><span style=\"vertical-align: inherit;\">100g<\/span><\/span><\/span><\/span><\/th>\n<\/tr>\n<\/thead>\n<tbody>\n<tr style=\"height: 24px;\">\n<td style=\"width: 50%; height: 24px;\">Energy<\/td>\n<td style=\"width: 50%; height: 24px;\">166 kcal \/ 695 kJ<\/td>\n<\/tr>\n<tr style=\"height: 24px;\">\n<td style=\"width: 50%; height: 24px;\">Fat<\/td>\n<td style=\"width: 50%; height: 24px;\">4,9 g &#8211; josta tyydyttyneit\u00e4 \/ varav m\u00e4ttat fett 0.2g<\/td>\n<\/tr>\n<tr style=\"height: 24px;\">\n<td style=\"width: 50%; height: 24px;\">Carbohydrates<\/td>\n<td style=\"width: 50%; height: 24px;\">20,0 g &#8211; josta sokereita \/ varav sockerarter 1,6 g<\/td>\n<\/tr>\n<tr style=\"height: 24px;\">\n<td style=\"width: 50%; height: 24px;\">Fiber<\/td>\n<td style=\"width: 50%; height: 24px;\">4,3 g<\/td>\n<\/tr>\n<tr style=\"height: 24px;\">\n<td style=\"width: 50%; height: 24px;\">Protein<\/td>\n<td style=\"width: 50%; height: 24px;\">7,5 g<\/td>\n<\/tr>\n<tr style=\"height: 24px;\">\n<td style=\"width: 50%; height: 24px;\"><span style=\"vertical-align: inherit;\"><span style=\"vertical-align: inherit;\"><span style=\"vertical-align: inherit;\"><span style=\"vertical-align: inherit;\">Salt<\/span><\/span><\/span><\/span><\/td>\n<td style=\"width: 50%; height: 24px;\">1,1 g<\/td>\n<\/tr>\n<\/tbody>\n<\/table>","protected":false},"excerpt":{"rendered":"<p>Herbal chickpea<\/p>\n<p>Vegan, Gluten Free<\/p>\n<table class=\"summery-table\" style=\"border-collapse: collapse; width: 100%;\" border=\"0\">\n<tbody>\n<tr>\n<td style=\"width: 33.3333%;\"><strong><span style=\"vertical-align: inherit;\"><span style=\"vertical-align: inherit;\"><span style=\"vertical-align: inherit;\"><span style=\"vertical-align: inherit;\">Weight:<\/span><\/span><\/span><\/span><\/strong><\/td>\n<td style=\"width: 33.3333%;\"><strong><span style=\"vertical-align: inherit;\"><span style=\"vertical-align: inherit;\"><span style=\"vertical-align: inherit;\"><span style=\"vertical-align: inherit;\">Country of manufacture:<\/span><\/span><\/span><\/span><\/strong><\/td>\n<td style=\"width: 33.3333%;\"><strong><span style=\"vertical-align: inherit;\"><span style=\"vertical-align: inherit;\"><span style=\"vertical-align: inherit;\"><span style=\"vertical-align: inherit;\">EAN-code:<\/span><\/span><\/span><\/span><\/strong><\/td>\n<\/tr>\n<tr>\n<td style=\"width: 33.3333%;\">230g<\/td>\n<td style=\"width: 33.3333%;\">Suomi \/ Finland<\/td>\n<td style=\"width: 33.3333%;\">6430056260242<\/td>\n<\/tr>\n<\/tbody>\n<\/table>\n<p><strong><span style=\"vertical-align: inherit;\"><span style=\"vertical-align: inherit;\"><span style=\"vertical-align: inherit;\"><span style=\"vertical-align: inherit;\">Ingredients:<\/span><\/span><\/span><\/span><\/strong><\/p>\n<p>Kikherne 70 % (Kanada), sipuli, perunajauho, yrtit (persilja, korianteri), rapsi\u00f6ljy, valkosipuli, merisuola, nostatusaine (leivinjauhe), juustokumina, mustapippuri, psyllium. Saattaa sis\u00e4lt\u00e4\u00e4 seesaminsiement\u00e4.<\/p>\n<p>Kik\u00e4rt 70 % (Kanada), l\u00f6k, potatismj\u00f6l, \u00f6rter (persilja, koriander), rapsolja, vitl\u00f6k, havssalt, j\u00e4sningsmedel (bakpulver), spiskummin, peppar, psyllium. Kan inneh\u00e5lla sesamfr\u00f6n.<\/p>\n<p><strong><span style=\"vertical-align: inherit;\"><span style=\"vertical-align: inherit;\"><span style=\"vertical-align: inherit;\"><span style=\"vertical-align: inherit;\">Storage:<\/span><\/span><\/span><\/span><\/strong><\/p>\n<p>Storage at 0\u00b0C - 6\u00b0C. Lasts open in the refrigerator for about 2-3 days.<\/p>\n<p><strong><span style=\"vertical-align: inherit;\">Valmistus \/ Tillredning :<\/span><\/strong><\/p>\n<p><img loading=\"lazy\" decoding=\"async\" class=\"wp-image-7021 alignleft\" src=\"https:\/\/baba.fi\/wp-content\/uploads\/2022\/04\/valmistusohje.png\" alt=\"\" width=\"253\" height=\"122\" srcset=\"https:\/\/baba.fi\/wp-content\/uploads\/2022\/04\/valmistusohje.png 448w, https:\/\/baba.fi\/wp-content\/uploads\/2022\/04\/valmistusohje-300x145.png 300w, https:\/\/baba.fi\/wp-content\/uploads\/2022\/04\/valmistusohje-18x9.png 18w\" sizes=\"(max-width: 253px) 100vw, 253px\" \/><\/p>","protected":false},"featured_media":7060,"template":"","meta":{"_acf_changed":false,"_et_pb_use_builder":"","_et_pb_old_content":"","_et_gb_content_width":"","om_disable_all_campaigns":false},"product_brand":[],"product_cat":[41],"product_tag":[],"class_list":{"0":"post-1862","1":"product","2":"type-product","3":"status-publish","4":"has-post-thumbnail","6":"product_cat-vahittaiskauppa","8":"first","9":"outofstock","10":"taxable","11":"shipping-taxable","12":"purchasable","13":"product-type-variable","14":"has-default-attributes"},"acf":[],"yoast_head":"<!-- This site is optimized with the Yoast SEO plugin v26.4 - https:\/\/yoast.com\/wordpress\/plugins\/seo\/ -->\n<title>Baba Original Falafel - Baba Foods<\/title>\n<meta name=\"robots\" content=\"index, follow, max-snippet:-1, max-image-preview:large, max-video-preview:-1\" \/>\n<link rel=\"canonical\" href=\"https:\/\/baba.fi\/en\/product\/baba-falafel-original-vahittaiskauppa\/\" \/>\n<meta property=\"og:locale\" content=\"en_GB\" \/>\n<meta property=\"og:type\" content=\"article\" \/>\n<meta property=\"og:title\" content=\"Baba Original Falafel - Baba Foods\" \/>\n<meta property=\"og:description\" content=\"Yrttinen kikhernepy\u00f6rykk\u00e4  Vegaaninen, Gluteeniton    Paino \/ Vikt: Valmistusmaa: EAN-koodi:   230g Suomi \/ Finland 6430056260242    Aineosat \/ Ingredienser:  Kikherne 70 % (Kanada), sipuli, perunajauho, yrtit (persilja, korianteri), rapsi\u00f6ljy, valkosipuli, merisuola, nostatusaine (leivinjauhe), juustokumina, mustapippuri, psyllium. Saattaa sis\u00e4lt\u00e4\u00e4 seesaminsiement\u00e4.  Kik\u00e4rt 70 % (Kanada), l\u00f6k, potatismj\u00f6l, \u00f6rter (persilja, koriander), rapsolja, vitl\u00f6k, havssalt, j\u00e4sningsmedel (bakpulver), spiskummin, peppar, psyllium. Kan inneh\u00e5lla sesamfr\u00f6n.  S\u00e4ilytys \/ F\u00f6rvaring :  S\u00e4ilytys 0\u00b0C - 6\u00b0C. S\u00e4ilyy avattuna j\u00e4\u00e4kaapissa n. 2-3 p\u00e4iv\u00e4\u00e4. \/ F\u00f6rvaras \u00f6ppnad i kylsk\u00e5p ca. 2-3 dagar.  Valmistus \/ Tillredning :\" \/>\n<meta property=\"og:url\" content=\"https:\/\/baba.fi\/en\/product\/baba-falafel-original-vahittaiskauppa\/\" \/>\n<meta property=\"og:site_name\" content=\"Baba Foods\" \/>\n<meta property=\"article:modified_time\" content=\"2025-09-10T09:28:19+00:00\" \/>\n<meta property=\"og:image\" content=\"https:\/\/baba.fi\/wp-content\/uploads\/2022\/04\/Nimeton-malli-14.png\" \/>\n\t<meta property=\"og:image:width\" content=\"600\" \/>\n\t<meta property=\"og:image:height\" content=\"900\" \/>\n\t<meta property=\"og:image:type\" content=\"image\/png\" \/>\n<meta name=\"twitter:card\" content=\"summary_large_image\" \/>\n<meta name=\"twitter:label1\" content=\"Estimated reading time\" \/>\n\t<meta name=\"twitter:data1\" content=\"1 minute\" \/>\n<script type=\"application\/ld+json\" class=\"yoast-schema-graph\">{\"@context\":\"https:\/\/schema.org\",\"@graph\":[{\"@type\":\"WebPage\",\"@id\":\"https:\/\/baba.fi\/product\/baba-falafel-original-vahittaiskauppa\/\",\"url\":\"https:\/\/baba.fi\/product\/baba-falafel-original-vahittaiskauppa\/\",\"name\":\"Baba Original Falafel - Baba Foods\",\"isPartOf\":{\"@id\":\"https:\/\/baba.fi\/en\/#website\"},\"primaryImageOfPage\":{\"@id\":\"https:\/\/baba.fi\/product\/baba-falafel-original-vahittaiskauppa\/#primaryimage\"},\"image\":{\"@id\":\"https:\/\/baba.fi\/product\/baba-falafel-original-vahittaiskauppa\/#primaryimage\"},\"thumbnailUrl\":\"https:\/\/baba.fi\/wp-content\/uploads\/2022\/04\/Nimeton-malli-14.png\",\"datePublished\":\"2022-04-26T08:01:38+00:00\",\"dateModified\":\"2025-09-10T09:28:19+00:00\",\"breadcrumb\":{\"@id\":\"https:\/\/baba.fi\/product\/baba-falafel-original-vahittaiskauppa\/#breadcrumb\"},\"inLanguage\":\"en-GB\",\"potentialAction\":[{\"@type\":\"ReadAction\",\"target\":[\"https:\/\/baba.fi\/product\/baba-falafel-original-vahittaiskauppa\/\"]}]},{\"@type\":\"ImageObject\",\"inLanguage\":\"en-GB\",\"@id\":\"https:\/\/baba.fi\/product\/baba-falafel-original-vahittaiskauppa\/#primaryimage\",\"url\":\"https:\/\/baba.fi\/wp-content\/uploads\/2022\/04\/Nimeton-malli-14.png\",\"contentUrl\":\"https:\/\/baba.fi\/wp-content\/uploads\/2022\/04\/Nimeton-malli-14.png\",\"width\":600,\"height\":900},{\"@type\":\"BreadcrumbList\",\"@id\":\"https:\/\/baba.fi\/product\/baba-falafel-original-vahittaiskauppa\/#breadcrumb\",\"itemListElement\":[{\"@type\":\"ListItem\",\"position\":1,\"name\":\"Etusivu\",\"item\":\"https:\/\/baba.fi\/\"},{\"@type\":\"ListItem\",\"position\":2,\"name\":\"Tuotteet\",\"item\":\"https:\/\/baba.fi\/tuotteet\/\"},{\"@type\":\"ListItem\",\"position\":3,\"name\":\"Baba Original Falafel\"}]},{\"@type\":\"WebSite\",\"@id\":\"https:\/\/baba.fi\/en\/#website\",\"url\":\"https:\/\/baba.fi\/en\/\",\"name\":\"Baba Foods\",\"description\":\"L\u00e4hi-id\u00e4n kasvisruokaa Suomessa valmistettuna\",\"potentialAction\":[{\"@type\":\"SearchAction\",\"target\":{\"@type\":\"EntryPoint\",\"urlTemplate\":\"https:\/\/baba.fi\/en\/?s={search_term_string}\"},\"query-input\":{\"@type\":\"PropertyValueSpecification\",\"valueRequired\":true,\"valueName\":\"search_term_string\"}}],\"inLanguage\":\"en-GB\"}]}<\/script>\n<!-- \/ Yoast SEO plugin. -->","yoast_head_json":{"title":"Baba Original Falafel - Baba Foods","robots":{"index":"index","follow":"follow","max-snippet":"max-snippet:-1","max-image-preview":"max-image-preview:large","max-video-preview":"max-video-preview:-1"},"canonical":"https:\/\/baba.fi\/en\/product\/baba-falafel-original-vahittaiskauppa\/","og_locale":"en_GB","og_type":"article","og_title":"Baba Original Falafel - Baba Foods","og_description":"Yrttinen kikhernepy\u00f6rykk\u00e4  Vegaaninen, Gluteeniton    Paino \/ Vikt: Valmistusmaa: EAN-koodi:   230g Suomi \/ Finland 6430056260242    Aineosat \/ Ingredienser:  Kikherne 70 % (Kanada), sipuli, perunajauho, yrtit (persilja, korianteri), rapsi\u00f6ljy, valkosipuli, merisuola, nostatusaine (leivinjauhe), juustokumina, mustapippuri, psyllium. Saattaa sis\u00e4lt\u00e4\u00e4 seesaminsiement\u00e4.  Kik\u00e4rt 70 % (Kanada), l\u00f6k, potatismj\u00f6l, \u00f6rter (persilja, koriander), rapsolja, vitl\u00f6k, havssalt, j\u00e4sningsmedel (bakpulver), spiskummin, peppar, psyllium. Kan inneh\u00e5lla sesamfr\u00f6n.  S\u00e4ilytys \/ F\u00f6rvaring :  S\u00e4ilytys 0\u00b0C - 6\u00b0C. S\u00e4ilyy avattuna j\u00e4\u00e4kaapissa n. 2-3 p\u00e4iv\u00e4\u00e4. \/ F\u00f6rvaras \u00f6ppnad i kylsk\u00e5p ca. 2-3 dagar.  Valmistus \/ Tillredning :","og_url":"https:\/\/baba.fi\/en\/product\/baba-falafel-original-vahittaiskauppa\/","og_site_name":"Baba Foods","article_modified_time":"2025-09-10T09:28:19+00:00","og_image":[{"width":600,"height":900,"url":"https:\/\/baba.fi\/wp-content\/uploads\/2022\/04\/Nimeton-malli-14.png","type":"image\/png"}],"twitter_card":"summary_large_image","twitter_misc":{"Estimated reading time":"1 minute"},"schema":{"@context":"https:\/\/schema.org","@graph":[{"@type":"WebPage","@id":"https:\/\/baba.fi\/product\/baba-falafel-original-vahittaiskauppa\/","url":"https:\/\/baba.fi\/product\/baba-falafel-original-vahittaiskauppa\/","name":"Baba Original Falafel - Baba Foods","isPartOf":{"@id":"https:\/\/baba.fi\/en\/#website"},"primaryImageOfPage":{"@id":"https:\/\/baba.fi\/product\/baba-falafel-original-vahittaiskauppa\/#primaryimage"},"image":{"@id":"https:\/\/baba.fi\/product\/baba-falafel-original-vahittaiskauppa\/#primaryimage"},"thumbnailUrl":"https:\/\/baba.fi\/wp-content\/uploads\/2022\/04\/Nimeton-malli-14.png","datePublished":"2022-04-26T08:01:38+00:00","dateModified":"2025-09-10T09:28:19+00:00","breadcrumb":{"@id":"https:\/\/baba.fi\/product\/baba-falafel-original-vahittaiskauppa\/#breadcrumb"},"inLanguage":"en-GB","potentialAction":[{"@type":"ReadAction","target":["https:\/\/baba.fi\/product\/baba-falafel-original-vahittaiskauppa\/"]}]},{"@type":"ImageObject","inLanguage":"en-GB","@id":"https:\/\/baba.fi\/product\/baba-falafel-original-vahittaiskauppa\/#primaryimage","url":"https:\/\/baba.fi\/wp-content\/uploads\/2022\/04\/Nimeton-malli-14.png","contentUrl":"https:\/\/baba.fi\/wp-content\/uploads\/2022\/04\/Nimeton-malli-14.png","width":600,"height":900},{"@type":"BreadcrumbList","@id":"https:\/\/baba.fi\/product\/baba-falafel-original-vahittaiskauppa\/#breadcrumb","itemListElement":[{"@type":"ListItem","position":1,"name":"Etusivu","item":"https:\/\/baba.fi\/"},{"@type":"ListItem","position":2,"name":"Tuotteet","item":"https:\/\/baba.fi\/tuotteet\/"},{"@type":"ListItem","position":3,"name":"Baba Original Falafel"}]},{"@type":"WebSite","@id":"https:\/\/baba.fi\/en\/#website","url":"https:\/\/baba.fi\/en\/","name":"Baba Foods","description":"Middle Eastern vegetarian food produced in Finland","potentialAction":[{"@type":"SearchAction","target":{"@type":"EntryPoint","urlTemplate":"https:\/\/baba.fi\/en\/?s={search_term_string}"},"query-input":{"@type":"PropertyValueSpecification","valueRequired":true,"valueName":"search_term_string"}}],"inLanguage":"en-GB"}]}},"_links":{"self":[{"href":"https:\/\/baba.fi\/en\/wp-json\/wp\/v2\/product\/1862","targetHints":{"allow":["GET"]}}],"collection":[{"href":"https:\/\/baba.fi\/en\/wp-json\/wp\/v2\/product"}],"about":[{"href":"https:\/\/baba.fi\/en\/wp-json\/wp\/v2\/types\/product"}],"wp:featuredmedia":[{"embeddable":true,"href":"https:\/\/baba.fi\/en\/wp-json\/wp\/v2\/media\/7060"}],"wp:attachment":[{"href":"https:\/\/baba.fi\/en\/wp-json\/wp\/v2\/media?parent=1862"}],"wp:term":[{"taxonomy":"product_brand","embeddable":true,"href":"https:\/\/baba.fi\/en\/wp-json\/wp\/v2\/product_brand?post=1862"},{"taxonomy":"product_cat","embeddable":true,"href":"https:\/\/baba.fi\/en\/wp-json\/wp\/v2\/product_cat?post=1862"},{"taxonomy":"product_tag","embeddable":true,"href":"https:\/\/baba.fi\/en\/wp-json\/wp\/v2\/product_tag?post=1862"}],"curies":[{"name":"wp","href":"https:\/\/api.w.org\/{rel}","templated":true}]}}