{"id":1864,"date":"2022-04-26T08:03:20","date_gmt":"2022-04-26T08:03:20","guid":{"rendered":"https:\/\/baba.fi\/product\/baba-ganoush-copy\/"},"modified":"2025-09-10T09:45:27","modified_gmt":"2025-09-10T09:45:27","slug":"baba-ganoush-vahittaiskauppa","status":"publish","type":"product","link":"https:\/\/baba.fi\/en\/product\/baba-ganoush-vahittaiskauppa\/","title":{"rendered":"Baba Ganoush (poistunut tuote \/ kausituote)"},"content":{"rendered":"<h3><span style=\"vertical-align: inherit;\"><span style=\"vertical-align: inherit;\"><span style=\"vertical-align: inherit;\"><span style=\"vertical-align: inherit;\">Nutritional values 100g<\/span><\/span><\/span><\/span><\/h3>\n<table style=\"border-collapse: collapse; width: 100%; height: 168px;\" border=\"1\">\n<thead>\n<tr style=\"height: 24px;\">\n<th style=\"width: 50%; height: 24px;\">Nutritional values \/<\/th>\n<th style=\"width: 50%; height: 24px;\"><span style=\"vertical-align: inherit;\"><span style=\"vertical-align: inherit;\"><span style=\"vertical-align: inherit;\"><span style=\"vertical-align: inherit;\">100g<\/span><\/span><\/span><\/span><\/th>\n<\/tr>\n<\/thead>\n<tbody>\n<tr style=\"height: 24px;\">\n<td style=\"width: 50%; height: 24px;\">Energy<\/td>\n<td style=\"width: 50%; height: 24px;\">300 kcal \/ 1255 kJ<\/td>\n<\/tr>\n<tr style=\"height: 24px;\">\n<td style=\"width: 50%; height: 24px;\">Fat<\/td>\n<td style=\"width: 50%; height: 24px;\">29,8 g \u2013 saturated fat 2,0 g<\/td>\n<\/tr>\n<tr style=\"height: 24px;\">\n<td style=\"width: 50%; height: 24px;\">Carbohydrates<\/td>\n<td style=\"width: 50%; height: 24px;\">4,8 g \u2013 sugars 2,8 g<\/td>\n<\/tr>\n<tr style=\"height: 24px;\">\n<td style=\"width: 50%; height: 24px;\">Fiber<\/td>\n<td style=\"width: 50%; height: 24px;\">2,2 g<\/td>\n<\/tr>\n<tr style=\"height: 24px;\">\n<td style=\"width: 50%; height: 24px;\">Protein<\/td>\n<td style=\"width: 50%; height: 24px;\">1,9 g<\/td>\n<\/tr>\n<tr style=\"height: 24px;\">\n<td style=\"width: 50%; height: 24px;\"><span style=\"vertical-align: inherit;\"><span style=\"vertical-align: inherit;\"><span style=\"vertical-align: inherit;\"><span style=\"vertical-align: inherit;\">Salt<\/span><\/span><\/span><\/span><\/td>\n<td style=\"width: 50%; height: 24px;\">0,9 g<\/td>\n<\/tr>\n<\/tbody>\n<\/table>","protected":false},"excerpt":{"rendered":"<p>Smoky eggplant paste<\/p>\n<p>Milk-free, Gluten-free<\/p>\n<table class=\"summery-table\" style=\"border-collapse: collapse; width: 100%;\" border=\"0\">\n<tbody>\n<tr>\n<td style=\"width: 33.3333%;\"><strong><span style=\"vertical-align: inherit;\"><span style=\"vertical-align: inherit;\"><span style=\"vertical-align: inherit;\"><span style=\"vertical-align: inherit;\">Weight:<\/span><\/span><\/span><\/span><\/strong><\/td>\n<td style=\"width: 33.3333%;\"><strong><span style=\"vertical-align: inherit;\"><span style=\"vertical-align: inherit;\"><span style=\"vertical-align: inherit;\"><span style=\"vertical-align: inherit;\">Country of manufacture:<\/span><\/span><\/span><\/span><\/strong><\/td>\n<td style=\"width: 33.3333%;\"><strong><span style=\"vertical-align: inherit;\"><span style=\"vertical-align: inherit;\"><span style=\"vertical-align: inherit;\"><span style=\"vertical-align: inherit;\">EAN-code:<\/span><\/span><\/span><\/span><\/strong><\/td>\n<\/tr>\n<tr>\n<td style=\"width: 33.3333%;\">150g<\/td>\n<td style=\"width: 33.3333%;\">Suomi \/ Finland<\/td>\n<td style=\"width: 33.3333%;\">6430056260044<\/td>\n<\/tr>\n<\/tbody>\n<\/table>\n<p><strong><span style=\"vertical-align: inherit;\"><span style=\"vertical-align: inherit;\"><span style=\"vertical-align: inherit;\"><span style=\"vertical-align: inherit;\">Ingredients:<\/span><\/span><\/span><\/span><\/strong><\/p>\n<p>Munakoiso 60 %\u00a0(EU), majoneesi (rapsi\u00f6ljy,\u00a0<strong>kananmunankeltuainen<\/strong>,\u00a0<strong>sinapinsiemen<\/strong>, sokeri, etikka, suola),\u00a0<strong>-<\/strong>,\u00a0rapsi\u00f6ljy,\u00a0sipuli, valkosipuli, merisuola, sokeri, mustapippuri, savuaromi,\u00a0s\u00e4il\u00f6nt\u00e4aine (kaliumsorbaatti)<\/p>\n<p>Aubergine 60 % (EU),\u00a0majonn\u00e4s (rapsolja,\u00a0<strong>\u00e4ggula<\/strong>,\u00a0<strong>senapsfr\u00f6<\/strong>, socker, \u00e4ttika, salt),\u00a0<strong>-<\/strong>,\u00a0rapsolja, l\u00f6k, vitl\u00f6k, havssalt, socker, svartpeppar, r\u00f6karom, konserveringsmedel\u00a0(kaliumsorbat)<\/p>\n<p><strong><span style=\"vertical-align: inherit;\"><span style=\"vertical-align: inherit;\"><span style=\"vertical-align: inherit;\"><span style=\"vertical-align: inherit;\">Storage:<\/span><\/span><\/span><\/span><\/strong><\/p>\n<p>Storage at 2\u00b0C - 4\u00b0C. Lasts open in the refrigerator for about 5 days.<\/p>","protected":false},"featured_media":2335,"template":"","meta":{"_acf_changed":false,"_et_pb_use_builder":"","_et_pb_old_content":"","_et_gb_content_width":"","om_disable_all_campaigns":false},"product_brand":[],"product_cat":[41],"product_tag":[],"class_list":{"0":"post-1864","1":"product","2":"type-product","3":"status-publish","4":"has-post-thumbnail","6":"product_cat-vahittaiskauppa","8":"first","9":"outofstock","10":"taxable","11":"shipping-taxable","12":"purchasable","13":"product-type-variable","14":"has-default-attributes"},"acf":[],"yoast_head":"<!-- This site is optimized with the Yoast SEO plugin v26.4 - https:\/\/yoast.com\/wordpress\/plugins\/seo\/ -->\n<title>Baba Ganoush (poistunut tuote \/ kausituote) - Baba Foods<\/title>\n<meta name=\"robots\" content=\"index, follow, max-snippet:-1, max-image-preview:large, max-video-preview:-1\" \/>\n<link rel=\"canonical\" href=\"https:\/\/baba.fi\/en\/product\/baba-ganoush-vahittaiskauppa\/\" \/>\n<meta property=\"og:locale\" content=\"en_GB\" \/>\n<meta property=\"og:type\" content=\"article\" \/>\n<meta property=\"og:title\" content=\"Baba Ganoush (poistunut tuote \/ kausituote) - Baba Foods\" \/>\n<meta property=\"og:description\" content=\"Savunmakuinen munakoisotahna  Maidoton, Gluteeniton    Paino \/ Vikt: Valmistusmaa: EAN-koodi:   150g Suomi \/ Finland 6430056260044    Aineosat \/ Ingredienser:  Munakoiso 60 %\u00a0(EU), majoneesi (rapsi\u00f6ljy,\u00a0kananmunankeltuainen,\u00a0sinapinsiemen, sokeri, etikka, suola),\u00a0seesaminsiementahna,\u00a0rapsi\u00f6ljy,\u00a0sipuli, valkosipuli, merisuola, sokeri, mustapippuri, savuaromi,\u00a0s\u00e4il\u00f6nt\u00e4aine (kaliumsorbaatti)  Aubergine 60 % (EU),\u00a0majonn\u00e4s (rapsolja,\u00a0\u00e4ggula,\u00a0senapsfr\u00f6, socker, \u00e4ttika, salt),\u00a0sesampasta,\u00a0rapsolja, l\u00f6k, vitl\u00f6k, havssalt, socker, svartpeppar, r\u00f6karom, konserveringsmedel\u00a0(kaliumsorbat)  S\u00e4ilytys \/ F\u00f6rvaring :  S\u00e4ilytys 2\u00b0C - 4\u00b0C. S\u00e4ilyy avattuna j\u00e4\u00e4kaapissa n. 5 p\u00e4iv\u00e4\u00e4. \/ F\u00f6rvaras \u00f6ppnad i kylsk\u00e5p ca. 5 dagar.\" \/>\n<meta property=\"og:url\" content=\"https:\/\/baba.fi\/en\/product\/baba-ganoush-vahittaiskauppa\/\" \/>\n<meta property=\"og:site_name\" content=\"Baba Foods\" \/>\n<meta property=\"article:modified_time\" content=\"2025-09-10T09:45:27+00:00\" \/>\n<meta property=\"og:image\" content=\"https:\/\/baba.fi\/wp-content\/uploads\/2022\/05\/BG.png\" \/>\n\t<meta property=\"og:image:width\" content=\"600\" \/>\n\t<meta property=\"og:image:height\" content=\"900\" \/>\n\t<meta property=\"og:image:type\" content=\"image\/png\" \/>\n<meta name=\"twitter:card\" content=\"summary_large_image\" \/>\n<meta name=\"twitter:label1\" content=\"Estimated reading time\" \/>\n\t<meta name=\"twitter:data1\" content=\"1 minute\" \/>\n<script type=\"application\/ld+json\" class=\"yoast-schema-graph\">{\"@context\":\"https:\/\/schema.org\",\"@graph\":[{\"@type\":\"WebPage\",\"@id\":\"https:\/\/baba.fi\/product\/baba-ganoush-vahittaiskauppa\/\",\"url\":\"https:\/\/baba.fi\/product\/baba-ganoush-vahittaiskauppa\/\",\"name\":\"Baba Ganoush (poistunut tuote \/ kausituote) - Baba Foods\",\"isPartOf\":{\"@id\":\"https:\/\/baba.fi\/en\/#website\"},\"primaryImageOfPage\":{\"@id\":\"https:\/\/baba.fi\/product\/baba-ganoush-vahittaiskauppa\/#primaryimage\"},\"image\":{\"@id\":\"https:\/\/baba.fi\/product\/baba-ganoush-vahittaiskauppa\/#primaryimage\"},\"thumbnailUrl\":\"https:\/\/baba.fi\/wp-content\/uploads\/2022\/05\/BG.png\",\"datePublished\":\"2022-04-26T08:03:20+00:00\",\"dateModified\":\"2025-09-10T09:45:27+00:00\",\"breadcrumb\":{\"@id\":\"https:\/\/baba.fi\/product\/baba-ganoush-vahittaiskauppa\/#breadcrumb\"},\"inLanguage\":\"en-GB\",\"potentialAction\":[{\"@type\":\"ReadAction\",\"target\":[\"https:\/\/baba.fi\/product\/baba-ganoush-vahittaiskauppa\/\"]}]},{\"@type\":\"ImageObject\",\"inLanguage\":\"en-GB\",\"@id\":\"https:\/\/baba.fi\/product\/baba-ganoush-vahittaiskauppa\/#primaryimage\",\"url\":\"https:\/\/baba.fi\/wp-content\/uploads\/2022\/05\/BG.png\",\"contentUrl\":\"https:\/\/baba.fi\/wp-content\/uploads\/2022\/05\/BG.png\",\"width\":600,\"height\":900},{\"@type\":\"BreadcrumbList\",\"@id\":\"https:\/\/baba.fi\/product\/baba-ganoush-vahittaiskauppa\/#breadcrumb\",\"itemListElement\":[{\"@type\":\"ListItem\",\"position\":1,\"name\":\"Etusivu\",\"item\":\"https:\/\/baba.fi\/\"},{\"@type\":\"ListItem\",\"position\":2,\"name\":\"Tuotteet\",\"item\":\"https:\/\/baba.fi\/tuotteet\/\"},{\"@type\":\"ListItem\",\"position\":3,\"name\":\"Baba Ganoush (poistunut tuote \/ kausituote)\"}]},{\"@type\":\"WebSite\",\"@id\":\"https:\/\/baba.fi\/en\/#website\",\"url\":\"https:\/\/baba.fi\/en\/\",\"name\":\"Baba Foods\",\"description\":\"L\u00e4hi-id\u00e4n kasvisruokaa Suomessa valmistettuna\",\"potentialAction\":[{\"@type\":\"SearchAction\",\"target\":{\"@type\":\"EntryPoint\",\"urlTemplate\":\"https:\/\/baba.fi\/en\/?s={search_term_string}\"},\"query-input\":{\"@type\":\"PropertyValueSpecification\",\"valueRequired\":true,\"valueName\":\"search_term_string\"}}],\"inLanguage\":\"en-GB\"}]}<\/script>\n<!-- \/ Yoast SEO plugin. -->","yoast_head_json":{"title":"Baba Ganoush (poistunut tuote \/ kausituote) - Baba Foods","robots":{"index":"index","follow":"follow","max-snippet":"max-snippet:-1","max-image-preview":"max-image-preview:large","max-video-preview":"max-video-preview:-1"},"canonical":"https:\/\/baba.fi\/en\/product\/baba-ganoush-vahittaiskauppa\/","og_locale":"en_GB","og_type":"article","og_title":"Baba Ganoush (poistunut tuote \/ kausituote) - Baba Foods","og_description":"Savunmakuinen munakoisotahna  Maidoton, Gluteeniton    Paino \/ Vikt: Valmistusmaa: EAN-koodi:   150g Suomi \/ Finland 6430056260044    Aineosat \/ Ingredienser:  Munakoiso 60 %\u00a0(EU), majoneesi (rapsi\u00f6ljy,\u00a0kananmunankeltuainen,\u00a0sinapinsiemen, sokeri, etikka, suola),\u00a0seesaminsiementahna,\u00a0rapsi\u00f6ljy,\u00a0sipuli, valkosipuli, merisuola, sokeri, mustapippuri, savuaromi,\u00a0s\u00e4il\u00f6nt\u00e4aine (kaliumsorbaatti)  Aubergine 60 % (EU),\u00a0majonn\u00e4s (rapsolja,\u00a0\u00e4ggula,\u00a0senapsfr\u00f6, socker, \u00e4ttika, salt),\u00a0sesampasta,\u00a0rapsolja, l\u00f6k, vitl\u00f6k, havssalt, socker, svartpeppar, r\u00f6karom, konserveringsmedel\u00a0(kaliumsorbat)  S\u00e4ilytys \/ F\u00f6rvaring :  S\u00e4ilytys 2\u00b0C - 4\u00b0C. S\u00e4ilyy avattuna j\u00e4\u00e4kaapissa n. 5 p\u00e4iv\u00e4\u00e4. \/ F\u00f6rvaras \u00f6ppnad i kylsk\u00e5p ca. 5 dagar.","og_url":"https:\/\/baba.fi\/en\/product\/baba-ganoush-vahittaiskauppa\/","og_site_name":"Baba Foods","article_modified_time":"2025-09-10T09:45:27+00:00","og_image":[{"width":600,"height":900,"url":"https:\/\/baba.fi\/wp-content\/uploads\/2022\/05\/BG.png","type":"image\/png"}],"twitter_card":"summary_large_image","twitter_misc":{"Estimated reading time":"1 minute"},"schema":{"@context":"https:\/\/schema.org","@graph":[{"@type":"WebPage","@id":"https:\/\/baba.fi\/product\/baba-ganoush-vahittaiskauppa\/","url":"https:\/\/baba.fi\/product\/baba-ganoush-vahittaiskauppa\/","name":"Baba Ganoush (poistunut tuote \/ kausituote) - Baba Foods","isPartOf":{"@id":"https:\/\/baba.fi\/en\/#website"},"primaryImageOfPage":{"@id":"https:\/\/baba.fi\/product\/baba-ganoush-vahittaiskauppa\/#primaryimage"},"image":{"@id":"https:\/\/baba.fi\/product\/baba-ganoush-vahittaiskauppa\/#primaryimage"},"thumbnailUrl":"https:\/\/baba.fi\/wp-content\/uploads\/2022\/05\/BG.png","datePublished":"2022-04-26T08:03:20+00:00","dateModified":"2025-09-10T09:45:27+00:00","breadcrumb":{"@id":"https:\/\/baba.fi\/product\/baba-ganoush-vahittaiskauppa\/#breadcrumb"},"inLanguage":"en-GB","potentialAction":[{"@type":"ReadAction","target":["https:\/\/baba.fi\/product\/baba-ganoush-vahittaiskauppa\/"]}]},{"@type":"ImageObject","inLanguage":"en-GB","@id":"https:\/\/baba.fi\/product\/baba-ganoush-vahittaiskauppa\/#primaryimage","url":"https:\/\/baba.fi\/wp-content\/uploads\/2022\/05\/BG.png","contentUrl":"https:\/\/baba.fi\/wp-content\/uploads\/2022\/05\/BG.png","width":600,"height":900},{"@type":"BreadcrumbList","@id":"https:\/\/baba.fi\/product\/baba-ganoush-vahittaiskauppa\/#breadcrumb","itemListElement":[{"@type":"ListItem","position":1,"name":"Etusivu","item":"https:\/\/baba.fi\/"},{"@type":"ListItem","position":2,"name":"Tuotteet","item":"https:\/\/baba.fi\/tuotteet\/"},{"@type":"ListItem","position":3,"name":"Baba Ganoush (poistunut tuote \/ kausituote)"}]},{"@type":"WebSite","@id":"https:\/\/baba.fi\/en\/#website","url":"https:\/\/baba.fi\/en\/","name":"Baba Foods","description":"Middle Eastern vegetarian food produced in Finland","potentialAction":[{"@type":"SearchAction","target":{"@type":"EntryPoint","urlTemplate":"https:\/\/baba.fi\/en\/?s={search_term_string}"},"query-input":{"@type":"PropertyValueSpecification","valueRequired":true,"valueName":"search_term_string"}}],"inLanguage":"en-GB"}]}},"_links":{"self":[{"href":"https:\/\/baba.fi\/en\/wp-json\/wp\/v2\/product\/1864","targetHints":{"allow":["GET"]}}],"collection":[{"href":"https:\/\/baba.fi\/en\/wp-json\/wp\/v2\/product"}],"about":[{"href":"https:\/\/baba.fi\/en\/wp-json\/wp\/v2\/types\/product"}],"wp:featuredmedia":[{"embeddable":true,"href":"https:\/\/baba.fi\/en\/wp-json\/wp\/v2\/media\/2335"}],"wp:attachment":[{"href":"https:\/\/baba.fi\/en\/wp-json\/wp\/v2\/media?parent=1864"}],"wp:term":[{"taxonomy":"product_brand","embeddable":true,"href":"https:\/\/baba.fi\/en\/wp-json\/wp\/v2\/product_brand?post=1864"},{"taxonomy":"product_cat","embeddable":true,"href":"https:\/\/baba.fi\/en\/wp-json\/wp\/v2\/product_cat?post=1864"},{"taxonomy":"product_tag","embeddable":true,"href":"https:\/\/baba.fi\/en\/wp-json\/wp\/v2\/product_tag?post=1864"}],"curies":[{"name":"wp","href":"https:\/\/api.w.org\/{rel}","templated":true}]}}