{"id":1994,"date":"2022-04-28T12:12:27","date_gmt":"2022-04-28T12:12:27","guid":{"rendered":"https:\/\/baba.fi\/product\/baba-olivinade-vahittaiskauppa-copy\/"},"modified":"2025-09-18T06:04:44","modified_gmt":"2025-09-18T06:04:44","slug":"baba-ateria-falafel-kvinoa-matbucha-vahittaiskauppa","status":"publish","type":"product","link":"https:\/\/baba.fi\/en\/product\/baba-ateria-falafel-kvinoa-matbucha-vahittaiskauppa\/","title":{"rendered":"Baba Ateria: Falafel, kvinoa &#038; matbucha"},"content":{"rendered":"<h3><span style=\"vertical-align: inherit;\"><span style=\"vertical-align: inherit;\"><span style=\"vertical-align: inherit;\"><span style=\"vertical-align: inherit;\">Nutritional values 100g<\/span><\/span><\/span><\/span><\/h3>\n<table style=\"border-collapse: collapse; width: 100%; height: 168px;\" border=\"1\">\n<thead>\n<tr style=\"height: 24px;\">\n<th style=\"width: 50%; height: 24px;\"><span style=\"font-weight: 500;\">Nutritional values \/<\/span><\/th>\n<th style=\"width: 50%; height: 24px;\"><span style=\"vertical-align: inherit;\"><span style=\"vertical-align: inherit;\"><span style=\"vertical-align: inherit;\"><span style=\"vertical-align: inherit;\">100g<\/span><\/span><\/span><\/span><\/th>\n<\/tr>\n<\/thead>\n<tbody>\n<tr style=\"height: 24px;\">\n<td style=\"width: 50%; height: 24px;\">Energy<\/td>\n<td style=\"width: 50%; height: 24px;\">123 kcal \/ 515 kJ<\/td>\n<\/tr>\n<tr style=\"height: 24px;\">\n<td style=\"width: 50%; height: 24px;\">Fat<\/td>\n<td style=\"width: 50%; height: 24px;\">5,5 g \u2013 saturated fat 0,3 g<\/td>\n<\/tr>\n<tr style=\"height: 24px;\">\n<td style=\"width: 50%; height: 24px;\">Carbohydrates<\/td>\n<td style=\"width: 50%; height: 24px;\">12,9 g \u2013 sugars 2,2 g<\/td>\n<\/tr>\n<tr style=\"height: 24px;\">\n<td style=\"width: 50%; height: 24px;\">Fiber<\/td>\n<td style=\"width: 50%; height: 24px;\">2,3 g<\/td>\n<\/tr>\n<tr style=\"height: 24px;\">\n<td style=\"width: 50%; height: 24px;\">Protein<\/td>\n<td style=\"width: 50%; height: 24px;\">4,2 g<\/td>\n<\/tr>\n<tr style=\"height: 24px;\">\n<td style=\"width: 50%; height: 24px;\"><span style=\"vertical-align: inherit;\"><span style=\"vertical-align: inherit;\"><span style=\"vertical-align: inherit;\"><span style=\"vertical-align: inherit;\">Salt<\/span><\/span><\/span><\/span><\/td>\n<td style=\"width: 50%; height: 24px;\">1,1 g<\/td>\n<\/tr>\n<\/tbody>\n<\/table>","protected":false},"excerpt":{"rendered":"<p>Delicious ready meal<\/p>\n<p>Vegan, Gluten Free<\/p>\n<table class=\"summery-table\" style=\"border-collapse: collapse; width: 100%;\" border=\"0\">\n<tbody>\n<tr>\n<td style=\"width: 33.3333%;\"><strong><span style=\"vertical-align: inherit;\"><span style=\"vertical-align: inherit;\"><span style=\"vertical-align: inherit;\"><span style=\"vertical-align: inherit;\">Weight:<\/span><\/span><\/span><\/span><\/strong><\/td>\n<td style=\"width: 33.3333%;\"><strong><span style=\"vertical-align: inherit;\"><span style=\"vertical-align: inherit;\"><span style=\"vertical-align: inherit;\"><span style=\"vertical-align: inherit;\">Country of manufacture:<\/span><\/span><\/span><\/span><\/strong><\/td>\n<td style=\"width: 33.3333%;\"><strong><span style=\"vertical-align: inherit;\"><span style=\"vertical-align: inherit;\"><span style=\"vertical-align: inherit;\"><span style=\"vertical-align: inherit;\">EAN-code:<\/span><\/span><\/span><\/span><\/strong><\/td>\n<\/tr>\n<tr>\n<td style=\"width: 33.3333%;\">310g<\/td>\n<td style=\"width: 33.3333%;\">Suomi \/ Finland<\/td>\n<td style=\"width: 33.3333%;\">6430056261454<\/td>\n<\/tr>\n<\/tbody>\n<\/table>\n<p><strong><span style=\"vertical-align: inherit;\"><span style=\"vertical-align: inherit;\"><span style=\"vertical-align: inherit;\"><span style=\"vertical-align: inherit;\">Ingredients:<\/span><\/span><\/span><\/span><\/strong><\/p>\n<p>Matbucha 40% (tomato, paprika, rapeseed oil, Harissa (rapeseed oil, garlic, spices (i.a. chili, turmeric)), sea salt, sugar, spices (eg. black pepper), preservative (potassium sorbate)), flavored quinoa 35 % (Quinoa 63 % (EU and non-EU), water, chickpeas, lemon juice, rapeseed oil, spices), falafel 25 % (chickpeas 70% (Canada), onion, potato startch, herbs (parsley, coriander), rapeseed oil, garlic, sea salt, leavening agent (baking soda), cumin, black pepper, psyllium): May include sesame seed.<\/p>\n<p>.<\/p>\n<p><strong><span style=\"vertical-align: inherit;\"><span style=\"vertical-align: inherit;\"><span style=\"vertical-align: inherit;\"><span style=\"vertical-align: inherit;\">Storage:<\/span><\/span><\/span><\/span><\/strong><\/p>\n<p>Under +6\u00b0C<\/p>\n<p><img loading=\"lazy\" decoding=\"async\" class=\"wp-image-7101 alignleft\" src=\"https:\/\/baba.fi\/wp-content\/uploads\/2023\/02\/df95c758-7d5d-48d9-b664-40bc817cf445.png\" alt=\"\" width=\"163\" height=\"101\" srcset=\"https:\/\/baba.fi\/wp-content\/uploads\/2023\/02\/df95c758-7d5d-48d9-b664-40bc817cf445.png 387w, https:\/\/baba.fi\/wp-content\/uploads\/2023\/02\/df95c758-7d5d-48d9-b664-40bc817cf445-300x186.png 300w, https:\/\/baba.fi\/wp-content\/uploads\/2023\/02\/df95c758-7d5d-48d9-b664-40bc817cf445-18x12.png 18w\" sizes=\"(max-width: 163px) 100vw, 163px\" \/><\/p>","protected":false},"featured_media":5136,"template":"","meta":{"_acf_changed":false,"_et_pb_use_builder":"","_et_pb_old_content":"","_et_gb_content_width":"","om_disable_all_campaigns":false},"product_brand":[],"product_cat":[41],"product_tag":[],"class_list":{"0":"post-1994","1":"product","2":"type-product","3":"status-publish","4":"has-post-thumbnail","6":"product_cat-vahittaiskauppa","8":"first","9":"outofstock","10":"taxable","11":"shipping-taxable","12":"purchasable","13":"product-type-variable","14":"has-default-attributes"},"acf":[],"yoast_head":"<!-- This site is optimized with the Yoast SEO plugin v27.5 - https:\/\/yoast.com\/product\/yoast-seo-wordpress\/ -->\n<title>Baba Ateria: Falafel, kvinoa &amp; matbucha - Baba Foods<\/title>\n<meta name=\"robots\" content=\"index, follow, max-snippet:-1, max-image-preview:large, max-video-preview:-1\" \/>\n<link rel=\"canonical\" href=\"https:\/\/baba.fi\/en\/product\/baba-ateria-falafel-kvinoa-matbucha-vahittaiskauppa\/\" \/>\n<meta property=\"og:locale\" content=\"en_GB\" \/>\n<meta property=\"og:type\" content=\"article\" \/>\n<meta property=\"og:title\" content=\"Baba Ateria: Falafel, kvinoa &amp; matbucha - Baba Foods\" \/>\n<meta property=\"og:description\" content=\"Herkullinen valmisateria  Vegaaninen, Gluteeniton    Paino \/ Vikt: Valmistusmaa: EAN-koodi:   310g Suomi \/ Finland 6430056261454    Aineosat \/ Ingredienser:  Matbucha 40 %\u00a0(tomaatti, paprika,\u00a0rapsi\u00f6ljy,\u00a0harissa (rapsi\u00f6ljy, valkosipuli, mausteet (mm. chili,\u00a0kurkuma)), merisuola, sokeri,\u00a0mausteet (mm.\u00a0mustapippuri),\u00a0s\u00e4il\u00f6nt\u00e4aine (kaliumsorbaatti)),\u00a0maustettu kvinoa\u00a035 % (kvinoa 63 % (EU ja muu kuin EU), vesi, kikherne, sitruunat\u00e4ysmehu, rapsi\u00f6ljy, mausteet),\u00a0falafel 25 %\u00a0(kikherne 70 % (Kanada), sipuli, perunajauho,\u00a0yrtit (persilja, korianteri),\u00a0rapsi\u00f6ljy, valkosipuli,\u00a0merisuola, nostatusaine (ruokasooda), juustokumina, mustapippuri, psyllium). Saattaa sis\u00e4lt\u00e4\u00e4 seesaminsiement\u00e4.  Matbucha 40 %\u00a0(tomat, paprika, rapsolja, harissa (rapsolja, vitl\u00f6k, kryddor\u00a0(bl.a chili,\u00a0gurkmeja)), havssalt, socker, kryddor (bl.a.\u00a0peppar),\u00a0konserveringsmedel (kaliumsorbat)),\u00a0kryddad\u00a0quinoa\u00a035\u00a0% (quinoa 63 % (EU och icke-EU), vatten, kik\u00e4rt, citronjuice, rapsolja, kryddor),\u00a0falafel 25 %\u00a0(kik\u00e4rt 70 % (Kanada), l\u00f6k, potatismj\u00f6l,\u00a0\u00f6rter (persilja, koriander),\u00a0rapsolja, vitl\u00f6k, havssalt,\u00a0j\u00e4sningsmedel (matsoda),\u00a0spiskummin, peppar, psyllium). Kan inneh\u00e5lla sesamfr\u00f6n.  S\u00e4ilytys \/ F\u00f6rvaring :  S\u00e4ilytys: alle +6\u00b0C \/ under +6\u00b0C\" \/>\n<meta property=\"og:url\" content=\"https:\/\/baba.fi\/en\/product\/baba-ateria-falafel-kvinoa-matbucha-vahittaiskauppa\/\" \/>\n<meta property=\"og:site_name\" content=\"Baba Foods\" \/>\n<meta property=\"article:modified_time\" content=\"2025-09-18T06:04:44+00:00\" \/>\n<meta property=\"og:image\" content=\"https:\/\/baba.fi\/wp-content\/uploads\/2022\/04\/Matbucha-ateria.png\" \/>\n\t<meta property=\"og:image:width\" content=\"600\" \/>\n\t<meta property=\"og:image:height\" content=\"900\" \/>\n\t<meta property=\"og:image:type\" content=\"image\/png\" \/>\n<meta name=\"twitter:card\" content=\"summary_large_image\" \/>\n<meta name=\"twitter:label1\" content=\"Estimated reading time\" \/>\n\t<meta name=\"twitter:data1\" content=\"1 minute\" \/>\n<script type=\"application\/ld+json\" class=\"yoast-schema-graph\">{\"@context\":\"https:\\\/\\\/schema.org\",\"@graph\":[{\"@type\":\"WebPage\",\"@id\":\"https:\\\/\\\/baba.fi\\\/product\\\/baba-ateria-falafel-kvinoa-matbucha-vahittaiskauppa\\\/\",\"url\":\"https:\\\/\\\/baba.fi\\\/product\\\/baba-ateria-falafel-kvinoa-matbucha-vahittaiskauppa\\\/\",\"name\":\"Baba Ateria: Falafel, kvinoa & matbucha - Baba Foods\",\"isPartOf\":{\"@id\":\"https:\\\/\\\/baba.fi\\\/en\\\/#website\"},\"primaryImageOfPage\":{\"@id\":\"https:\\\/\\\/baba.fi\\\/product\\\/baba-ateria-falafel-kvinoa-matbucha-vahittaiskauppa\\\/#primaryimage\"},\"image\":{\"@id\":\"https:\\\/\\\/baba.fi\\\/product\\\/baba-ateria-falafel-kvinoa-matbucha-vahittaiskauppa\\\/#primaryimage\"},\"thumbnailUrl\":\"https:\\\/\\\/baba.fi\\\/wp-content\\\/uploads\\\/2022\\\/04\\\/Matbucha-ateria.png\",\"datePublished\":\"2022-04-28T12:12:27+00:00\",\"dateModified\":\"2025-09-18T06:04:44+00:00\",\"breadcrumb\":{\"@id\":\"https:\\\/\\\/baba.fi\\\/product\\\/baba-ateria-falafel-kvinoa-matbucha-vahittaiskauppa\\\/#breadcrumb\"},\"inLanguage\":\"en-GB\",\"potentialAction\":[{\"@type\":\"ReadAction\",\"target\":[\"https:\\\/\\\/baba.fi\\\/product\\\/baba-ateria-falafel-kvinoa-matbucha-vahittaiskauppa\\\/\"]}]},{\"@type\":\"ImageObject\",\"inLanguage\":\"en-GB\",\"@id\":\"https:\\\/\\\/baba.fi\\\/product\\\/baba-ateria-falafel-kvinoa-matbucha-vahittaiskauppa\\\/#primaryimage\",\"url\":\"https:\\\/\\\/baba.fi\\\/wp-content\\\/uploads\\\/2022\\\/04\\\/Matbucha-ateria.png\",\"contentUrl\":\"https:\\\/\\\/baba.fi\\\/wp-content\\\/uploads\\\/2022\\\/04\\\/Matbucha-ateria.png\",\"width\":600,\"height\":900},{\"@type\":\"BreadcrumbList\",\"@id\":\"https:\\\/\\\/baba.fi\\\/product\\\/baba-ateria-falafel-kvinoa-matbucha-vahittaiskauppa\\\/#breadcrumb\",\"itemListElement\":[{\"@type\":\"ListItem\",\"position\":1,\"name\":\"Etusivu\",\"item\":\"https:\\\/\\\/baba.fi\\\/\"},{\"@type\":\"ListItem\",\"position\":2,\"name\":\"Tuotteet\",\"item\":\"https:\\\/\\\/baba.fi\\\/tuotteet\\\/\"},{\"@type\":\"ListItem\",\"position\":3,\"name\":\"Baba Ateria: Falafel, kvinoa &#038; matbucha\"}]},{\"@type\":\"WebSite\",\"@id\":\"https:\\\/\\\/baba.fi\\\/en\\\/#website\",\"url\":\"https:\\\/\\\/baba.fi\\\/en\\\/\",\"name\":\"Baba Foods\",\"description\":\"L\u00e4hi-id\u00e4n kasvisruokaa Suomessa valmistettuna\",\"potentialAction\":[{\"@type\":\"SearchAction\",\"target\":{\"@type\":\"EntryPoint\",\"urlTemplate\":\"https:\\\/\\\/baba.fi\\\/en\\\/?s={search_term_string}\"},\"query-input\":{\"@type\":\"PropertyValueSpecification\",\"valueRequired\":true,\"valueName\":\"search_term_string\"}}],\"inLanguage\":\"en-GB\"}]}<\/script>\n<!-- \/ Yoast SEO plugin. -->","yoast_head_json":{"title":"Baba Ateria: Falafel, kvinoa & matbucha - Baba Foods","robots":{"index":"index","follow":"follow","max-snippet":"max-snippet:-1","max-image-preview":"max-image-preview:large","max-video-preview":"max-video-preview:-1"},"canonical":"https:\/\/baba.fi\/en\/product\/baba-ateria-falafel-kvinoa-matbucha-vahittaiskauppa\/","og_locale":"en_GB","og_type":"article","og_title":"Baba Ateria: Falafel, kvinoa & matbucha - Baba Foods","og_description":"Herkullinen valmisateria  Vegaaninen, Gluteeniton    Paino \/ Vikt: Valmistusmaa: EAN-koodi:   310g Suomi \/ Finland 6430056261454    Aineosat \/ Ingredienser:  Matbucha 40 %\u00a0(tomaatti, paprika,\u00a0rapsi\u00f6ljy,\u00a0harissa (rapsi\u00f6ljy, valkosipuli, mausteet (mm. chili,\u00a0kurkuma)), merisuola, sokeri,\u00a0mausteet (mm.\u00a0mustapippuri),\u00a0s\u00e4il\u00f6nt\u00e4aine (kaliumsorbaatti)),\u00a0maustettu kvinoa\u00a035 % (kvinoa 63 % (EU ja muu kuin EU), vesi, kikherne, sitruunat\u00e4ysmehu, rapsi\u00f6ljy, mausteet),\u00a0falafel 25 %\u00a0(kikherne 70 % (Kanada), sipuli, perunajauho,\u00a0yrtit (persilja, korianteri),\u00a0rapsi\u00f6ljy, valkosipuli,\u00a0merisuola, nostatusaine (ruokasooda), juustokumina, mustapippuri, psyllium). Saattaa sis\u00e4lt\u00e4\u00e4 seesaminsiement\u00e4.  Matbucha 40 %\u00a0(tomat, paprika, rapsolja, harissa (rapsolja, vitl\u00f6k, kryddor\u00a0(bl.a chili,\u00a0gurkmeja)), havssalt, socker, kryddor (bl.a.\u00a0peppar),\u00a0konserveringsmedel (kaliumsorbat)),\u00a0kryddad\u00a0quinoa\u00a035\u00a0% (quinoa 63 % (EU och icke-EU), vatten, kik\u00e4rt, citronjuice, rapsolja, kryddor),\u00a0falafel 25 %\u00a0(kik\u00e4rt 70 % (Kanada), l\u00f6k, potatismj\u00f6l,\u00a0\u00f6rter (persilja, koriander),\u00a0rapsolja, vitl\u00f6k, havssalt,\u00a0j\u00e4sningsmedel (matsoda),\u00a0spiskummin, peppar, psyllium). Kan inneh\u00e5lla sesamfr\u00f6n.  S\u00e4ilytys \/ F\u00f6rvaring :  S\u00e4ilytys: alle +6\u00b0C \/ under +6\u00b0C","og_url":"https:\/\/baba.fi\/en\/product\/baba-ateria-falafel-kvinoa-matbucha-vahittaiskauppa\/","og_site_name":"Baba Foods","article_modified_time":"2025-09-18T06:04:44+00:00","og_image":[{"width":600,"height":900,"url":"https:\/\/baba.fi\/wp-content\/uploads\/2022\/04\/Matbucha-ateria.png","type":"image\/png"}],"twitter_card":"summary_large_image","twitter_misc":{"Estimated reading time":"1 minute"},"schema":{"@context":"https:\/\/schema.org","@graph":[{"@type":"WebPage","@id":"https:\/\/baba.fi\/product\/baba-ateria-falafel-kvinoa-matbucha-vahittaiskauppa\/","url":"https:\/\/baba.fi\/product\/baba-ateria-falafel-kvinoa-matbucha-vahittaiskauppa\/","name":"Baba Ateria: Falafel, kvinoa & matbucha - Baba Foods","isPartOf":{"@id":"https:\/\/baba.fi\/en\/#website"},"primaryImageOfPage":{"@id":"https:\/\/baba.fi\/product\/baba-ateria-falafel-kvinoa-matbucha-vahittaiskauppa\/#primaryimage"},"image":{"@id":"https:\/\/baba.fi\/product\/baba-ateria-falafel-kvinoa-matbucha-vahittaiskauppa\/#primaryimage"},"thumbnailUrl":"https:\/\/baba.fi\/wp-content\/uploads\/2022\/04\/Matbucha-ateria.png","datePublished":"2022-04-28T12:12:27+00:00","dateModified":"2025-09-18T06:04:44+00:00","breadcrumb":{"@id":"https:\/\/baba.fi\/product\/baba-ateria-falafel-kvinoa-matbucha-vahittaiskauppa\/#breadcrumb"},"inLanguage":"en-GB","potentialAction":[{"@type":"ReadAction","target":["https:\/\/baba.fi\/product\/baba-ateria-falafel-kvinoa-matbucha-vahittaiskauppa\/"]}]},{"@type":"ImageObject","inLanguage":"en-GB","@id":"https:\/\/baba.fi\/product\/baba-ateria-falafel-kvinoa-matbucha-vahittaiskauppa\/#primaryimage","url":"https:\/\/baba.fi\/wp-content\/uploads\/2022\/04\/Matbucha-ateria.png","contentUrl":"https:\/\/baba.fi\/wp-content\/uploads\/2022\/04\/Matbucha-ateria.png","width":600,"height":900},{"@type":"BreadcrumbList","@id":"https:\/\/baba.fi\/product\/baba-ateria-falafel-kvinoa-matbucha-vahittaiskauppa\/#breadcrumb","itemListElement":[{"@type":"ListItem","position":1,"name":"Etusivu","item":"https:\/\/baba.fi\/"},{"@type":"ListItem","position":2,"name":"Tuotteet","item":"https:\/\/baba.fi\/tuotteet\/"},{"@type":"ListItem","position":3,"name":"Baba Ateria: Falafel, kvinoa &#038; matbucha"}]},{"@type":"WebSite","@id":"https:\/\/baba.fi\/en\/#website","url":"https:\/\/baba.fi\/en\/","name":"Baba Foods","description":"Middle Eastern vegetarian food produced in Finland","potentialAction":[{"@type":"SearchAction","target":{"@type":"EntryPoint","urlTemplate":"https:\/\/baba.fi\/en\/?s={search_term_string}"},"query-input":{"@type":"PropertyValueSpecification","valueRequired":true,"valueName":"search_term_string"}}],"inLanguage":"en-GB"}]}},"_links":{"self":[{"href":"https:\/\/baba.fi\/en\/wp-json\/wp\/v2\/product\/1994","targetHints":{"allow":["GET"]}}],"collection":[{"href":"https:\/\/baba.fi\/en\/wp-json\/wp\/v2\/product"}],"about":[{"href":"https:\/\/baba.fi\/en\/wp-json\/wp\/v2\/types\/product"}],"wp:featuredmedia":[{"embeddable":true,"href":"https:\/\/baba.fi\/en\/wp-json\/wp\/v2\/media\/5136"}],"wp:attachment":[{"href":"https:\/\/baba.fi\/en\/wp-json\/wp\/v2\/media?parent=1994"}],"wp:term":[{"taxonomy":"product_brand","embeddable":true,"href":"https:\/\/baba.fi\/en\/wp-json\/wp\/v2\/product_brand?post=1994"},{"taxonomy":"product_cat","embeddable":true,"href":"https:\/\/baba.fi\/en\/wp-json\/wp\/v2\/product_cat?post=1994"},{"taxonomy":"product_tag","embeddable":true,"href":"https:\/\/baba.fi\/en\/wp-json\/wp\/v2\/product_tag?post=1994"}],"curies":[{"name":"wp","href":"https:\/\/api.w.org\/{rel}","templated":true}]}}