{"id":2222,"date":"2022-05-02T08:55:44","date_gmt":"2022-05-02T08:55:44","guid":{"rendered":"https:\/\/baba.fi\/?post_type=product&#038;p=2222"},"modified":"2023-09-11T07:22:23","modified_gmt":"2023-09-11T07:22:23","slug":"baba-pita-leipa-100g","status":"publish","type":"product","link":"https:\/\/baba.fi\/en\/product\/baba-pita-leipa-100g\/","title":{"rendered":"Baba Pitaleip\u00e4"},"content":{"rendered":"<h3><span style=\"vertical-align: inherit;\"><span style=\"vertical-align: inherit;\"><span style=\"vertical-align: inherit;\"><span style=\"vertical-align: inherit;\">Nutritional values 100g<\/span><\/span><\/span><\/span><\/h3>\n<table style=\"border-collapse: collapse; width: 100%; height: 168px;\" border=\"1\">\n<thead>\n<tr style=\"height: 24px;\">\n<th style=\"width: 50%; height: 24px;\">Nutritional values \/<\/th>\n<th style=\"width: 50%; height: 24px;\"><span style=\"vertical-align: inherit;\"><span style=\"vertical-align: inherit;\"><span style=\"vertical-align: inherit;\"><span style=\"vertical-align: inherit;\">100g<\/span><\/span><\/span><\/span><\/th>\n<\/tr>\n<\/thead>\n<tbody>\n<tr style=\"height: 24px;\">\n<td style=\"width: 50%; height: 24px;\">Energy<\/td>\n<td style=\"width: 50%; height: 24px;\">235 kcal \/ 983 kJ<\/td>\n<\/tr>\n<tr style=\"height: 24px;\">\n<td style=\"width: 50%; height: 24px;\">Fat<\/td>\n<td style=\"width: 50%; height: 24px;\">1.2g \u2013 saturated fat 0.3g<\/td>\n<\/tr>\n<tr style=\"height: 24px;\">\n<td style=\"width: 50%; height: 24px;\">Carbohydrates<\/td>\n<td style=\"width: 50%; height: 24px;\">47.2g &#8211; josta sokereita \/ varav sockerarter 1.9g<\/td>\n<\/tr>\n<tr style=\"height: 24px;\">\n<td style=\"width: 50%; height: 24px;\">Fiber<\/td>\n<td style=\"width: 50%; height: 24px;\">2.9g<\/td>\n<\/tr>\n<tr style=\"height: 24px;\">\n<td style=\"width: 50%; height: 24px;\">Protein<\/td>\n<td style=\"width: 50%; height: 24px;\">7.4g<\/td>\n<\/tr>\n<tr style=\"height: 24px;\">\n<td style=\"width: 50%; height: 24px;\"><span style=\"vertical-align: inherit;\"><span style=\"vertical-align: inherit;\"><span style=\"vertical-align: inherit;\"><span style=\"vertical-align: inherit;\">Salt<\/span><\/span><\/span><\/span><\/td>\n<td style=\"width: 50%; height: 24px;\">0.3g<\/td>\n<\/tr>\n<\/tbody>\n<\/table>","protected":false},"excerpt":{"rendered":"<p>1 pitaleip\u00e4 = 100g<\/p>\n<p>Laatikko (50kpl) = 5kg<\/p>\n<p>(pakaste, s\u00e4ilyy hyv\u00e4n\u00e4 noin 24h sulatuksesta)<\/p>\n<table class=\"summery-table\" style=\"border-collapse: collapse; width: 100%;\" border=\"0\">\n<tbody>\n<tr>\n<td style=\"width: 33.3333%;\"><strong><span style=\"vertical-align: inherit;\"><span style=\"vertical-align: inherit;\"><span style=\"vertical-align: inherit;\"><span style=\"vertical-align: inherit;\">Weight:<\/span><\/span><\/span><\/span><\/strong><\/td>\n<td style=\"width: 33.3333%;\"><strong><span style=\"vertical-align: inherit;\"><span style=\"vertical-align: inherit;\"><span style=\"vertical-align: inherit;\"><span style=\"vertical-align: inherit;\">Country of manufacture:<\/span><\/span><\/span><\/span><\/strong><\/td>\n<td style=\"width: 33.3333%;\"><\/td>\n<\/tr>\n<tr>\n<td style=\"width: 33.3333%;\">100g \/ kpl<\/td>\n<td style=\"width: 33.3333%;\">Suomi \/ Finland<\/td>\n<td style=\"width: 33.3333%;\"><\/td>\n<\/tr>\n<\/tbody>\n<\/table>\n<p><strong><span style=\"vertical-align: inherit;\"><span style=\"vertical-align: inherit;\"><span style=\"vertical-align: inherit;\"><span style=\"vertical-align: inherit;\">Ingredients:<\/span><\/span><\/span><\/span><\/strong><\/p>\n<p><strong>Vehn\u00e4jauho<\/strong>\/<strong>vetemj\u00f6l<\/strong> (gluteeni\/gluten), vesi\/vatten, sokeri\/socker, suola\/salt, hiiva\/j\u00e4st.<\/p>\n<p><strong><span style=\"vertical-align: inherit;\"><span style=\"vertical-align: inherit;\"><span style=\"vertical-align: inherit;\"><span style=\"vertical-align: inherit;\">Storage:<\/span><\/span><\/span><\/span><\/strong><\/p>\n<p>Storage at -18\u00b0C. Lasts defrosted for 2 days.<\/p>","protected":false},"featured_media":2347,"template":"","meta":{"_acf_changed":false,"_et_pb_use_builder":"","_et_pb_old_content":"","_et_gb_content_width":"","om_disable_all_campaigns":false},"product_brand":[],"product_cat":[46],"product_tag":[],"class_list":{"0":"post-2222","1":"product","2":"type-product","3":"status-publish","4":"has-post-thumbnail","6":"product_cat-kuluttajakauppa","8":"first","9":"outofstock","10":"taxable","11":"shipping-taxable","12":"purchasable","13":"product-type-variable","14":"has-default-attributes"},"acf":[],"yoast_head":"<!-- This site is optimized with the Yoast SEO plugin v26.4 - https:\/\/yoast.com\/wordpress\/plugins\/seo\/ -->\n<title>Baba Pitaleip\u00e4 - Baba Foods<\/title>\n<meta name=\"robots\" content=\"index, follow, max-snippet:-1, max-image-preview:large, max-video-preview:-1\" \/>\n<link rel=\"canonical\" href=\"https:\/\/baba.fi\/en\/product\/baba-pita-leipa-100g\/\" \/>\n<meta property=\"og:locale\" content=\"en_GB\" \/>\n<meta property=\"og:type\" content=\"article\" \/>\n<meta property=\"og:title\" content=\"Baba Pitaleip\u00e4 - Baba Foods\" \/>\n<meta property=\"og:description\" content=\"1 pitaleip\u00e4 = 100g  Laatikko (50kpl) = 5kg  (pakaste, s\u00e4ilyy hyv\u00e4n\u00e4 noin 24h sulatuksesta)    Paino \/ Vikt: Valmistusmaa:    100g \/ kpl Suomi \/ Finland     Aineosat \/ Ingredienser:  Vehn\u00e4jauho\/vetemj\u00f6l (gluteeni\/gluten), vesi\/vatten, sokeri\/socker, suola\/salt, hiiva\/j\u00e4st.  S\u00e4ilytys \/ F\u00f6rvaring :  S\u00e4ilytys -18\u00b0C. S\u00e4ilyy sulatettuna 2 p\u00e4iv\u00e4\u00e4. \/ H\u00e5ller upp till 2 dagar efter upptining.\" \/>\n<meta property=\"og:url\" content=\"https:\/\/baba.fi\/en\/product\/baba-pita-leipa-100g\/\" \/>\n<meta property=\"og:site_name\" content=\"Baba Foods\" \/>\n<meta property=\"article:modified_time\" content=\"2023-09-11T07:22:23+00:00\" \/>\n<meta property=\"og:image\" content=\"https:\/\/baba.fi\/wp-content\/uploads\/2022\/05\/Pita-100g.png\" \/>\n\t<meta property=\"og:image:width\" content=\"600\" \/>\n\t<meta property=\"og:image:height\" content=\"900\" \/>\n\t<meta property=\"og:image:type\" content=\"image\/png\" \/>\n<meta name=\"twitter:card\" content=\"summary_large_image\" \/>\n<meta name=\"twitter:label1\" content=\"Estimated reading time\" \/>\n\t<meta name=\"twitter:data1\" content=\"1 minute\" \/>\n<script type=\"application\/ld+json\" class=\"yoast-schema-graph\">{\"@context\":\"https:\/\/schema.org\",\"@graph\":[{\"@type\":\"WebPage\",\"@id\":\"https:\/\/baba.fi\/en\/product\/baba-pita-leipa-100g\/\",\"url\":\"https:\/\/baba.fi\/en\/product\/baba-pita-leipa-100g\/\",\"name\":\"Baba Pitaleip\u00e4 - Baba Foods\",\"isPartOf\":{\"@id\":\"https:\/\/baba.fi\/en\/#website\"},\"primaryImageOfPage\":{\"@id\":\"https:\/\/baba.fi\/en\/product\/baba-pita-leipa-100g\/#primaryimage\"},\"image\":{\"@id\":\"https:\/\/baba.fi\/en\/product\/baba-pita-leipa-100g\/#primaryimage\"},\"thumbnailUrl\":\"https:\/\/baba.fi\/wp-content\/uploads\/2022\/05\/Pita-100g.png\",\"datePublished\":\"2022-05-02T08:55:44+00:00\",\"dateModified\":\"2023-09-11T07:22:23+00:00\",\"breadcrumb\":{\"@id\":\"https:\/\/baba.fi\/en\/product\/baba-pita-leipa-100g\/#breadcrumb\"},\"inLanguage\":\"en-GB\",\"potentialAction\":[{\"@type\":\"ReadAction\",\"target\":[\"https:\/\/baba.fi\/en\/product\/baba-pita-leipa-100g\/\"]}]},{\"@type\":\"ImageObject\",\"inLanguage\":\"en-GB\",\"@id\":\"https:\/\/baba.fi\/en\/product\/baba-pita-leipa-100g\/#primaryimage\",\"url\":\"https:\/\/baba.fi\/wp-content\/uploads\/2022\/05\/Pita-100g.png\",\"contentUrl\":\"https:\/\/baba.fi\/wp-content\/uploads\/2022\/05\/Pita-100g.png\",\"width\":600,\"height\":900},{\"@type\":\"BreadcrumbList\",\"@id\":\"https:\/\/baba.fi\/en\/product\/baba-pita-leipa-100g\/#breadcrumb\",\"itemListElement\":[{\"@type\":\"ListItem\",\"position\":1,\"name\":\"Etusivu\",\"item\":\"https:\/\/baba.fi\/\"},{\"@type\":\"ListItem\",\"position\":2,\"name\":\"Tuotteet\",\"item\":\"https:\/\/baba.fi\/tuotteet\/\"},{\"@type\":\"ListItem\",\"position\":3,\"name\":\"Baba Pitaleip\u00e4\"}]},{\"@type\":\"WebSite\",\"@id\":\"https:\/\/baba.fi\/en\/#website\",\"url\":\"https:\/\/baba.fi\/en\/\",\"name\":\"Baba Foods\",\"description\":\"L\u00e4hi-id\u00e4n kasvisruokaa Suomessa valmistettuna\",\"potentialAction\":[{\"@type\":\"SearchAction\",\"target\":{\"@type\":\"EntryPoint\",\"urlTemplate\":\"https:\/\/baba.fi\/en\/?s={search_term_string}\"},\"query-input\":{\"@type\":\"PropertyValueSpecification\",\"valueRequired\":true,\"valueName\":\"search_term_string\"}}],\"inLanguage\":\"en-GB\"}]}<\/script>\n<!-- \/ Yoast SEO plugin. -->","yoast_head_json":{"title":"Baba Pitaleip\u00e4 - Baba Foods","robots":{"index":"index","follow":"follow","max-snippet":"max-snippet:-1","max-image-preview":"max-image-preview:large","max-video-preview":"max-video-preview:-1"},"canonical":"https:\/\/baba.fi\/en\/product\/baba-pita-leipa-100g\/","og_locale":"en_GB","og_type":"article","og_title":"Baba Pitaleip\u00e4 - Baba Foods","og_description":"1 pitaleip\u00e4 = 100g  Laatikko (50kpl) = 5kg  (pakaste, s\u00e4ilyy hyv\u00e4n\u00e4 noin 24h sulatuksesta)    Paino \/ Vikt: Valmistusmaa:    100g \/ kpl Suomi \/ Finland     Aineosat \/ Ingredienser:  Vehn\u00e4jauho\/vetemj\u00f6l (gluteeni\/gluten), vesi\/vatten, sokeri\/socker, suola\/salt, hiiva\/j\u00e4st.  S\u00e4ilytys \/ F\u00f6rvaring :  S\u00e4ilytys -18\u00b0C. S\u00e4ilyy sulatettuna 2 p\u00e4iv\u00e4\u00e4. \/ H\u00e5ller upp till 2 dagar efter upptining.","og_url":"https:\/\/baba.fi\/en\/product\/baba-pita-leipa-100g\/","og_site_name":"Baba Foods","article_modified_time":"2023-09-11T07:22:23+00:00","og_image":[{"width":600,"height":900,"url":"https:\/\/baba.fi\/wp-content\/uploads\/2022\/05\/Pita-100g.png","type":"image\/png"}],"twitter_card":"summary_large_image","twitter_misc":{"Estimated reading time":"1 minute"},"schema":{"@context":"https:\/\/schema.org","@graph":[{"@type":"WebPage","@id":"https:\/\/baba.fi\/en\/product\/baba-pita-leipa-100g\/","url":"https:\/\/baba.fi\/en\/product\/baba-pita-leipa-100g\/","name":"Baba Pitaleip\u00e4 - Baba Foods","isPartOf":{"@id":"https:\/\/baba.fi\/en\/#website"},"primaryImageOfPage":{"@id":"https:\/\/baba.fi\/en\/product\/baba-pita-leipa-100g\/#primaryimage"},"image":{"@id":"https:\/\/baba.fi\/en\/product\/baba-pita-leipa-100g\/#primaryimage"},"thumbnailUrl":"https:\/\/baba.fi\/wp-content\/uploads\/2022\/05\/Pita-100g.png","datePublished":"2022-05-02T08:55:44+00:00","dateModified":"2023-09-11T07:22:23+00:00","breadcrumb":{"@id":"https:\/\/baba.fi\/en\/product\/baba-pita-leipa-100g\/#breadcrumb"},"inLanguage":"en-GB","potentialAction":[{"@type":"ReadAction","target":["https:\/\/baba.fi\/en\/product\/baba-pita-leipa-100g\/"]}]},{"@type":"ImageObject","inLanguage":"en-GB","@id":"https:\/\/baba.fi\/en\/product\/baba-pita-leipa-100g\/#primaryimage","url":"https:\/\/baba.fi\/wp-content\/uploads\/2022\/05\/Pita-100g.png","contentUrl":"https:\/\/baba.fi\/wp-content\/uploads\/2022\/05\/Pita-100g.png","width":600,"height":900},{"@type":"BreadcrumbList","@id":"https:\/\/baba.fi\/en\/product\/baba-pita-leipa-100g\/#breadcrumb","itemListElement":[{"@type":"ListItem","position":1,"name":"Etusivu","item":"https:\/\/baba.fi\/"},{"@type":"ListItem","position":2,"name":"Tuotteet","item":"https:\/\/baba.fi\/tuotteet\/"},{"@type":"ListItem","position":3,"name":"Baba Pitaleip\u00e4"}]},{"@type":"WebSite","@id":"https:\/\/baba.fi\/en\/#website","url":"https:\/\/baba.fi\/en\/","name":"Baba Foods","description":"Middle Eastern vegetarian food produced in Finland","potentialAction":[{"@type":"SearchAction","target":{"@type":"EntryPoint","urlTemplate":"https:\/\/baba.fi\/en\/?s={search_term_string}"},"query-input":{"@type":"PropertyValueSpecification","valueRequired":true,"valueName":"search_term_string"}}],"inLanguage":"en-GB"}]}},"_links":{"self":[{"href":"https:\/\/baba.fi\/en\/wp-json\/wp\/v2\/product\/2222","targetHints":{"allow":["GET"]}}],"collection":[{"href":"https:\/\/baba.fi\/en\/wp-json\/wp\/v2\/product"}],"about":[{"href":"https:\/\/baba.fi\/en\/wp-json\/wp\/v2\/types\/product"}],"wp:featuredmedia":[{"embeddable":true,"href":"https:\/\/baba.fi\/en\/wp-json\/wp\/v2\/media\/2347"}],"wp:attachment":[{"href":"https:\/\/baba.fi\/en\/wp-json\/wp\/v2\/media?parent=2222"}],"wp:term":[{"taxonomy":"product_brand","embeddable":true,"href":"https:\/\/baba.fi\/en\/wp-json\/wp\/v2\/product_brand?post=2222"},{"taxonomy":"product_cat","embeddable":true,"href":"https:\/\/baba.fi\/en\/wp-json\/wp\/v2\/product_cat?post=2222"},{"taxonomy":"product_tag","embeddable":true,"href":"https:\/\/baba.fi\/en\/wp-json\/wp\/v2\/product_tag?post=2222"}],"curies":[{"name":"wp","href":"https:\/\/api.w.org\/{rel}","templated":true}]}}