{"id":2245,"date":"2022-05-02T10:29:16","date_gmt":"2022-05-02T10:29:16","guid":{"rendered":"https:\/\/baba.fi\/?post_type=product&#038;p=2245"},"modified":"2026-02-23T09:47:48","modified_gmt":"2026-02-23T09:47:48","slug":"baba-green-chili-hummus-b2b","status":"publish","type":"product","link":"https:\/\/baba.fi\/en\/product\/baba-green-chili-hummus-b2b\/","title":{"rendered":"Baba Green Chili Hummus"},"content":{"rendered":"<h3><span style=\"vertical-align: inherit;\"><span style=\"vertical-align: inherit;\"><span style=\"vertical-align: inherit;\"><span style=\"vertical-align: inherit;\">Nutritional values 100g<\/span><\/span><\/span><\/span><\/h3>\n<table style=\"border-collapse: collapse; width: 100%; height: 168px;\" border=\"1\">\n<thead>\n<tr style=\"height: 24px;\">\n<th style=\"width: 50%; height: 24px;\"><span style=\"font-weight: 500;\">Nutritional values \/<\/span><\/th>\n<th style=\"width: 50%; height: 24px;\"><span style=\"vertical-align: inherit;\"><span style=\"vertical-align: inherit;\"><span style=\"vertical-align: inherit;\"><span style=\"vertical-align: inherit;\">100g<\/span><\/span><\/span><\/span><\/th>\n<\/tr>\n<\/thead>\n<tbody>\n<tr style=\"height: 24px;\">\n<td style=\"width: 50%; height: 24px;\">Energy<\/td>\n<td style=\"width: 50%; height: 24px;\">239 kcal \/ 1001 kJ<\/td>\n<\/tr>\n<tr style=\"height: 24px;\">\n<td style=\"width: 50%; height: 24px;\">Fat<\/td>\n<td style=\"width: 50%; height: 24px;\">16,7 g \u2013saturated fat 0.7g<\/td>\n<\/tr>\n<tr style=\"height: 24px;\">\n<td style=\"width: 50%; height: 24px;\">Carbohydrates<\/td>\n<td style=\"width: 50%; height: 24px;\">12,8 g \u2013 sugars 1,5 g<\/td>\n<\/tr>\n<tr style=\"height: 24px;\">\n<td style=\"width: 50%; height: 24px;\">Fiber<\/td>\n<td style=\"width: 50%; height: 24px;\">3,5 g<\/td>\n<\/tr>\n<tr style=\"height: 24px;\">\n<td style=\"width: 50%; height: 24px;\">Protein<\/td>\n<td style=\"width: 50%; height: 24px;\">7,4 g<\/td>\n<\/tr>\n<tr style=\"height: 24px;\">\n<td style=\"width: 50%; height: 24px;\"><span style=\"vertical-align: inherit;\"><span style=\"vertical-align: inherit;\"><span style=\"vertical-align: inherit;\"><span style=\"vertical-align: inherit;\">Salt<\/span><\/span><\/span><\/span><\/td>\n<td style=\"width: 50%; height: 24px;\">1,0 g<\/td>\n<\/tr>\n<\/tbody>\n<\/table>","protected":false},"excerpt":{"rendered":"<table class=\"summery-table\" style=\"border-collapse: collapse; width: 100%;\" border=\"0\">\n<tbody>\n<tr>\n<td style=\"width: 33.3333%;\"><strong><span style=\"vertical-align: inherit;\"><span style=\"vertical-align: inherit;\"><span style=\"vertical-align: inherit;\"><span style=\"vertical-align: inherit;\">Weight:<\/span><\/span><\/span><\/span><\/strong><\/td>\n<td style=\"width: 33.3333%;\"><strong><span style=\"vertical-align: inherit;\"><span style=\"vertical-align: inherit;\"><span style=\"vertical-align: inherit;\"><span style=\"vertical-align: inherit;\">Country of manufacture:<\/span><\/span><\/span><\/span><\/strong><\/td>\n<td style=\"width: 33.3333%;\"><\/td>\n<\/tr>\n<tr>\n<td style=\"width: 33.3333%;\">1kg \/ 2,5kg<\/td>\n<td style=\"width: 33.3333%;\">Suomi \/ Finland<\/td>\n<td style=\"width: 33.3333%;\"><\/td>\n<\/tr>\n<\/tbody>\n<\/table>\n<p><strong><span style=\"vertical-align: inherit;\"><span style=\"vertical-align: inherit;\"><span style=\"vertical-align: inherit;\"><span style=\"vertical-align: inherit;\">Ingredients:<\/span><\/span><\/span><\/span><\/strong><\/p>\n<p>Kikherne 48 % (Kanada), vesi, <strong>-<\/strong> 9 %, rapsi\u00f6ljy, vihre\u00e4 chili pepperoni, pinaatti, sitruunat\u00e4ysmehu, valkosipuli, mausteet (mm. mustapippuri), merisuola, sokeri, s\u00e4il\u00f6nt\u00e4aineet (sitruunahappo, kaliumsorbaatti)<\/p>\n<p class=\"translation-block\">--<\/p>\n<p><strong><span style=\"vertical-align: inherit;\"><span style=\"vertical-align: inherit;\"><span style=\"vertical-align: inherit;\"><span style=\"vertical-align: inherit;\">Storage:<\/span><\/span><\/span><\/span><\/strong><\/p>\n<p>Storage at 2\u00b0C - 4\u00b0C. Lasts open in the refrigerator for about 5 days.<\/p>","protected":false},"featured_media":938,"template":"","meta":{"_acf_changed":false,"_et_pb_use_builder":"","_et_pb_old_content":"","_et_gb_content_width":"","om_disable_all_campaigns":false},"product_brand":[],"product_cat":[42],"product_tag":[],"class_list":{"0":"post-2245","1":"product","2":"type-product","3":"status-publish","4":"has-post-thumbnail","6":"product_cat-food-services","8":"first","9":"instock","10":"taxable","11":"shipping-taxable","12":"purchasable","13":"product-type-variable","14":"has-default-attributes"},"acf":[],"yoast_head":"<!-- This site is optimized with the Yoast SEO plugin v26.4 - https:\/\/yoast.com\/wordpress\/plugins\/seo\/ -->\n<title>Baba Green Chili Hummus - Baba Foods<\/title>\n<meta name=\"robots\" content=\"index, follow, max-snippet:-1, max-image-preview:large, max-video-preview:-1\" \/>\n<link rel=\"canonical\" href=\"https:\/\/baba.fi\/en\/product\/baba-green-chili-hummus-b2b\/\" \/>\n<meta property=\"og:locale\" content=\"en_GB\" \/>\n<meta property=\"og:type\" content=\"article\" \/>\n<meta property=\"og:title\" content=\"Baba Green Chili Hummus - Baba Foods\" \/>\n<meta property=\"og:description\" content=\"Paino \/ Vikt: Valmistusmaa:    1kg \/ 2,5kg Suomi \/ Finland     Aineosat \/ Ingredienser:  Kikherne 48 % (Kanada), vesi, seesaminsiementahna 9 %, rapsi\u00f6ljy, vihre\u00e4 chili pepperoni, pinaatti, sitruunat\u00e4ysmehu, valkosipuli, mausteet (mm. mustapippuri), merisuola, sokeri, s\u00e4il\u00f6nt\u00e4aineet (sitruunahappo, kaliumsorbaatti)  Kik\u00e4rt 48 % (Kanada), vatten, sesampasta 9 %, rapsolja, gr\u00f6n chili pepperoni, spenat, citronjuice, vitl\u00f6k, kryddor (bl.a. peppar), havssalt, socker, konserveringsmedel (citronsyra, kaliumsorbat)  S\u00e4ilytys \/ F\u00f6rvaring :  S\u00e4ilytys 2\u00b0C - 4\u00b0C. S\u00e4ilyy avattuna j\u00e4\u00e4kaapissa n. 5 p\u00e4iv\u00e4\u00e4. \/ F\u00f6rvaras \u00f6ppnad i kylsk\u00e5p ca. 5 dagar.\" \/>\n<meta property=\"og:url\" content=\"https:\/\/baba.fi\/en\/product\/baba-green-chili-hummus-b2b\/\" \/>\n<meta property=\"og:site_name\" content=\"Baba Foods\" \/>\n<meta property=\"article:modified_time\" content=\"2026-02-23T09:47:48+00:00\" \/>\n<meta property=\"og:image\" content=\"https:\/\/baba.fi\/wp-content\/uploads\/2022\/04\/Green_hummus.png\" \/>\n\t<meta property=\"og:image:width\" content=\"600\" \/>\n\t<meta property=\"og:image:height\" content=\"900\" \/>\n\t<meta property=\"og:image:type\" content=\"image\/png\" \/>\n<meta name=\"twitter:card\" content=\"summary_large_image\" \/>\n<meta name=\"twitter:label1\" content=\"Estimated reading time\" \/>\n\t<meta name=\"twitter:data1\" content=\"1 minute\" \/>\n<script type=\"application\/ld+json\" class=\"yoast-schema-graph\">{\"@context\":\"https:\/\/schema.org\",\"@graph\":[{\"@type\":\"WebPage\",\"@id\":\"https:\/\/baba.fi\/product\/baba-green-chili-hummus-b2b\/\",\"url\":\"https:\/\/baba.fi\/product\/baba-green-chili-hummus-b2b\/\",\"name\":\"Baba Green Chili Hummus - Baba Foods\",\"isPartOf\":{\"@id\":\"https:\/\/baba.fi\/en\/#website\"},\"primaryImageOfPage\":{\"@id\":\"https:\/\/baba.fi\/product\/baba-green-chili-hummus-b2b\/#primaryimage\"},\"image\":{\"@id\":\"https:\/\/baba.fi\/product\/baba-green-chili-hummus-b2b\/#primaryimage\"},\"thumbnailUrl\":\"https:\/\/baba.fi\/wp-content\/uploads\/2022\/04\/Green_hummus.png\",\"datePublished\":\"2022-05-02T10:29:16+00:00\",\"dateModified\":\"2026-02-23T09:47:48+00:00\",\"breadcrumb\":{\"@id\":\"https:\/\/baba.fi\/product\/baba-green-chili-hummus-b2b\/#breadcrumb\"},\"inLanguage\":\"en-GB\",\"potentialAction\":[{\"@type\":\"ReadAction\",\"target\":[\"https:\/\/baba.fi\/product\/baba-green-chili-hummus-b2b\/\"]}]},{\"@type\":\"ImageObject\",\"inLanguage\":\"en-GB\",\"@id\":\"https:\/\/baba.fi\/product\/baba-green-chili-hummus-b2b\/#primaryimage\",\"url\":\"https:\/\/baba.fi\/wp-content\/uploads\/2022\/04\/Green_hummus.png\",\"contentUrl\":\"https:\/\/baba.fi\/wp-content\/uploads\/2022\/04\/Green_hummus.png\",\"width\":600,\"height\":900},{\"@type\":\"BreadcrumbList\",\"@id\":\"https:\/\/baba.fi\/product\/baba-green-chili-hummus-b2b\/#breadcrumb\",\"itemListElement\":[{\"@type\":\"ListItem\",\"position\":1,\"name\":\"Etusivu\",\"item\":\"https:\/\/baba.fi\/\"},{\"@type\":\"ListItem\",\"position\":2,\"name\":\"Tuotteet\",\"item\":\"https:\/\/baba.fi\/tuotteet\/\"},{\"@type\":\"ListItem\",\"position\":3,\"name\":\"Baba Green Chili Hummus\"}]},{\"@type\":\"WebSite\",\"@id\":\"https:\/\/baba.fi\/en\/#website\",\"url\":\"https:\/\/baba.fi\/en\/\",\"name\":\"Baba Foods\",\"description\":\"L\u00e4hi-id\u00e4n kasvisruokaa Suomessa valmistettuna\",\"potentialAction\":[{\"@type\":\"SearchAction\",\"target\":{\"@type\":\"EntryPoint\",\"urlTemplate\":\"https:\/\/baba.fi\/en\/?s={search_term_string}\"},\"query-input\":{\"@type\":\"PropertyValueSpecification\",\"valueRequired\":true,\"valueName\":\"search_term_string\"}}],\"inLanguage\":\"en-GB\"}]}<\/script>\n<!-- \/ Yoast SEO plugin. -->","yoast_head_json":{"title":"Baba Green Chili Hummus - Baba Foods","robots":{"index":"index","follow":"follow","max-snippet":"max-snippet:-1","max-image-preview":"max-image-preview:large","max-video-preview":"max-video-preview:-1"},"canonical":"https:\/\/baba.fi\/en\/product\/baba-green-chili-hummus-b2b\/","og_locale":"en_GB","og_type":"article","og_title":"Baba Green Chili Hummus - Baba Foods","og_description":"Paino \/ Vikt: Valmistusmaa:    1kg \/ 2,5kg Suomi \/ Finland     Aineosat \/ Ingredienser:  Kikherne 48 % (Kanada), vesi, seesaminsiementahna 9 %, rapsi\u00f6ljy, vihre\u00e4 chili pepperoni, pinaatti, sitruunat\u00e4ysmehu, valkosipuli, mausteet (mm. mustapippuri), merisuola, sokeri, s\u00e4il\u00f6nt\u00e4aineet (sitruunahappo, kaliumsorbaatti)  Kik\u00e4rt 48 % (Kanada), vatten, sesampasta 9 %, rapsolja, gr\u00f6n chili pepperoni, spenat, citronjuice, vitl\u00f6k, kryddor (bl.a. peppar), havssalt, socker, konserveringsmedel (citronsyra, kaliumsorbat)  S\u00e4ilytys \/ F\u00f6rvaring :  S\u00e4ilytys 2\u00b0C - 4\u00b0C. S\u00e4ilyy avattuna j\u00e4\u00e4kaapissa n. 5 p\u00e4iv\u00e4\u00e4. \/ F\u00f6rvaras \u00f6ppnad i kylsk\u00e5p ca. 5 dagar.","og_url":"https:\/\/baba.fi\/en\/product\/baba-green-chili-hummus-b2b\/","og_site_name":"Baba Foods","article_modified_time":"2026-02-23T09:47:48+00:00","og_image":[{"width":600,"height":900,"url":"https:\/\/baba.fi\/wp-content\/uploads\/2022\/04\/Green_hummus.png","type":"image\/png"}],"twitter_card":"summary_large_image","twitter_misc":{"Estimated reading time":"1 minute"},"schema":{"@context":"https:\/\/schema.org","@graph":[{"@type":"WebPage","@id":"https:\/\/baba.fi\/product\/baba-green-chili-hummus-b2b\/","url":"https:\/\/baba.fi\/product\/baba-green-chili-hummus-b2b\/","name":"Baba Green Chili Hummus - Baba Foods","isPartOf":{"@id":"https:\/\/baba.fi\/en\/#website"},"primaryImageOfPage":{"@id":"https:\/\/baba.fi\/product\/baba-green-chili-hummus-b2b\/#primaryimage"},"image":{"@id":"https:\/\/baba.fi\/product\/baba-green-chili-hummus-b2b\/#primaryimage"},"thumbnailUrl":"https:\/\/baba.fi\/wp-content\/uploads\/2022\/04\/Green_hummus.png","datePublished":"2022-05-02T10:29:16+00:00","dateModified":"2026-02-23T09:47:48+00:00","breadcrumb":{"@id":"https:\/\/baba.fi\/product\/baba-green-chili-hummus-b2b\/#breadcrumb"},"inLanguage":"en-GB","potentialAction":[{"@type":"ReadAction","target":["https:\/\/baba.fi\/product\/baba-green-chili-hummus-b2b\/"]}]},{"@type":"ImageObject","inLanguage":"en-GB","@id":"https:\/\/baba.fi\/product\/baba-green-chili-hummus-b2b\/#primaryimage","url":"https:\/\/baba.fi\/wp-content\/uploads\/2022\/04\/Green_hummus.png","contentUrl":"https:\/\/baba.fi\/wp-content\/uploads\/2022\/04\/Green_hummus.png","width":600,"height":900},{"@type":"BreadcrumbList","@id":"https:\/\/baba.fi\/product\/baba-green-chili-hummus-b2b\/#breadcrumb","itemListElement":[{"@type":"ListItem","position":1,"name":"Etusivu","item":"https:\/\/baba.fi\/"},{"@type":"ListItem","position":2,"name":"Tuotteet","item":"https:\/\/baba.fi\/tuotteet\/"},{"@type":"ListItem","position":3,"name":"Baba Green Chili Hummus"}]},{"@type":"WebSite","@id":"https:\/\/baba.fi\/en\/#website","url":"https:\/\/baba.fi\/en\/","name":"Baba Foods","description":"Middle Eastern vegetarian food produced in Finland","potentialAction":[{"@type":"SearchAction","target":{"@type":"EntryPoint","urlTemplate":"https:\/\/baba.fi\/en\/?s={search_term_string}"},"query-input":{"@type":"PropertyValueSpecification","valueRequired":true,"valueName":"search_term_string"}}],"inLanguage":"en-GB"}]}},"_links":{"self":[{"href":"https:\/\/baba.fi\/en\/wp-json\/wp\/v2\/product\/2245","targetHints":{"allow":["GET"]}}],"collection":[{"href":"https:\/\/baba.fi\/en\/wp-json\/wp\/v2\/product"}],"about":[{"href":"https:\/\/baba.fi\/en\/wp-json\/wp\/v2\/types\/product"}],"wp:featuredmedia":[{"embeddable":true,"href":"https:\/\/baba.fi\/en\/wp-json\/wp\/v2\/media\/938"}],"wp:attachment":[{"href":"https:\/\/baba.fi\/en\/wp-json\/wp\/v2\/media?parent=2245"}],"wp:term":[{"taxonomy":"product_brand","embeddable":true,"href":"https:\/\/baba.fi\/en\/wp-json\/wp\/v2\/product_brand?post=2245"},{"taxonomy":"product_cat","embeddable":true,"href":"https:\/\/baba.fi\/en\/wp-json\/wp\/v2\/product_cat?post=2245"},{"taxonomy":"product_tag","embeddable":true,"href":"https:\/\/baba.fi\/en\/wp-json\/wp\/v2\/product_tag?post=2245"}],"curies":[{"name":"wp","href":"https:\/\/api.w.org\/{rel}","templated":true}]}}