{"id":3672,"date":"2022-11-17T08:55:52","date_gmt":"2022-11-17T08:55:52","guid":{"rendered":"https:\/\/baba.fi\/product\/baba-harkapapufalafel-food-service-copy\/"},"modified":"2025-08-14T09:22:17","modified_gmt":"2025-08-14T09:22:17","slug":"baba-seasoned-falafel-pakaste-b2b","status":"publish","type":"product","link":"https:\/\/baba.fi\/en\/product\/baba-seasoned-falafel-pakaste-b2b\/","title":{"rendered":"PAKASTE: Baba Seasoned Falafel (vain tukuista)"},"content":{"rendered":"<h3><span style=\"vertical-align: inherit;\"><span style=\"vertical-align: inherit;\"><span style=\"vertical-align: inherit;\"><span style=\"vertical-align: inherit;\">Nutritional values 100g<\/span><\/span><\/span><\/span><\/h3>\n<table style=\"border-collapse: collapse; width: 100%; height: 168px;\" border=\"1\">\n<thead>\n<tr style=\"height: 24px;\">\n<th style=\"width: 50%; height: 24px;\"><span style=\"font-weight: 500;\">Nutritional values \/<\/span><\/th>\n<th style=\"width: 50%; height: 24px;\"><span style=\"vertical-align: inherit;\"><span style=\"vertical-align: inherit;\"><span style=\"vertical-align: inherit;\"><span style=\"vertical-align: inherit;\">100g<\/span><\/span><\/span><\/span><\/th>\n<\/tr>\n<\/thead>\n<tbody>\n<tr style=\"height: 24px;\">\n<td style=\"width: 50%; height: 24px;\">Energy<\/td>\n<td style=\"width: 50%; height: 24px;\">168 kcal \/ 703 kJ<\/td>\n<\/tr>\n<tr style=\"height: 24px;\">\n<td style=\"width: 50%; height: 24px;\">Fat<\/td>\n<td style=\"width: 50%; height: 24px;\">4,7 g &#8211; josta tyydyttyneit\u00e4 \/ varav m\u00e4ttat fett 0.2 g<\/td>\n<\/tr>\n<tr style=\"height: 24px;\">\n<td style=\"width: 50%; height: 24px;\">Carbohydrates<\/td>\n<td style=\"width: 50%; height: 24px;\">22,7 g &#8211; josta sokereita \/ varav sockerarter 4,0 g<\/td>\n<\/tr>\n<tr style=\"height: 24px;\">\n<td style=\"width: 50%; height: 24px;\">Fiber<\/td>\n<td style=\"width: 50%; height: 24px;\">3,8 g<\/td>\n<\/tr>\n<tr style=\"height: 24px;\">\n<td style=\"width: 50%; height: 24px;\">Protein<\/td>\n<td style=\"width: 50%; height: 24px;\">6,6 g<\/td>\n<\/tr>\n<tr style=\"height: 24px;\">\n<td style=\"width: 50%; height: 24px;\"><span style=\"vertical-align: inherit;\"><span style=\"vertical-align: inherit;\"><span style=\"vertical-align: inherit;\"><span style=\"vertical-align: inherit;\">Salt<\/span><\/span><\/span><\/span><\/td>\n<td style=\"width: 50%; height: 24px;\">1,3 g<\/td>\n<\/tr>\n<\/tbody>\n<\/table>","protected":false},"excerpt":{"rendered":"<div data-olk-copy-source=\"MessageBody\">Mausteinen, hieman makeahko ja monik\u00e4ytt\u00f6inen falafel-py\u00f6rykk\u00e4. S\u00e4il\u00f6nt\u00e4aineeton, gluteeniton ja vegaaninen.<\/div>\n<p>Saatavilla Kespron, Valio Aimon sek\u00e4 Wihurin tukusta.<\/p>\n<table class=\"summery-table\" style=\"border-collapse: collapse; width: 100%;\" border=\"0\">\n<tbody>\n<tr>\n<td style=\"width: 33.3333%;\"><strong><span style=\"vertical-align: inherit;\"><span style=\"vertical-align: inherit;\"><span style=\"vertical-align: inherit;\"><span style=\"vertical-align: inherit;\">Weight:<\/span><\/span><\/span><\/span><\/strong><\/td>\n<td style=\"width: 33.3333%;\"><strong><span style=\"vertical-align: inherit;\"><span style=\"vertical-align: inherit;\"><span style=\"vertical-align: inherit;\"><span style=\"vertical-align: inherit;\">Country of manufacture:<\/span><\/span><\/span><\/span><\/strong><\/td>\n<td style=\"width: 33.3333%;\"><\/td>\n<\/tr>\n<tr>\n<td style=\"width: 33.3333%;\">1kg<\/td>\n<td style=\"width: 33.3333%;\">Suomi \/ Finland<\/td>\n<td style=\"width: 33.3333%;\"><\/td>\n<\/tr>\n<\/tbody>\n<\/table>\n<p><strong><span style=\"vertical-align: inherit;\"><span style=\"vertical-align: inherit;\"><span style=\"vertical-align: inherit;\"><span style=\"vertical-align: inherit;\">Ingredients:<\/span><\/span><\/span><\/span><\/strong><\/p>\n<p>Luomu kikherne 57 %, (Turkki), sipuli, vesi, perunajauho, rapsi\u00f6ljy, umamiliemi (vesi, suola, aromi, sokeri, sipuli, stabilointiaine (ksantaanikumi), mausteet), ruokosokeri, valkosipuli, mausteet (mm. mustapippuri), suola, nostatusaine (leivinjauhe), psyllium. Saattaa sis\u00e4lt\u00e4\u00e4 seesaminsiement\u00e4.<\/p>\n<p>Ekologiska kik\u00e4rt 57 %, (Turkiet), l\u00f6k, vatten, potatismj\u00f6l, rapsolja, umamibuljong (vatten, salt, arom, socker, l\u00f6k, stabiliseringsmedel (xantangummi), kryddor), r\u00f6rsocker, vitl\u00f6k, kryddor (bl.a. peppar), salt, j\u00e4sningsmedel (bakpulver), psyllium. Kan inneh\u00e5lla sesamfr\u00f6n.<\/p>\n<p><strong><span style=\"vertical-align: inherit;\"><span style=\"vertical-align: inherit;\"><span style=\"vertical-align: inherit;\"><span style=\"vertical-align: inherit;\">Storage:<\/span><\/span><\/span><\/span><\/strong><\/p>\n<p>-18\u00b0C tai kylmemm\u00e4ss\u00e4. Sulanutta tuotetta ei saa pakastaa uudelleen. \/ -18\u00b0C eller kallare. F\u00e5r inte \u00e5terfrysas.<\/p>\n<p><strong><span style=\"vertical-align: inherit;\">L\u00e4mmitys- ja k\u00e4ytt\u00f6ohje:<\/span><\/strong><\/p>\n<p>L\u00e4mmit\u00e4 6-8 min 180-200 \u00b0C. K\u00e4yt\u00e4 sellaisenaan, tahini-kastikkeella h\u00f6ystettyn\u00e4, pitaleiv\u00e4n, tortillan tai burgerin v\u00e4liss\u00e4, tai erilaisten salaattien, hummusten ja tahnojen kanssa.<\/p>","protected":false},"featured_media":5973,"template":"","meta":{"_acf_changed":false,"_et_pb_use_builder":"","_et_pb_old_content":"","_et_gb_content_width":"","om_disable_all_campaigns":false},"product_brand":[],"product_cat":[42],"product_tag":[],"class_list":{"0":"post-3672","1":"product","2":"type-product","3":"status-publish","4":"has-post-thumbnail","6":"product_cat-food-services","8":"first","9":"outofstock","10":"taxable","11":"shipping-taxable","12":"purchasable","13":"product-type-variable","14":"has-default-attributes"},"acf":[],"yoast_head":"<!-- This site is optimized with the Yoast SEO plugin v26.4 - https:\/\/yoast.com\/wordpress\/plugins\/seo\/ -->\n<title>PAKASTE: Baba Seasoned Falafel (vain tukuista) - Baba Foods<\/title>\n<meta name=\"robots\" content=\"index, follow, max-snippet:-1, max-image-preview:large, max-video-preview:-1\" \/>\n<link rel=\"canonical\" href=\"https:\/\/baba.fi\/en\/product\/baba-seasoned-falafel-pakaste-b2b\/\" \/>\n<meta property=\"og:locale\" content=\"en_GB\" \/>\n<meta property=\"og:type\" content=\"article\" \/>\n<meta property=\"og:title\" content=\"PAKASTE: Baba Seasoned Falafel (vain tukuista) - Baba Foods\" \/>\n<meta property=\"og:description\" content=\"Mausteinen, hieman makeahko ja monik\u00e4ytt\u00f6inen falafel-py\u00f6rykk\u00e4. S\u00e4il\u00f6nt\u00e4aineeton, gluteeniton ja vegaaninen. Saatavilla Kespron, Valio Aimon sek\u00e4 Wihurin tukusta.    Paino \/ Vikt: Valmistusmaa:    1kg Suomi \/ Finland     Aineosat \/ Ingredienser:  Luomu kikherne 57 %, (Turkki), sipuli, vesi, perunajauho, rapsi\u00f6ljy, umamiliemi (vesi, suola, aromi, sokeri, sipuli, stabilointiaine (ksantaanikumi), mausteet), ruokosokeri, valkosipuli, mausteet (mm. mustapippuri), suola, nostatusaine (leivinjauhe), psyllium. Saattaa sis\u00e4lt\u00e4\u00e4 seesaminsiement\u00e4.  Ekologiska kik\u00e4rt 57 %, (Turkiet), l\u00f6k, vatten, potatismj\u00f6l, rapsolja, umamibuljong (vatten, salt, arom, socker, l\u00f6k, stabiliseringsmedel (xantangummi), kryddor), r\u00f6rsocker, vitl\u00f6k, kryddor (bl.a. peppar), salt, j\u00e4sningsmedel (bakpulver), psyllium. Kan inneh\u00e5lla sesamfr\u00f6n.  S\u00e4ilytys \/ F\u00f6rvaring :  -18\u00b0C tai kylmemm\u00e4ss\u00e4. Sulanutta tuotetta ei saa pakastaa uudelleen. \/ -18\u00b0C eller kallare. F\u00e5r inte \u00e5terfrysas.  L\u00e4mmitys- ja k\u00e4ytt\u00f6ohje:  L\u00e4mmit\u00e4 6-8 min 180-200 \u00b0C. K\u00e4yt\u00e4 sellaisenaan, tahini-kastikkeella h\u00f6ystettyn\u00e4, pitaleiv\u00e4n, tortillan tai burgerin v\u00e4liss\u00e4, tai erilaisten salaattien, hummusten ja tahnojen kanssa.\" \/>\n<meta property=\"og:url\" content=\"https:\/\/baba.fi\/en\/product\/baba-seasoned-falafel-pakaste-b2b\/\" \/>\n<meta property=\"og:site_name\" content=\"Baba Foods\" \/>\n<meta property=\"article:modified_time\" content=\"2025-08-14T09:22:17+00:00\" \/>\n<meta property=\"og:image\" content=\"https:\/\/baba.fi\/wp-content\/uploads\/2022\/11\/seasoned_falafel.png\" \/>\n\t<meta property=\"og:image:width\" content=\"1000\" \/>\n\t<meta property=\"og:image:height\" content=\"1500\" \/>\n\t<meta property=\"og:image:type\" content=\"image\/png\" \/>\n<meta name=\"twitter:card\" content=\"summary_large_image\" \/>\n<meta name=\"twitter:label1\" content=\"Estimated reading time\" \/>\n\t<meta name=\"twitter:data1\" content=\"1 minute\" \/>\n<script type=\"application\/ld+json\" class=\"yoast-schema-graph\">{\"@context\":\"https:\/\/schema.org\",\"@graph\":[{\"@type\":\"WebPage\",\"@id\":\"https:\/\/baba.fi\/product\/baba-seasoned-falafel-pakaste-b2b\/\",\"url\":\"https:\/\/baba.fi\/product\/baba-seasoned-falafel-pakaste-b2b\/\",\"name\":\"PAKASTE: Baba Seasoned Falafel (vain tukuista) - Baba Foods\",\"isPartOf\":{\"@id\":\"https:\/\/baba.fi\/en\/#website\"},\"primaryImageOfPage\":{\"@id\":\"https:\/\/baba.fi\/product\/baba-seasoned-falafel-pakaste-b2b\/#primaryimage\"},\"image\":{\"@id\":\"https:\/\/baba.fi\/product\/baba-seasoned-falafel-pakaste-b2b\/#primaryimage\"},\"thumbnailUrl\":\"https:\/\/baba.fi\/wp-content\/uploads\/2022\/11\/seasoned_falafel.png\",\"datePublished\":\"2022-11-17T08:55:52+00:00\",\"dateModified\":\"2025-08-14T09:22:17+00:00\",\"breadcrumb\":{\"@id\":\"https:\/\/baba.fi\/product\/baba-seasoned-falafel-pakaste-b2b\/#breadcrumb\"},\"inLanguage\":\"en-GB\",\"potentialAction\":[{\"@type\":\"ReadAction\",\"target\":[\"https:\/\/baba.fi\/product\/baba-seasoned-falafel-pakaste-b2b\/\"]}]},{\"@type\":\"ImageObject\",\"inLanguage\":\"en-GB\",\"@id\":\"https:\/\/baba.fi\/product\/baba-seasoned-falafel-pakaste-b2b\/#primaryimage\",\"url\":\"https:\/\/baba.fi\/wp-content\/uploads\/2022\/11\/seasoned_falafel.png\",\"contentUrl\":\"https:\/\/baba.fi\/wp-content\/uploads\/2022\/11\/seasoned_falafel.png\",\"width\":1000,\"height\":1500},{\"@type\":\"BreadcrumbList\",\"@id\":\"https:\/\/baba.fi\/product\/baba-seasoned-falafel-pakaste-b2b\/#breadcrumb\",\"itemListElement\":[{\"@type\":\"ListItem\",\"position\":1,\"name\":\"Etusivu\",\"item\":\"https:\/\/baba.fi\/\"},{\"@type\":\"ListItem\",\"position\":2,\"name\":\"Tuotteet\",\"item\":\"https:\/\/baba.fi\/tuotteet\/\"},{\"@type\":\"ListItem\",\"position\":3,\"name\":\"PAKASTE: Baba Seasoned Falafel (vain tukuista)\"}]},{\"@type\":\"WebSite\",\"@id\":\"https:\/\/baba.fi\/en\/#website\",\"url\":\"https:\/\/baba.fi\/en\/\",\"name\":\"Baba Foods\",\"description\":\"L\u00e4hi-id\u00e4n kasvisruokaa Suomessa valmistettuna\",\"potentialAction\":[{\"@type\":\"SearchAction\",\"target\":{\"@type\":\"EntryPoint\",\"urlTemplate\":\"https:\/\/baba.fi\/en\/?s={search_term_string}\"},\"query-input\":{\"@type\":\"PropertyValueSpecification\",\"valueRequired\":true,\"valueName\":\"search_term_string\"}}],\"inLanguage\":\"en-GB\"}]}<\/script>\n<!-- \/ Yoast SEO plugin. -->","yoast_head_json":{"title":"PAKASTE: Baba Seasoned Falafel (vain tukuista) - Baba Foods","robots":{"index":"index","follow":"follow","max-snippet":"max-snippet:-1","max-image-preview":"max-image-preview:large","max-video-preview":"max-video-preview:-1"},"canonical":"https:\/\/baba.fi\/en\/product\/baba-seasoned-falafel-pakaste-b2b\/","og_locale":"en_GB","og_type":"article","og_title":"PAKASTE: Baba Seasoned Falafel (vain tukuista) - Baba Foods","og_description":"Mausteinen, hieman makeahko ja monik\u00e4ytt\u00f6inen falafel-py\u00f6rykk\u00e4. S\u00e4il\u00f6nt\u00e4aineeton, gluteeniton ja vegaaninen. Saatavilla Kespron, Valio Aimon sek\u00e4 Wihurin tukusta.    Paino \/ Vikt: Valmistusmaa:    1kg Suomi \/ Finland     Aineosat \/ Ingredienser:  Luomu kikherne 57 %, (Turkki), sipuli, vesi, perunajauho, rapsi\u00f6ljy, umamiliemi (vesi, suola, aromi, sokeri, sipuli, stabilointiaine (ksantaanikumi), mausteet), ruokosokeri, valkosipuli, mausteet (mm. mustapippuri), suola, nostatusaine (leivinjauhe), psyllium. Saattaa sis\u00e4lt\u00e4\u00e4 seesaminsiement\u00e4.  Ekologiska kik\u00e4rt 57 %, (Turkiet), l\u00f6k, vatten, potatismj\u00f6l, rapsolja, umamibuljong (vatten, salt, arom, socker, l\u00f6k, stabiliseringsmedel (xantangummi), kryddor), r\u00f6rsocker, vitl\u00f6k, kryddor (bl.a. peppar), salt, j\u00e4sningsmedel (bakpulver), psyllium. Kan inneh\u00e5lla sesamfr\u00f6n.  S\u00e4ilytys \/ F\u00f6rvaring :  -18\u00b0C tai kylmemm\u00e4ss\u00e4. Sulanutta tuotetta ei saa pakastaa uudelleen. \/ -18\u00b0C eller kallare. F\u00e5r inte \u00e5terfrysas.  L\u00e4mmitys- ja k\u00e4ytt\u00f6ohje:  L\u00e4mmit\u00e4 6-8 min 180-200 \u00b0C. K\u00e4yt\u00e4 sellaisenaan, tahini-kastikkeella h\u00f6ystettyn\u00e4, pitaleiv\u00e4n, tortillan tai burgerin v\u00e4liss\u00e4, tai erilaisten salaattien, hummusten ja tahnojen kanssa.","og_url":"https:\/\/baba.fi\/en\/product\/baba-seasoned-falafel-pakaste-b2b\/","og_site_name":"Baba Foods","article_modified_time":"2025-08-14T09:22:17+00:00","og_image":[{"width":1000,"height":1500,"url":"https:\/\/baba.fi\/wp-content\/uploads\/2022\/11\/seasoned_falafel.png","type":"image\/png"}],"twitter_card":"summary_large_image","twitter_misc":{"Estimated reading time":"1 minute"},"schema":{"@context":"https:\/\/schema.org","@graph":[{"@type":"WebPage","@id":"https:\/\/baba.fi\/product\/baba-seasoned-falafel-pakaste-b2b\/","url":"https:\/\/baba.fi\/product\/baba-seasoned-falafel-pakaste-b2b\/","name":"PAKASTE: Baba Seasoned Falafel (vain tukuista) - Baba Foods","isPartOf":{"@id":"https:\/\/baba.fi\/en\/#website"},"primaryImageOfPage":{"@id":"https:\/\/baba.fi\/product\/baba-seasoned-falafel-pakaste-b2b\/#primaryimage"},"image":{"@id":"https:\/\/baba.fi\/product\/baba-seasoned-falafel-pakaste-b2b\/#primaryimage"},"thumbnailUrl":"https:\/\/baba.fi\/wp-content\/uploads\/2022\/11\/seasoned_falafel.png","datePublished":"2022-11-17T08:55:52+00:00","dateModified":"2025-08-14T09:22:17+00:00","breadcrumb":{"@id":"https:\/\/baba.fi\/product\/baba-seasoned-falafel-pakaste-b2b\/#breadcrumb"},"inLanguage":"en-GB","potentialAction":[{"@type":"ReadAction","target":["https:\/\/baba.fi\/product\/baba-seasoned-falafel-pakaste-b2b\/"]}]},{"@type":"ImageObject","inLanguage":"en-GB","@id":"https:\/\/baba.fi\/product\/baba-seasoned-falafel-pakaste-b2b\/#primaryimage","url":"https:\/\/baba.fi\/wp-content\/uploads\/2022\/11\/seasoned_falafel.png","contentUrl":"https:\/\/baba.fi\/wp-content\/uploads\/2022\/11\/seasoned_falafel.png","width":1000,"height":1500},{"@type":"BreadcrumbList","@id":"https:\/\/baba.fi\/product\/baba-seasoned-falafel-pakaste-b2b\/#breadcrumb","itemListElement":[{"@type":"ListItem","position":1,"name":"Etusivu","item":"https:\/\/baba.fi\/"},{"@type":"ListItem","position":2,"name":"Tuotteet","item":"https:\/\/baba.fi\/tuotteet\/"},{"@type":"ListItem","position":3,"name":"PAKASTE: Baba Seasoned Falafel (vain tukuista)"}]},{"@type":"WebSite","@id":"https:\/\/baba.fi\/en\/#website","url":"https:\/\/baba.fi\/en\/","name":"Baba Foods","description":"Middle Eastern vegetarian food produced in Finland","potentialAction":[{"@type":"SearchAction","target":{"@type":"EntryPoint","urlTemplate":"https:\/\/baba.fi\/en\/?s={search_term_string}"},"query-input":{"@type":"PropertyValueSpecification","valueRequired":true,"valueName":"search_term_string"}}],"inLanguage":"en-GB"}]}},"_links":{"self":[{"href":"https:\/\/baba.fi\/en\/wp-json\/wp\/v2\/product\/3672","targetHints":{"allow":["GET"]}}],"collection":[{"href":"https:\/\/baba.fi\/en\/wp-json\/wp\/v2\/product"}],"about":[{"href":"https:\/\/baba.fi\/en\/wp-json\/wp\/v2\/types\/product"}],"wp:featuredmedia":[{"embeddable":true,"href":"https:\/\/baba.fi\/en\/wp-json\/wp\/v2\/media\/5973"}],"wp:attachment":[{"href":"https:\/\/baba.fi\/en\/wp-json\/wp\/v2\/media?parent=3672"}],"wp:term":[{"taxonomy":"product_brand","embeddable":true,"href":"https:\/\/baba.fi\/en\/wp-json\/wp\/v2\/product_brand?post=3672"},{"taxonomy":"product_cat","embeddable":true,"href":"https:\/\/baba.fi\/en\/wp-json\/wp\/v2\/product_cat?post=3672"},{"taxonomy":"product_tag","embeddable":true,"href":"https:\/\/baba.fi\/en\/wp-json\/wp\/v2\/product_tag?post=3672"}],"curies":[{"name":"wp","href":"https:\/\/api.w.org\/{rel}","templated":true}]}}