{"id":4353,"date":"2023-02-06T11:34:01","date_gmt":"2023-02-06T11:34:01","guid":{"rendered":"https:\/\/baba.fi\/?post_type=product&#038;p=4353"},"modified":"2025-09-18T06:03:40","modified_gmt":"2025-09-18T06:03:40","slug":"baba-ateria-kermainen-sienikastike-riisi-vahittaiskauppa","status":"publish","type":"product","link":"https:\/\/baba.fi\/en\/product\/baba-ateria-kermainen-sienikastike-riisi-vahittaiskauppa\/","title":{"rendered":"Baba Ateria: Kermainen sienikastike &#038; riisi (ripauksella harissaa)"},"content":{"rendered":"<h3><span style=\"vertical-align: inherit;\"><span style=\"vertical-align: inherit;\"><span style=\"vertical-align: inherit;\"><span style=\"vertical-align: inherit;\">Nutritional values 100g<\/span><\/span><\/span><\/span><\/h3>\n<table style=\"border-collapse: collapse; width: 100%; height: 168px;\" border=\"1\">\n<thead>\n<tr style=\"height: 24px;\">\n<th style=\"width: 50%; height: 24px;\"><span style=\"font-weight: 500;\">Nutritional values \/<\/span><\/th>\n<th style=\"width: 50%; height: 24px;\"><span style=\"vertical-align: inherit;\"><span style=\"vertical-align: inherit;\"><span style=\"vertical-align: inherit;\"><span style=\"vertical-align: inherit;\">100g<\/span><\/span><\/span><\/span><\/th>\n<\/tr>\n<\/thead>\n<tbody>\n<tr style=\"height: 24px;\">\n<td style=\"width: 50%; height: 24px;\">Energy<\/td>\n<td style=\"width: 50%; height: 24px;\">138 kcal \/ 576 kJ<\/td>\n<\/tr>\n<tr style=\"height: 24px;\">\n<td style=\"width: 50%; height: 24px;\">Fat<\/td>\n<td style=\"width: 50%; height: 24px;\">5,5 g &#8211; josta tyydyttyneit\u00e4 \/ varav m\u00e4ttat fett 0,4 g<\/td>\n<\/tr>\n<tr style=\"height: 24px;\">\n<td style=\"width: 50%; height: 24px;\">Carbohydrates<\/td>\n<td style=\"width: 50%; height: 24px;\">19,0 g &#8211; josta sokereita \/ varav sockerarter 1,2 g<\/td>\n<\/tr>\n<tr style=\"height: 24px;\">\n<td style=\"width: 50%; height: 24px;\">Fiber<\/td>\n<td style=\"width: 50%; height: 24px;\">1,9 g<\/td>\n<\/tr>\n<tr style=\"height: 24px;\">\n<td style=\"width: 50%; height: 24px;\">Protein<\/td>\n<td style=\"width: 50%; height: 24px;\">2,8 g<\/td>\n<\/tr>\n<tr style=\"height: 24px;\">\n<td style=\"width: 50%; height: 24px;\"><span style=\"vertical-align: inherit;\"><span style=\"vertical-align: inherit;\"><span style=\"vertical-align: inherit;\"><span style=\"vertical-align: inherit;\">Salt<\/span><\/span><\/span><\/span><\/td>\n<td style=\"width: 50%; height: 24px;\">0,8 g<\/td>\n<\/tr>\n<\/tbody>\n<\/table>","protected":false},"excerpt":{"rendered":"<p>Delicious ready meal<\/p>\n<p>Vegan, Gluten Free<\/p>\n<table class=\"summery-table\" style=\"border-collapse: collapse; width: 100%;\" border=\"0\">\n<tbody>\n<tr>\n<td style=\"width: 33.3333%;\"><strong><span style=\"vertical-align: inherit;\"><span style=\"vertical-align: inherit;\"><span style=\"vertical-align: inherit;\"><span style=\"vertical-align: inherit;\">Weight:<\/span><\/span><\/span><\/span><\/strong><\/td>\n<td style=\"width: 33.3333%;\"><strong><span style=\"vertical-align: inherit;\"><span style=\"vertical-align: inherit;\"><span style=\"vertical-align: inherit;\"><span style=\"vertical-align: inherit;\">Country of manufacture:<\/span><\/span><\/span><\/span><\/strong><\/td>\n<td style=\"width: 33.3333%;\"><strong><span style=\"vertical-align: inherit;\"><span style=\"vertical-align: inherit;\"><span style=\"vertical-align: inherit;\"><span style=\"vertical-align: inherit;\">EAN-code:<\/span><\/span><\/span><\/span><\/strong><\/td>\n<\/tr>\n<tr>\n<td style=\"width: 33.3333%;\">330g<\/td>\n<td style=\"width: 33.3333%;\">Suomi \/ Finland<\/td>\n<td style=\"width: 33.3333%;\">6430056262109<\/td>\n<\/tr>\n<\/tbody>\n<\/table>\n<p><strong><span style=\"vertical-align: inherit;\"><span style=\"vertical-align: inherit;\"><span style=\"vertical-align: inherit;\"><span style=\"vertical-align: inherit;\">Aineosat \/ Ingredienser :<\/span><\/span><\/span><\/span><\/strong><\/p>\n<p>Maustettu riisi 56 % (kasvisliemi, basmatiriisi (muu kuin EU), rapsi\u00f6ljy, merisuola, persilja, s\u00e4il\u00f6nt\u00e4aine (kaliumsorbaatti)), sienikastike 44 % (tuore herkkusieni 44 %, kauravalmiste (vesi, gluteeniton t\u00e4ysjyv\u00e4<strong>kaura<\/strong>, rapsi\u00f6ljy, muunnetut t\u00e4rkkelykset, stabilointiaine (guarkumi), happamuudens\u00e4\u00e4t\u00f6aine (natriumsitraatti), emulgointiaine (E472e)), sienifondi (herkkusieni, siitake, voitatti, suola, vesi, aromi, sienitiiviste, sokeri, glukoosisiirappi, sipuli, valkosipuli, happamuudens\u00e4\u00e4t\u00f6aine (sitruunahappo), sakeuttamisaine (ksantaanikumi)), harissa (rapsi\u00f6ljy, valkosipuli, chilipaprika, merisuola, mausteet)).<\/p>\n<p>Kryddat ris 56 % (gr\u00f6nsaksbuljong, basmatiris (icke-EU), rapsolja, havssalt, persilja, konserveringsmedel (kaliumsorbat)), svamps\u00e5s 44 % (champinjon 44 %, havreprodukt (vatten, glutenfri fullkorns<strong>havre<\/strong>, rapsolja, modifierad st\u00e4rkelse, stabiliseringsmedel (guargummi), surhetsreglerande medel (natriumcitrat), emulgeringsmedel (E472e)), svampfond (champinjon, shiitake, sm\u00f6rsopp, salt, vatten, arom, svampkoncentrat, socker, glukossirap, l\u00f6k, vitl\u00f6k, syra (citronsyra), f\u00f6rtjockningsmedel (xantangummi)), harissa (rapsolja, vitl\u00f6k, chilipeppar, havssalt, kryddor)).<\/p>\n<p><strong><span style=\"vertical-align: inherit;\"><span style=\"vertical-align: inherit;\"><span style=\"vertical-align: inherit;\"><span style=\"vertical-align: inherit;\">Storage:<\/span><\/span><\/span><\/span><\/strong><\/p>\n<p>alle +6\u00b0C \/ under +6\u00b0C<\/p>\n<p><img loading=\"lazy\" decoding=\"async\" class=\"wp-image-7101 alignleft\" src=\"https:\/\/baba.fi\/wp-content\/uploads\/2023\/02\/df95c758-7d5d-48d9-b664-40bc817cf445.png\" alt=\"\" width=\"179\" height=\"111\" srcset=\"https:\/\/baba.fi\/wp-content\/uploads\/2023\/02\/df95c758-7d5d-48d9-b664-40bc817cf445.png 387w, https:\/\/baba.fi\/wp-content\/uploads\/2023\/02\/df95c758-7d5d-48d9-b664-40bc817cf445-300x186.png 300w, https:\/\/baba.fi\/wp-content\/uploads\/2023\/02\/df95c758-7d5d-48d9-b664-40bc817cf445-18x12.png 18w\" sizes=\"(max-width: 179px) 100vw, 179px\" \/><\/p>","protected":false},"featured_media":5137,"template":"","meta":{"_acf_changed":false,"_et_pb_use_builder":"","_et_pb_old_content":"","_et_gb_content_width":"","om_disable_all_campaigns":false},"product_brand":[],"product_cat":[41],"product_tag":[],"class_list":{"0":"post-4353","1":"product","2":"type-product","3":"status-publish","4":"has-post-thumbnail","6":"product_cat-vahittaiskauppa","8":"first","9":"outofstock","10":"taxable","11":"shipping-taxable","12":"product-type-variable","13":"has-default-attributes"},"acf":[],"yoast_head":"<!-- This site is optimized with the Yoast SEO plugin v27.5 - https:\/\/yoast.com\/product\/yoast-seo-wordpress\/ -->\n<title>Baba Ateria: Kermainen sienikastike &amp; riisi (ripauksella harissaa) - Baba Foods<\/title>\n<meta name=\"robots\" content=\"index, follow, max-snippet:-1, max-image-preview:large, max-video-preview:-1\" \/>\n<link rel=\"canonical\" href=\"https:\/\/baba.fi\/en\/product\/baba-ateria-kermainen-sienikastike-riisi-vahittaiskauppa\/\" \/>\n<meta property=\"og:locale\" content=\"en_GB\" \/>\n<meta property=\"og:type\" content=\"article\" \/>\n<meta property=\"og:title\" content=\"Baba Ateria: Kermainen sienikastike &amp; riisi (ripauksella harissaa) - Baba Foods\" \/>\n<meta property=\"og:description\" content=\"Herkullinen valmisateria  Vegaaninen, Gluteeniton    Paino \/ Vikt: Valmistusmaa: EAN-koodi:   330g Suomi \/ Finland 6430056262109    Aineosat \/ Ingredienser :  Maustettu riisi 56 % (kasvisliemi, basmatiriisi (muu kuin EU), rapsi\u00f6ljy, merisuola, persilja, s\u00e4il\u00f6nt\u00e4aine (kaliumsorbaatti)), sienikastike 44 % (tuore herkkusieni 44 %, kauravalmiste (vesi, gluteeniton t\u00e4ysjyv\u00e4kaura, rapsi\u00f6ljy, muunnetut t\u00e4rkkelykset, stabilointiaine (guarkumi), happamuudens\u00e4\u00e4t\u00f6aine (natriumsitraatti), emulgointiaine (E472e)), sienifondi (herkkusieni, siitake, voitatti, suola, vesi, aromi, sienitiiviste, sokeri, glukoosisiirappi, sipuli, valkosipuli, happamuudens\u00e4\u00e4t\u00f6aine (sitruunahappo), sakeuttamisaine (ksantaanikumi)), harissa (rapsi\u00f6ljy, valkosipuli, chilipaprika, merisuola, mausteet)).  Kryddat ris 56 % (gr\u00f6nsaksbuljong, basmatiris (icke-EU), rapsolja, havssalt, persilja, konserveringsmedel (kaliumsorbat)), svamps\u00e5s 44 % (champinjon 44 %, havreprodukt (vatten, glutenfri fullkornshavre, rapsolja, modifierad st\u00e4rkelse, stabiliseringsmedel (guargummi), surhetsreglerande medel (natriumcitrat), emulgeringsmedel (E472e)), svampfond (champinjon, shiitake, sm\u00f6rsopp, salt, vatten, arom, svampkoncentrat, socker, glukossirap, l\u00f6k, vitl\u00f6k, syra (citronsyra), f\u00f6rtjockningsmedel (xantangummi)), harissa (rapsolja, vitl\u00f6k, chilipeppar, havssalt, kryddor)).  S\u00e4ilytys \/ F\u00f6rvaring :  alle +6\u00b0C \/ under +6\u00b0C\" \/>\n<meta property=\"og:url\" content=\"https:\/\/baba.fi\/en\/product\/baba-ateria-kermainen-sienikastike-riisi-vahittaiskauppa\/\" \/>\n<meta property=\"og:site_name\" content=\"Baba Foods\" \/>\n<meta property=\"article:modified_time\" content=\"2025-09-18T06:03:40+00:00\" \/>\n<meta property=\"og:image\" content=\"https:\/\/baba.fi\/wp-content\/uploads\/2023\/02\/Sieniateria.png\" \/>\n\t<meta property=\"og:image:width\" content=\"600\" \/>\n\t<meta property=\"og:image:height\" content=\"900\" \/>\n\t<meta property=\"og:image:type\" content=\"image\/png\" \/>\n<meta name=\"twitter:card\" content=\"summary_large_image\" \/>\n<meta name=\"twitter:label1\" content=\"Estimated reading time\" \/>\n\t<meta name=\"twitter:data1\" content=\"1 minute\" \/>\n<script type=\"application\/ld+json\" class=\"yoast-schema-graph\">{\"@context\":\"https:\\\/\\\/schema.org\",\"@graph\":[{\"@type\":\"WebPage\",\"@id\":\"https:\\\/\\\/baba.fi\\\/product\\\/baba-ateria-kermainen-sienikastike-riisi-vahittaiskauppa\\\/\",\"url\":\"https:\\\/\\\/baba.fi\\\/product\\\/baba-ateria-kermainen-sienikastike-riisi-vahittaiskauppa\\\/\",\"name\":\"Baba Ateria: Kermainen sienikastike & riisi (ripauksella harissaa) - Baba Foods\",\"isPartOf\":{\"@id\":\"https:\\\/\\\/baba.fi\\\/en\\\/#website\"},\"primaryImageOfPage\":{\"@id\":\"https:\\\/\\\/baba.fi\\\/product\\\/baba-ateria-kermainen-sienikastike-riisi-vahittaiskauppa\\\/#primaryimage\"},\"image\":{\"@id\":\"https:\\\/\\\/baba.fi\\\/product\\\/baba-ateria-kermainen-sienikastike-riisi-vahittaiskauppa\\\/#primaryimage\"},\"thumbnailUrl\":\"https:\\\/\\\/baba.fi\\\/wp-content\\\/uploads\\\/2023\\\/02\\\/Sieniateria.png\",\"datePublished\":\"2023-02-06T11:34:01+00:00\",\"dateModified\":\"2025-09-18T06:03:40+00:00\",\"breadcrumb\":{\"@id\":\"https:\\\/\\\/baba.fi\\\/product\\\/baba-ateria-kermainen-sienikastike-riisi-vahittaiskauppa\\\/#breadcrumb\"},\"inLanguage\":\"en-GB\",\"potentialAction\":[{\"@type\":\"ReadAction\",\"target\":[\"https:\\\/\\\/baba.fi\\\/product\\\/baba-ateria-kermainen-sienikastike-riisi-vahittaiskauppa\\\/\"]}]},{\"@type\":\"ImageObject\",\"inLanguage\":\"en-GB\",\"@id\":\"https:\\\/\\\/baba.fi\\\/product\\\/baba-ateria-kermainen-sienikastike-riisi-vahittaiskauppa\\\/#primaryimage\",\"url\":\"https:\\\/\\\/baba.fi\\\/wp-content\\\/uploads\\\/2023\\\/02\\\/Sieniateria.png\",\"contentUrl\":\"https:\\\/\\\/baba.fi\\\/wp-content\\\/uploads\\\/2023\\\/02\\\/Sieniateria.png\",\"width\":600,\"height\":900},{\"@type\":\"BreadcrumbList\",\"@id\":\"https:\\\/\\\/baba.fi\\\/product\\\/baba-ateria-kermainen-sienikastike-riisi-vahittaiskauppa\\\/#breadcrumb\",\"itemListElement\":[{\"@type\":\"ListItem\",\"position\":1,\"name\":\"Etusivu\",\"item\":\"https:\\\/\\\/baba.fi\\\/\"},{\"@type\":\"ListItem\",\"position\":2,\"name\":\"Tuotteet\",\"item\":\"https:\\\/\\\/baba.fi\\\/tuotteet\\\/\"},{\"@type\":\"ListItem\",\"position\":3,\"name\":\"Baba Ateria: Kermainen sienikastike &#038; riisi (ripauksella harissaa)\"}]},{\"@type\":\"WebSite\",\"@id\":\"https:\\\/\\\/baba.fi\\\/en\\\/#website\",\"url\":\"https:\\\/\\\/baba.fi\\\/en\\\/\",\"name\":\"Baba Foods\",\"description\":\"L\u00e4hi-id\u00e4n kasvisruokaa Suomessa valmistettuna\",\"potentialAction\":[{\"@type\":\"SearchAction\",\"target\":{\"@type\":\"EntryPoint\",\"urlTemplate\":\"https:\\\/\\\/baba.fi\\\/en\\\/?s={search_term_string}\"},\"query-input\":{\"@type\":\"PropertyValueSpecification\",\"valueRequired\":true,\"valueName\":\"search_term_string\"}}],\"inLanguage\":\"en-GB\"}]}<\/script>\n<!-- \/ Yoast SEO plugin. -->","yoast_head_json":{"title":"Baba Ateria: Kermainen sienikastike & riisi (ripauksella harissaa) - Baba Foods","robots":{"index":"index","follow":"follow","max-snippet":"max-snippet:-1","max-image-preview":"max-image-preview:large","max-video-preview":"max-video-preview:-1"},"canonical":"https:\/\/baba.fi\/en\/product\/baba-ateria-kermainen-sienikastike-riisi-vahittaiskauppa\/","og_locale":"en_GB","og_type":"article","og_title":"Baba Ateria: Kermainen sienikastike & riisi (ripauksella harissaa) - Baba Foods","og_description":"Herkullinen valmisateria  Vegaaninen, Gluteeniton    Paino \/ Vikt: Valmistusmaa: EAN-koodi:   330g Suomi \/ Finland 6430056262109    Aineosat \/ Ingredienser :  Maustettu riisi 56 % (kasvisliemi, basmatiriisi (muu kuin EU), rapsi\u00f6ljy, merisuola, persilja, s\u00e4il\u00f6nt\u00e4aine (kaliumsorbaatti)), sienikastike 44 % (tuore herkkusieni 44 %, kauravalmiste (vesi, gluteeniton t\u00e4ysjyv\u00e4kaura, rapsi\u00f6ljy, muunnetut t\u00e4rkkelykset, stabilointiaine (guarkumi), happamuudens\u00e4\u00e4t\u00f6aine (natriumsitraatti), emulgointiaine (E472e)), sienifondi (herkkusieni, siitake, voitatti, suola, vesi, aromi, sienitiiviste, sokeri, glukoosisiirappi, sipuli, valkosipuli, happamuudens\u00e4\u00e4t\u00f6aine (sitruunahappo), sakeuttamisaine (ksantaanikumi)), harissa (rapsi\u00f6ljy, valkosipuli, chilipaprika, merisuola, mausteet)).  Kryddat ris 56 % (gr\u00f6nsaksbuljong, basmatiris (icke-EU), rapsolja, havssalt, persilja, konserveringsmedel (kaliumsorbat)), svamps\u00e5s 44 % (champinjon 44 %, havreprodukt (vatten, glutenfri fullkornshavre, rapsolja, modifierad st\u00e4rkelse, stabiliseringsmedel (guargummi), surhetsreglerande medel (natriumcitrat), emulgeringsmedel (E472e)), svampfond (champinjon, shiitake, sm\u00f6rsopp, salt, vatten, arom, svampkoncentrat, socker, glukossirap, l\u00f6k, vitl\u00f6k, syra (citronsyra), f\u00f6rtjockningsmedel (xantangummi)), harissa (rapsolja, vitl\u00f6k, chilipeppar, havssalt, kryddor)).  S\u00e4ilytys \/ F\u00f6rvaring :  alle +6\u00b0C \/ under +6\u00b0C","og_url":"https:\/\/baba.fi\/en\/product\/baba-ateria-kermainen-sienikastike-riisi-vahittaiskauppa\/","og_site_name":"Baba Foods","article_modified_time":"2025-09-18T06:03:40+00:00","og_image":[{"width":600,"height":900,"url":"https:\/\/baba.fi\/wp-content\/uploads\/2023\/02\/Sieniateria.png","type":"image\/png"}],"twitter_card":"summary_large_image","twitter_misc":{"Estimated reading time":"1 minute"},"schema":{"@context":"https:\/\/schema.org","@graph":[{"@type":"WebPage","@id":"https:\/\/baba.fi\/product\/baba-ateria-kermainen-sienikastike-riisi-vahittaiskauppa\/","url":"https:\/\/baba.fi\/product\/baba-ateria-kermainen-sienikastike-riisi-vahittaiskauppa\/","name":"Baba Ateria: Kermainen sienikastike & riisi (ripauksella harissaa) - Baba Foods","isPartOf":{"@id":"https:\/\/baba.fi\/en\/#website"},"primaryImageOfPage":{"@id":"https:\/\/baba.fi\/product\/baba-ateria-kermainen-sienikastike-riisi-vahittaiskauppa\/#primaryimage"},"image":{"@id":"https:\/\/baba.fi\/product\/baba-ateria-kermainen-sienikastike-riisi-vahittaiskauppa\/#primaryimage"},"thumbnailUrl":"https:\/\/baba.fi\/wp-content\/uploads\/2023\/02\/Sieniateria.png","datePublished":"2023-02-06T11:34:01+00:00","dateModified":"2025-09-18T06:03:40+00:00","breadcrumb":{"@id":"https:\/\/baba.fi\/product\/baba-ateria-kermainen-sienikastike-riisi-vahittaiskauppa\/#breadcrumb"},"inLanguage":"en-GB","potentialAction":[{"@type":"ReadAction","target":["https:\/\/baba.fi\/product\/baba-ateria-kermainen-sienikastike-riisi-vahittaiskauppa\/"]}]},{"@type":"ImageObject","inLanguage":"en-GB","@id":"https:\/\/baba.fi\/product\/baba-ateria-kermainen-sienikastike-riisi-vahittaiskauppa\/#primaryimage","url":"https:\/\/baba.fi\/wp-content\/uploads\/2023\/02\/Sieniateria.png","contentUrl":"https:\/\/baba.fi\/wp-content\/uploads\/2023\/02\/Sieniateria.png","width":600,"height":900},{"@type":"BreadcrumbList","@id":"https:\/\/baba.fi\/product\/baba-ateria-kermainen-sienikastike-riisi-vahittaiskauppa\/#breadcrumb","itemListElement":[{"@type":"ListItem","position":1,"name":"Etusivu","item":"https:\/\/baba.fi\/"},{"@type":"ListItem","position":2,"name":"Tuotteet","item":"https:\/\/baba.fi\/tuotteet\/"},{"@type":"ListItem","position":3,"name":"Baba Ateria: Kermainen sienikastike &#038; riisi (ripauksella harissaa)"}]},{"@type":"WebSite","@id":"https:\/\/baba.fi\/en\/#website","url":"https:\/\/baba.fi\/en\/","name":"Baba Foods","description":"Middle Eastern vegetarian food produced in Finland","potentialAction":[{"@type":"SearchAction","target":{"@type":"EntryPoint","urlTemplate":"https:\/\/baba.fi\/en\/?s={search_term_string}"},"query-input":{"@type":"PropertyValueSpecification","valueRequired":true,"valueName":"search_term_string"}}],"inLanguage":"en-GB"}]}},"_links":{"self":[{"href":"https:\/\/baba.fi\/en\/wp-json\/wp\/v2\/product\/4353","targetHints":{"allow":["GET"]}}],"collection":[{"href":"https:\/\/baba.fi\/en\/wp-json\/wp\/v2\/product"}],"about":[{"href":"https:\/\/baba.fi\/en\/wp-json\/wp\/v2\/types\/product"}],"wp:featuredmedia":[{"embeddable":true,"href":"https:\/\/baba.fi\/en\/wp-json\/wp\/v2\/media\/5137"}],"wp:attachment":[{"href":"https:\/\/baba.fi\/en\/wp-json\/wp\/v2\/media?parent=4353"}],"wp:term":[{"taxonomy":"product_brand","embeddable":true,"href":"https:\/\/baba.fi\/en\/wp-json\/wp\/v2\/product_brand?post=4353"},{"taxonomy":"product_cat","embeddable":true,"href":"https:\/\/baba.fi\/en\/wp-json\/wp\/v2\/product_cat?post=4353"},{"taxonomy":"product_tag","embeddable":true,"href":"https:\/\/baba.fi\/en\/wp-json\/wp\/v2\/product_tag?post=4353"}],"curies":[{"name":"wp","href":"https:\/\/api.w.org\/{rel}","templated":true}]}}