{"id":4801,"date":"2023-06-13T10:43:07","date_gmt":"2023-06-13T10:43:07","guid":{"rendered":"https:\/\/baba.fi\/product\/baba-tahinikastike-green-copy\/"},"modified":"2026-02-27T08:51:57","modified_gmt":"2026-02-27T08:51:57","slug":"baba-tahinikastike-white-b2b","status":"publish","type":"product","link":"https:\/\/baba.fi\/en\/product\/baba-tahinikastike-white-b2b\/","title":{"rendered":"Baba Tahinikastike White"},"content":{"rendered":"<h3><span style=\"vertical-align: inherit;\"><span style=\"vertical-align: inherit;\"><span style=\"vertical-align: inherit;\"><span style=\"vertical-align: inherit;\">Nutritional values 100g<\/span><\/span><\/span><\/span><\/h3>\n<table style=\"border-collapse: collapse; width: 100%; height: 168px;\" border=\"1\">\n<thead>\n<tr style=\"height: 24px;\">\n<th style=\"width: 50%; height: 24px;\">Nutritional values \/<\/th>\n<th style=\"width: 50%; height: 24px;\"><span style=\"vertical-align: inherit;\"><span style=\"vertical-align: inherit;\"><span style=\"vertical-align: inherit;\"><span style=\"vertical-align: inherit;\">100g<\/span><\/span><\/span><\/span><\/th>\n<\/tr>\n<\/thead>\n<tbody>\n<tr style=\"height: 24px;\">\n<td style=\"width: 50%; height: 24px;\">Energy<\/td>\n<td style=\"width: 50%; height: 24px;\">388 kcal \/ 1623 kJ<\/td>\n<\/tr>\n<tr style=\"height: 24px;\">\n<td style=\"width: 50%; height: 24px;\">Fat<\/td>\n<td style=\"width: 50%; height: 24px;\">23 g &#8211; josta tyydyttyneit\u00e4 \/ varav m\u00e4ttat fett 1,0 g<\/td>\n<\/tr>\n<tr style=\"height: 24px;\">\n<td style=\"width: 50%; height: 24px;\">Carbohydrates<\/td>\n<td style=\"width: 50%; height: 24px;\">5,4 g &#8211; josta sokereita \/ varav sockerarter 1,6 g<\/td>\n<\/tr>\n<tr style=\"height: 24px;\">\n<td style=\"width: 50%; height: 24px;\">Fiber<\/td>\n<td style=\"width: 50%; height: 24px;\">3,2 g<\/td>\n<\/tr>\n<tr style=\"height: 24px;\">\n<td style=\"width: 50%; height: 24px;\">Protein<\/td>\n<td style=\"width: 50%; height: 24px;\">9,5 g<\/td>\n<\/tr>\n<tr style=\"height: 24px;\">\n<td style=\"width: 50%; height: 24px;\"><span style=\"vertical-align: inherit;\"><span style=\"vertical-align: inherit;\"><span style=\"vertical-align: inherit;\"><span style=\"vertical-align: inherit;\">Salt<\/span><\/span><\/span><\/span><\/td>\n<td style=\"width: 50%; height: 24px;\">0,9 \u00a0g<\/td>\n<\/tr>\n<\/tbody>\n<\/table>","protected":false},"excerpt":{"rendered":"<p>Vegan, Gluten Free<\/p>\n<table class=\"summery-table\" style=\"border-collapse: collapse; width: 100%;\" border=\"0\">\n<tbody>\n<tr>\n<td style=\"width: 33.3333%;\"><strong><span style=\"vertical-align: inherit;\"><span style=\"vertical-align: inherit;\"><span style=\"vertical-align: inherit;\"><span style=\"vertical-align: inherit;\">Weight:<\/span><\/span><\/span><\/span><\/strong><\/td>\n<td style=\"width: 33.3333%;\"><strong><span style=\"vertical-align: inherit;\"><span style=\"vertical-align: inherit;\"><span style=\"vertical-align: inherit;\"><span style=\"vertical-align: inherit;\">Country of manufacture:<\/span><\/span><\/span><\/span><\/strong><\/td>\n<td style=\"width: 33.3333%;\"><\/td>\n<\/tr>\n<tr>\n<td style=\"width: 33.3333%;\">5 kg<\/td>\n<td style=\"width: 33.3333%;\">Suomi<\/td>\n<td style=\"width: 33.3333%;\"><\/td>\n<\/tr>\n<\/tbody>\n<\/table>\n<p>&nbsp;<\/p>\n<p><span data-ogsc=\"\"><strong>Ainesosat<\/strong>:\u00a0Tahini (100 %:nen\u00a0<b data-ogsc=\"\">seesaminsiemen<\/b>tahna), vesi, rapsi\u00f6ljy, sitruunat\u00e4ysmehu, merisuola, sokeri, s\u00e4il\u00f6nt\u00e4aineet (sitruunahappo, E202)<\/span><\/p>\n<p><span data-ogsc=\"\"><strong>Ingredienser<\/strong>: Tahini (100 %\u00a0<b data-ogsc=\"\">sesam<\/b>pasta), vatten, rapsolja, citronsaft, havssalt, socker, konserveringsmedel (citronsyra, E202)<\/span><\/p>\n<p><span data-ogsc=\"\"><strong>Ingredients<\/strong>: Tahini (100 %\u00a0<b data-ogsc=\"\">sesame<\/b>\u00a0paste), water, rapeseed oil, lemon juice, sea salt, sugar, prese<\/span><span data-ogsc=\"\">rvatives (citric acid, E202)<br aria-hidden=\"true\" \/><\/span><\/p>\n<p>&nbsp;<\/p>\n<p><strong><span style=\"vertical-align: inherit;\"><span style=\"vertical-align: inherit;\"><span style=\"vertical-align: inherit;\"><span style=\"vertical-align: inherit;\">Storage:<\/span><\/span><\/span><\/span><\/strong><\/p>\n<p>S\u00e4ilytys: 0-6 C astetta.<\/p>\n<p>S\u00e4ilyvyys n. 35 p\u00e4iv\u00e4\u00e4<\/p>","protected":false},"featured_media":5394,"template":"","meta":{"_acf_changed":false,"_et_pb_use_builder":"","_et_pb_old_content":"","_et_gb_content_width":"","om_disable_all_campaigns":false},"product_brand":[],"product_cat":[42],"product_tag":[],"class_list":{"0":"post-4801","1":"product","2":"type-product","3":"status-publish","4":"has-post-thumbnail","6":"product_cat-food-services","8":"first","9":"instock","10":"taxable","11":"shipping-taxable","12":"purchasable","13":"product-type-variable","14":"has-default-attributes"},"acf":[],"yoast_head":"<!-- This site is optimized with the Yoast SEO plugin v27.4 - https:\/\/yoast.com\/product\/yoast-seo-wordpress\/ -->\n<title>Baba Tahinikastike White - Baba Foods<\/title>\n<meta name=\"robots\" content=\"index, follow, max-snippet:-1, max-image-preview:large, max-video-preview:-1\" \/>\n<link rel=\"canonical\" href=\"https:\/\/baba.fi\/en\/product\/baba-tahinikastike-white-b2b\/\" \/>\n<meta property=\"og:locale\" content=\"en_GB\" \/>\n<meta property=\"og:type\" content=\"article\" \/>\n<meta property=\"og:title\" content=\"Baba Tahinikastike White - Baba Foods\" \/>\n<meta property=\"og:description\" content=\"Vegaaninen, Gluteeniton    Paino \/ Vikt: Valmistusmaa:    5 kg Suomi     &nbsp;  Ainesosat:\u00a0Tahini (100 %:nen\u00a0seesaminsiementahna), vesi, rapsi\u00f6ljy, sitruunat\u00e4ysmehu, merisuola, sokeri, s\u00e4il\u00f6nt\u00e4aineet (sitruunahappo, E202)  Ingredienser: Tahini (100 %\u00a0sesampasta), vatten, rapsolja, citronsaft, havssalt, socker, konserveringsmedel (citronsyra, E202)  Ingredients: Tahini (100 %\u00a0sesame\u00a0paste), water, rapeseed oil, lemon juice, sea salt, sugar, preservatives (citric acid, E202)  &nbsp;  S\u00e4ilytys \/ F\u00f6rvaring :  S\u00e4ilytys: 0-6 C astetta.  S\u00e4ilyvyys n. 35 p\u00e4iv\u00e4\u00e4\" \/>\n<meta property=\"og:url\" content=\"https:\/\/baba.fi\/en\/product\/baba-tahinikastike-white-b2b\/\" \/>\n<meta property=\"og:site_name\" content=\"Baba Foods\" \/>\n<meta property=\"article:modified_time\" content=\"2026-02-27T08:51:57+00:00\" \/>\n<meta property=\"og:image\" content=\"https:\/\/baba.fi\/wp-content\/uploads\/2023\/06\/Tahinikastike-white-1.png\" \/>\n\t<meta property=\"og:image:width\" content=\"600\" \/>\n\t<meta property=\"og:image:height\" content=\"900\" \/>\n\t<meta property=\"og:image:type\" content=\"image\/png\" \/>\n<meta name=\"twitter:card\" content=\"summary_large_image\" \/>\n<meta name=\"twitter:label1\" content=\"Estimated reading time\" \/>\n\t<meta name=\"twitter:data1\" content=\"1 minute\" \/>\n<script type=\"application\/ld+json\" class=\"yoast-schema-graph\">{\"@context\":\"https:\\\/\\\/schema.org\",\"@graph\":[{\"@type\":\"WebPage\",\"@id\":\"https:\\\/\\\/baba.fi\\\/product\\\/baba-tahinikastike-white-b2b\\\/\",\"url\":\"https:\\\/\\\/baba.fi\\\/product\\\/baba-tahinikastike-white-b2b\\\/\",\"name\":\"Baba Tahinikastike White - Baba Foods\",\"isPartOf\":{\"@id\":\"https:\\\/\\\/baba.fi\\\/en\\\/#website\"},\"primaryImageOfPage\":{\"@id\":\"https:\\\/\\\/baba.fi\\\/product\\\/baba-tahinikastike-white-b2b\\\/#primaryimage\"},\"image\":{\"@id\":\"https:\\\/\\\/baba.fi\\\/product\\\/baba-tahinikastike-white-b2b\\\/#primaryimage\"},\"thumbnailUrl\":\"https:\\\/\\\/baba.fi\\\/wp-content\\\/uploads\\\/2023\\\/06\\\/Tahinikastike-white-1.png\",\"datePublished\":\"2023-06-13T10:43:07+00:00\",\"dateModified\":\"2026-02-27T08:51:57+00:00\",\"breadcrumb\":{\"@id\":\"https:\\\/\\\/baba.fi\\\/product\\\/baba-tahinikastike-white-b2b\\\/#breadcrumb\"},\"inLanguage\":\"en-GB\",\"potentialAction\":[{\"@type\":\"ReadAction\",\"target\":[\"https:\\\/\\\/baba.fi\\\/product\\\/baba-tahinikastike-white-b2b\\\/\"]}]},{\"@type\":\"ImageObject\",\"inLanguage\":\"en-GB\",\"@id\":\"https:\\\/\\\/baba.fi\\\/product\\\/baba-tahinikastike-white-b2b\\\/#primaryimage\",\"url\":\"https:\\\/\\\/baba.fi\\\/wp-content\\\/uploads\\\/2023\\\/06\\\/Tahinikastike-white-1.png\",\"contentUrl\":\"https:\\\/\\\/baba.fi\\\/wp-content\\\/uploads\\\/2023\\\/06\\\/Tahinikastike-white-1.png\",\"width\":600,\"height\":900},{\"@type\":\"BreadcrumbList\",\"@id\":\"https:\\\/\\\/baba.fi\\\/product\\\/baba-tahinikastike-white-b2b\\\/#breadcrumb\",\"itemListElement\":[{\"@type\":\"ListItem\",\"position\":1,\"name\":\"Etusivu\",\"item\":\"https:\\\/\\\/baba.fi\\\/\"},{\"@type\":\"ListItem\",\"position\":2,\"name\":\"Tuotteet\",\"item\":\"https:\\\/\\\/baba.fi\\\/tuotteet\\\/\"},{\"@type\":\"ListItem\",\"position\":3,\"name\":\"Baba Tahinikastike White\"}]},{\"@type\":\"WebSite\",\"@id\":\"https:\\\/\\\/baba.fi\\\/en\\\/#website\",\"url\":\"https:\\\/\\\/baba.fi\\\/en\\\/\",\"name\":\"Baba Foods\",\"description\":\"L\u00e4hi-id\u00e4n kasvisruokaa Suomessa valmistettuna\",\"potentialAction\":[{\"@type\":\"SearchAction\",\"target\":{\"@type\":\"EntryPoint\",\"urlTemplate\":\"https:\\\/\\\/baba.fi\\\/en\\\/?s={search_term_string}\"},\"query-input\":{\"@type\":\"PropertyValueSpecification\",\"valueRequired\":true,\"valueName\":\"search_term_string\"}}],\"inLanguage\":\"en-GB\"}]}<\/script>\n<!-- \/ Yoast SEO plugin. -->","yoast_head_json":{"title":"Baba Tahinikastike White - Baba Foods","robots":{"index":"index","follow":"follow","max-snippet":"max-snippet:-1","max-image-preview":"max-image-preview:large","max-video-preview":"max-video-preview:-1"},"canonical":"https:\/\/baba.fi\/en\/product\/baba-tahinikastike-white-b2b\/","og_locale":"en_GB","og_type":"article","og_title":"Baba Tahinikastike White - Baba Foods","og_description":"Vegaaninen, Gluteeniton    Paino \/ Vikt: Valmistusmaa:    5 kg Suomi     &nbsp;  Ainesosat:\u00a0Tahini (100 %:nen\u00a0seesaminsiementahna), vesi, rapsi\u00f6ljy, sitruunat\u00e4ysmehu, merisuola, sokeri, s\u00e4il\u00f6nt\u00e4aineet (sitruunahappo, E202)  Ingredienser: Tahini (100 %\u00a0sesampasta), vatten, rapsolja, citronsaft, havssalt, socker, konserveringsmedel (citronsyra, E202)  Ingredients: Tahini (100 %\u00a0sesame\u00a0paste), water, rapeseed oil, lemon juice, sea salt, sugar, preservatives (citric acid, E202)  &nbsp;  S\u00e4ilytys \/ F\u00f6rvaring :  S\u00e4ilytys: 0-6 C astetta.  S\u00e4ilyvyys n. 35 p\u00e4iv\u00e4\u00e4","og_url":"https:\/\/baba.fi\/en\/product\/baba-tahinikastike-white-b2b\/","og_site_name":"Baba Foods","article_modified_time":"2026-02-27T08:51:57+00:00","og_image":[{"width":600,"height":900,"url":"https:\/\/baba.fi\/wp-content\/uploads\/2023\/06\/Tahinikastike-white-1.png","type":"image\/png"}],"twitter_card":"summary_large_image","twitter_misc":{"Estimated reading time":"1 minute"},"schema":{"@context":"https:\/\/schema.org","@graph":[{"@type":"WebPage","@id":"https:\/\/baba.fi\/product\/baba-tahinikastike-white-b2b\/","url":"https:\/\/baba.fi\/product\/baba-tahinikastike-white-b2b\/","name":"Baba Tahinikastike White - Baba Foods","isPartOf":{"@id":"https:\/\/baba.fi\/en\/#website"},"primaryImageOfPage":{"@id":"https:\/\/baba.fi\/product\/baba-tahinikastike-white-b2b\/#primaryimage"},"image":{"@id":"https:\/\/baba.fi\/product\/baba-tahinikastike-white-b2b\/#primaryimage"},"thumbnailUrl":"https:\/\/baba.fi\/wp-content\/uploads\/2023\/06\/Tahinikastike-white-1.png","datePublished":"2023-06-13T10:43:07+00:00","dateModified":"2026-02-27T08:51:57+00:00","breadcrumb":{"@id":"https:\/\/baba.fi\/product\/baba-tahinikastike-white-b2b\/#breadcrumb"},"inLanguage":"en-GB","potentialAction":[{"@type":"ReadAction","target":["https:\/\/baba.fi\/product\/baba-tahinikastike-white-b2b\/"]}]},{"@type":"ImageObject","inLanguage":"en-GB","@id":"https:\/\/baba.fi\/product\/baba-tahinikastike-white-b2b\/#primaryimage","url":"https:\/\/baba.fi\/wp-content\/uploads\/2023\/06\/Tahinikastike-white-1.png","contentUrl":"https:\/\/baba.fi\/wp-content\/uploads\/2023\/06\/Tahinikastike-white-1.png","width":600,"height":900},{"@type":"BreadcrumbList","@id":"https:\/\/baba.fi\/product\/baba-tahinikastike-white-b2b\/#breadcrumb","itemListElement":[{"@type":"ListItem","position":1,"name":"Etusivu","item":"https:\/\/baba.fi\/"},{"@type":"ListItem","position":2,"name":"Tuotteet","item":"https:\/\/baba.fi\/tuotteet\/"},{"@type":"ListItem","position":3,"name":"Baba Tahinikastike White"}]},{"@type":"WebSite","@id":"https:\/\/baba.fi\/en\/#website","url":"https:\/\/baba.fi\/en\/","name":"Baba Foods","description":"Middle Eastern vegetarian food produced in Finland","potentialAction":[{"@type":"SearchAction","target":{"@type":"EntryPoint","urlTemplate":"https:\/\/baba.fi\/en\/?s={search_term_string}"},"query-input":{"@type":"PropertyValueSpecification","valueRequired":true,"valueName":"search_term_string"}}],"inLanguage":"en-GB"}]}},"_links":{"self":[{"href":"https:\/\/baba.fi\/en\/wp-json\/wp\/v2\/product\/4801","targetHints":{"allow":["GET"]}}],"collection":[{"href":"https:\/\/baba.fi\/en\/wp-json\/wp\/v2\/product"}],"about":[{"href":"https:\/\/baba.fi\/en\/wp-json\/wp\/v2\/types\/product"}],"wp:featuredmedia":[{"embeddable":true,"href":"https:\/\/baba.fi\/en\/wp-json\/wp\/v2\/media\/5394"}],"wp:attachment":[{"href":"https:\/\/baba.fi\/en\/wp-json\/wp\/v2\/media?parent=4801"}],"wp:term":[{"taxonomy":"product_brand","embeddable":true,"href":"https:\/\/baba.fi\/en\/wp-json\/wp\/v2\/product_brand?post=4801"},{"taxonomy":"product_cat","embeddable":true,"href":"https:\/\/baba.fi\/en\/wp-json\/wp\/v2\/product_cat?post=4801"},{"taxonomy":"product_tag","embeddable":true,"href":"https:\/\/baba.fi\/en\/wp-json\/wp\/v2\/product_tag?post=4801"}],"curies":[{"name":"wp","href":"https:\/\/api.w.org\/{rel}","templated":true}]}}