{"id":4870,"date":"2023-07-04T09:59:11","date_gmt":"2023-07-04T09:59:11","guid":{"rendered":"https:\/\/baba.fi\/?post_type=product&#038;p=4870"},"modified":"2026-02-23T09:16:12","modified_gmt":"2026-02-23T09:16:12","slug":"baba-tahinismoothie-inkivaari-omena-b2b","status":"publish","type":"product","link":"https:\/\/baba.fi\/en\/product\/baba-tahinismoothie-inkivaari-omena-b2b\/","title":{"rendered":"Baba Tahinismoothie Inkiv\u00e4\u00e4ri &#038; vihre\u00e4 omena"},"content":{"rendered":"<h3><span style=\"vertical-align: inherit;\"><span style=\"vertical-align: inherit;\"><span style=\"vertical-align: inherit;\"><span style=\"vertical-align: inherit;\">Nutritional values 100g<\/span><\/span><\/span><\/span><\/h3>\n<table style=\"border-collapse: collapse; width: 100%; height: 168px;\" border=\"1\">\n<thead>\n<tr style=\"height: 24px;\">\n<th style=\"width: 50%; height: 24px;\">Nutritional values \/<\/th>\n<th style=\"width: 50%; height: 24px;\"><span style=\"vertical-align: inherit;\"><span style=\"vertical-align: inherit;\"><span style=\"vertical-align: inherit;\"><span style=\"vertical-align: inherit;\">100g<\/span><\/span><\/span><\/span><\/th>\n<\/tr>\n<\/thead>\n<tbody>\n<tr style=\"height: 24px;\">\n<td style=\"width: 50%; height: 24px;\">Energy<\/td>\n<td style=\"width: 50%; height: 24px;\">103 kcal \/ 435 kJ<\/td>\n<\/tr>\n<tr style=\"height: 24px;\">\n<td style=\"width: 50%; height: 24px;\">Fat<\/td>\n<td style=\"width: 50%; height: 24px;\">4,6 g &#8211; josta tyydyttyneit\u00e4 \/ varav m\u00e4ttat fett 0,7 g<\/td>\n<\/tr>\n<tr style=\"height: 24px;\">\n<td style=\"width: 50%; height: 24px;\">Carbohydrates<\/td>\n<td style=\"width: 50%; height: 24px;\">13,0 g &#8211; josta sokereita \/ varav sockerarter 11,0 g<\/td>\n<\/tr>\n<tr style=\"height: 24px;\">\n<td style=\"width: 50%; height: 24px;\">Fiber<\/td>\n<td style=\"width: 50%; height: 24px;\">1,9 g<\/td>\n<\/tr>\n<tr style=\"height: 24px;\">\n<td style=\"width: 50%; height: 24px;\">Protein<\/td>\n<td style=\"width: 50%; height: 24px;\">1,6 g<\/td>\n<\/tr>\n<tr style=\"height: 24px;\">\n<td style=\"width: 50%; height: 24px;\"><span style=\"vertical-align: inherit;\"><span style=\"vertical-align: inherit;\"><span style=\"vertical-align: inherit;\"><span style=\"vertical-align: inherit;\">Salt<\/span><\/span><\/span><\/span><\/td>\n<td style=\"width: 50%; height: 24px;\">0 g<\/td>\n<\/tr>\n<\/tbody>\n<\/table>","protected":false},"excerpt":{"rendered":"<p>Tahinilla tehostettu raikas smoothie \u2013 makuna inkiv\u00e4\u00e4ri &amp; vihre\u00e4 omena.<\/p>\n<p>Vegan, Gluten Free<\/p>\n<table class=\"summery-table\" style=\"border-collapse: collapse; width: 100%;\" border=\"0\">\n<tbody>\n<tr>\n<td style=\"width: 33.3333%;\"><strong>Koko:<\/strong><\/td>\n<td style=\"width: 33.3333%;\"><strong><span style=\"vertical-align: inherit;\"><span style=\"vertical-align: inherit;\"><span style=\"vertical-align: inherit;\"><span style=\"vertical-align: inherit;\">Country of manufacture:<\/span><\/span><\/span><\/span><\/strong><\/td>\n<td style=\"width: 33.3333%;\"><\/td>\n<\/tr>\n<tr>\n<td style=\"width: 33.3333%;\">250 ml<\/td>\n<td style=\"width: 33.3333%;\">Suomi \/ Finland<\/td>\n<td style=\"width: 33.3333%;\"><\/td>\n<\/tr>\n<\/tbody>\n<\/table>\n<p>&nbsp;<\/p>\n<p><strong><span style=\"vertical-align: inherit;\"><span style=\"vertical-align: inherit;\"><span style=\"vertical-align: inherit;\"><span style=\"vertical-align: inherit;\">Aineosat: <\/span><\/span><\/span><\/span><\/strong><span style=\"vertical-align: inherit;\"><span style=\"vertical-align: inherit;\"><span style=\"vertical-align: inherit;\"><span style=\"vertical-align: inherit;\">Omena 59%, omenat\u00e4ysmehu*, tahini =\u00a0<strong>seesaminsiemen<\/strong>tahna 7 % (muu kuin EU), inkiv\u00e4\u00e4rimehu 7 %, sitruunat\u00e4ysmehu*, v\u00e4ri (klorofylli). *tiivisteest\u00e4.<\/span><\/span><\/span><\/span><\/p>\n<p><strong><span style=\"vertical-align: inherit;\">Ingredienser: <\/span><\/strong><span style=\"vertical-align: inherit;\">\u00c4pple 59 %, \u00e4ppeljuice*, tahini =\u00a0<strong>sesamfr\u00f6<\/strong>pasta 7 % (icke-EU), ingef\u00e4rsjuice 7 %, citronjuice*, f\u00e4rg\u00e4mne (klorofyll). *fr\u00e5n koncentrat.<\/span><\/p>\n<p>&nbsp;<\/p>\n<p><strong><span style=\"vertical-align: inherit;\"><span style=\"vertical-align: inherit;\"><span style=\"vertical-align: inherit;\"><span style=\"vertical-align: inherit;\">Storage:<\/span><\/span><\/span><\/span><\/strong><\/p>\n<p>Can be stored at room temperature, but it is recommended to enjoy cold. Once opened, refrigerate and drink within 1 day.<\/p>\n<p>--<\/p>","protected":false},"featured_media":4314,"template":"","meta":{"_acf_changed":false,"_et_pb_use_builder":"","_et_pb_old_content":"","_et_gb_content_width":"","om_disable_all_campaigns":false},"product_brand":[],"product_cat":[42],"product_tag":[],"class_list":{"0":"post-4870","1":"product","2":"type-product","3":"status-publish","4":"has-post-thumbnail","6":"product_cat-food-services","8":"first","9":"instock","10":"taxable","11":"shipping-taxable","12":"purchasable","13":"product-type-variable","14":"has-default-attributes"},"acf":[],"yoast_head":"<!-- This site is optimized with the Yoast SEO plugin v26.4 - https:\/\/yoast.com\/wordpress\/plugins\/seo\/ -->\n<title>Baba Tahinismoothie Inkiv\u00e4\u00e4ri &amp; vihre\u00e4 omena - Baba Foods<\/title>\n<meta name=\"robots\" content=\"index, follow, max-snippet:-1, max-image-preview:large, max-video-preview:-1\" \/>\n<link rel=\"canonical\" href=\"https:\/\/baba.fi\/en\/product\/baba-tahinismoothie-inkivaari-omena-b2b\/\" \/>\n<meta property=\"og:locale\" content=\"en_GB\" \/>\n<meta property=\"og:type\" content=\"article\" \/>\n<meta property=\"og:title\" content=\"Baba Tahinismoothie Inkiv\u00e4\u00e4ri &amp; vihre\u00e4 omena - Baba Foods\" \/>\n<meta property=\"og:description\" content=\"Tahinilla tehostettu raikas smoothie \u2013 makuna inkiv\u00e4\u00e4ri &amp; vihre\u00e4 omena.  Vegaaninen, Gluteeniton    Koko: Valmistusmaa:    250 ml Suomi \/ Finland     &nbsp;  Aineosat: Omena 59%, omenat\u00e4ysmehu*, tahini =\u00a0seesaminsiementahna 7 % (muu kuin EU), inkiv\u00e4\u00e4rimehu 7 %, sitruunat\u00e4ysmehu*, v\u00e4ri (klorofylli). *tiivisteest\u00e4.  Ingredienser: \u00c4pple 59 %, \u00e4ppeljuice*, tahini =\u00a0sesamfr\u00f6pasta 7 % (icke-EU), ingef\u00e4rsjuice 7 %, citronjuice*, f\u00e4rg\u00e4mne (klorofyll). *fr\u00e5n koncentrat.  &nbsp;  S\u00e4ilytys \/ F\u00f6rvaring :  Voidaan s\u00e4ilytt\u00e4\u00e4 huoneenl\u00e4mm\u00f6ss\u00e4, mutta suositellaan nautittavaksi kylm\u00e4n\u00e4. S\u00e4ilyy avattuna j\u00e4\u00e4kaapissa 1 p\u00e4iv\u00e4n.  Kan f\u00f6rvaras i rumstemperatur, men rekommenderas att avnjutas kallt. \u00d6ppnad f\u00f6rpackning \u00e4r h\u00e5llbar 1 dag i kylsk\u00e5p.\" \/>\n<meta property=\"og:url\" content=\"https:\/\/baba.fi\/en\/product\/baba-tahinismoothie-inkivaari-omena-b2b\/\" \/>\n<meta property=\"og:site_name\" content=\"Baba Foods\" \/>\n<meta property=\"article:modified_time\" content=\"2026-02-23T09:16:12+00:00\" \/>\n<meta property=\"og:image\" content=\"https:\/\/baba.fi\/wp-content\/uploads\/2023\/02\/SMR53988_TAHINI_OMENA_SYVA\u2560e_LR-778x1024.png\" \/>\n\t<meta property=\"og:image:width\" content=\"778\" \/>\n\t<meta property=\"og:image:height\" content=\"1024\" \/>\n\t<meta property=\"og:image:type\" content=\"image\/png\" \/>\n<meta name=\"twitter:card\" content=\"summary_large_image\" \/>\n<meta name=\"twitter:label1\" content=\"Estimated reading time\" \/>\n\t<meta name=\"twitter:data1\" content=\"1 minute\" \/>\n<script type=\"application\/ld+json\" class=\"yoast-schema-graph\">{\"@context\":\"https:\/\/schema.org\",\"@graph\":[{\"@type\":\"WebPage\",\"@id\":\"https:\/\/baba.fi\/product\/baba-tahinismoothie-inkivaari-omena-b2b\/\",\"url\":\"https:\/\/baba.fi\/product\/baba-tahinismoothie-inkivaari-omena-b2b\/\",\"name\":\"Baba Tahinismoothie Inkiv\u00e4\u00e4ri & vihre\u00e4 omena - Baba Foods\",\"isPartOf\":{\"@id\":\"https:\/\/baba.fi\/en\/#website\"},\"primaryImageOfPage\":{\"@id\":\"https:\/\/baba.fi\/product\/baba-tahinismoothie-inkivaari-omena-b2b\/#primaryimage\"},\"image\":{\"@id\":\"https:\/\/baba.fi\/product\/baba-tahinismoothie-inkivaari-omena-b2b\/#primaryimage\"},\"thumbnailUrl\":\"https:\/\/baba.fi\/wp-content\/uploads\/2023\/02\/SMR53988_TAHINI_OMENA_SYVA\u2560e_LR.png\",\"datePublished\":\"2023-07-04T09:59:11+00:00\",\"dateModified\":\"2026-02-23T09:16:12+00:00\",\"breadcrumb\":{\"@id\":\"https:\/\/baba.fi\/product\/baba-tahinismoothie-inkivaari-omena-b2b\/#breadcrumb\"},\"inLanguage\":\"en-GB\",\"potentialAction\":[{\"@type\":\"ReadAction\",\"target\":[\"https:\/\/baba.fi\/product\/baba-tahinismoothie-inkivaari-omena-b2b\/\"]}]},{\"@type\":\"ImageObject\",\"inLanguage\":\"en-GB\",\"@id\":\"https:\/\/baba.fi\/product\/baba-tahinismoothie-inkivaari-omena-b2b\/#primaryimage\",\"url\":\"https:\/\/baba.fi\/wp-content\/uploads\/2023\/02\/SMR53988_TAHINI_OMENA_SYVA\u2560e_LR.png\",\"contentUrl\":\"https:\/\/baba.fi\/wp-content\/uploads\/2023\/02\/SMR53988_TAHINI_OMENA_SYVA\u2560e_LR.png\",\"width\":1427,\"height\":1878},{\"@type\":\"BreadcrumbList\",\"@id\":\"https:\/\/baba.fi\/product\/baba-tahinismoothie-inkivaari-omena-b2b\/#breadcrumb\",\"itemListElement\":[{\"@type\":\"ListItem\",\"position\":1,\"name\":\"Etusivu\",\"item\":\"https:\/\/baba.fi\/\"},{\"@type\":\"ListItem\",\"position\":2,\"name\":\"Tuotteet\",\"item\":\"https:\/\/baba.fi\/tuotteet\/\"},{\"@type\":\"ListItem\",\"position\":3,\"name\":\"Baba Tahinismoothie Inkiv\u00e4\u00e4ri &#038; vihre\u00e4 omena\"}]},{\"@type\":\"WebSite\",\"@id\":\"https:\/\/baba.fi\/en\/#website\",\"url\":\"https:\/\/baba.fi\/en\/\",\"name\":\"Baba Foods\",\"description\":\"L\u00e4hi-id\u00e4n kasvisruokaa Suomessa valmistettuna\",\"potentialAction\":[{\"@type\":\"SearchAction\",\"target\":{\"@type\":\"EntryPoint\",\"urlTemplate\":\"https:\/\/baba.fi\/en\/?s={search_term_string}\"},\"query-input\":{\"@type\":\"PropertyValueSpecification\",\"valueRequired\":true,\"valueName\":\"search_term_string\"}}],\"inLanguage\":\"en-GB\"}]}<\/script>\n<!-- \/ Yoast SEO plugin. -->","yoast_head_json":{"title":"Baba Tahinismoothie Inkiv\u00e4\u00e4ri & vihre\u00e4 omena - Baba Foods","robots":{"index":"index","follow":"follow","max-snippet":"max-snippet:-1","max-image-preview":"max-image-preview:large","max-video-preview":"max-video-preview:-1"},"canonical":"https:\/\/baba.fi\/en\/product\/baba-tahinismoothie-inkivaari-omena-b2b\/","og_locale":"en_GB","og_type":"article","og_title":"Baba Tahinismoothie Inkiv\u00e4\u00e4ri & vihre\u00e4 omena - Baba Foods","og_description":"Tahinilla tehostettu raikas smoothie \u2013 makuna inkiv\u00e4\u00e4ri &amp; vihre\u00e4 omena.  Vegaaninen, Gluteeniton    Koko: Valmistusmaa:    250 ml Suomi \/ Finland     &nbsp;  Aineosat: Omena 59%, omenat\u00e4ysmehu*, tahini =\u00a0seesaminsiementahna 7 % (muu kuin EU), inkiv\u00e4\u00e4rimehu 7 %, sitruunat\u00e4ysmehu*, v\u00e4ri (klorofylli). *tiivisteest\u00e4.  Ingredienser: \u00c4pple 59 %, \u00e4ppeljuice*, tahini =\u00a0sesamfr\u00f6pasta 7 % (icke-EU), ingef\u00e4rsjuice 7 %, citronjuice*, f\u00e4rg\u00e4mne (klorofyll). *fr\u00e5n koncentrat.  &nbsp;  S\u00e4ilytys \/ F\u00f6rvaring :  Voidaan s\u00e4ilytt\u00e4\u00e4 huoneenl\u00e4mm\u00f6ss\u00e4, mutta suositellaan nautittavaksi kylm\u00e4n\u00e4. S\u00e4ilyy avattuna j\u00e4\u00e4kaapissa 1 p\u00e4iv\u00e4n.  Kan f\u00f6rvaras i rumstemperatur, men rekommenderas att avnjutas kallt. \u00d6ppnad f\u00f6rpackning \u00e4r h\u00e5llbar 1 dag i kylsk\u00e5p.","og_url":"https:\/\/baba.fi\/en\/product\/baba-tahinismoothie-inkivaari-omena-b2b\/","og_site_name":"Baba Foods","article_modified_time":"2026-02-23T09:16:12+00:00","og_image":[{"width":778,"height":1024,"url":"https:\/\/baba.fi\/wp-content\/uploads\/2023\/02\/SMR53988_TAHINI_OMENA_SYVA\u2560e_LR-778x1024.png","type":"image\/png"}],"twitter_card":"summary_large_image","twitter_misc":{"Estimated reading time":"1 minute"},"schema":{"@context":"https:\/\/schema.org","@graph":[{"@type":"WebPage","@id":"https:\/\/baba.fi\/product\/baba-tahinismoothie-inkivaari-omena-b2b\/","url":"https:\/\/baba.fi\/product\/baba-tahinismoothie-inkivaari-omena-b2b\/","name":"Baba Tahinismoothie Inkiv\u00e4\u00e4ri & vihre\u00e4 omena - Baba Foods","isPartOf":{"@id":"https:\/\/baba.fi\/en\/#website"},"primaryImageOfPage":{"@id":"https:\/\/baba.fi\/product\/baba-tahinismoothie-inkivaari-omena-b2b\/#primaryimage"},"image":{"@id":"https:\/\/baba.fi\/product\/baba-tahinismoothie-inkivaari-omena-b2b\/#primaryimage"},"thumbnailUrl":"https:\/\/baba.fi\/wp-content\/uploads\/2023\/02\/SMR53988_TAHINI_OMENA_SYVA\u2560e_LR.png","datePublished":"2023-07-04T09:59:11+00:00","dateModified":"2026-02-23T09:16:12+00:00","breadcrumb":{"@id":"https:\/\/baba.fi\/product\/baba-tahinismoothie-inkivaari-omena-b2b\/#breadcrumb"},"inLanguage":"en-GB","potentialAction":[{"@type":"ReadAction","target":["https:\/\/baba.fi\/product\/baba-tahinismoothie-inkivaari-omena-b2b\/"]}]},{"@type":"ImageObject","inLanguage":"en-GB","@id":"https:\/\/baba.fi\/product\/baba-tahinismoothie-inkivaari-omena-b2b\/#primaryimage","url":"https:\/\/baba.fi\/wp-content\/uploads\/2023\/02\/SMR53988_TAHINI_OMENA_SYVA\u2560e_LR.png","contentUrl":"https:\/\/baba.fi\/wp-content\/uploads\/2023\/02\/SMR53988_TAHINI_OMENA_SYVA\u2560e_LR.png","width":1427,"height":1878},{"@type":"BreadcrumbList","@id":"https:\/\/baba.fi\/product\/baba-tahinismoothie-inkivaari-omena-b2b\/#breadcrumb","itemListElement":[{"@type":"ListItem","position":1,"name":"Etusivu","item":"https:\/\/baba.fi\/"},{"@type":"ListItem","position":2,"name":"Tuotteet","item":"https:\/\/baba.fi\/tuotteet\/"},{"@type":"ListItem","position":3,"name":"Baba Tahinismoothie Inkiv\u00e4\u00e4ri &#038; vihre\u00e4 omena"}]},{"@type":"WebSite","@id":"https:\/\/baba.fi\/en\/#website","url":"https:\/\/baba.fi\/en\/","name":"Baba Foods","description":"Middle Eastern vegetarian food produced in Finland","potentialAction":[{"@type":"SearchAction","target":{"@type":"EntryPoint","urlTemplate":"https:\/\/baba.fi\/en\/?s={search_term_string}"},"query-input":{"@type":"PropertyValueSpecification","valueRequired":true,"valueName":"search_term_string"}}],"inLanguage":"en-GB"}]}},"_links":{"self":[{"href":"https:\/\/baba.fi\/en\/wp-json\/wp\/v2\/product\/4870","targetHints":{"allow":["GET"]}}],"collection":[{"href":"https:\/\/baba.fi\/en\/wp-json\/wp\/v2\/product"}],"about":[{"href":"https:\/\/baba.fi\/en\/wp-json\/wp\/v2\/types\/product"}],"wp:featuredmedia":[{"embeddable":true,"href":"https:\/\/baba.fi\/en\/wp-json\/wp\/v2\/media\/4314"}],"wp:attachment":[{"href":"https:\/\/baba.fi\/en\/wp-json\/wp\/v2\/media?parent=4870"}],"wp:term":[{"taxonomy":"product_brand","embeddable":true,"href":"https:\/\/baba.fi\/en\/wp-json\/wp\/v2\/product_brand?post=4870"},{"taxonomy":"product_cat","embeddable":true,"href":"https:\/\/baba.fi\/en\/wp-json\/wp\/v2\/product_cat?post=4870"},{"taxonomy":"product_tag","embeddable":true,"href":"https:\/\/baba.fi\/en\/wp-json\/wp\/v2\/product_tag?post=4870"}],"curies":[{"name":"wp","href":"https:\/\/api.w.org\/{rel}","templated":true}]}}