{"id":5484,"date":"2024-01-16T08:46:22","date_gmt":"2024-01-16T08:46:22","guid":{"rendered":"https:\/\/baba.fi\/product\/baba-ateria-falafel-kvinoa-matbucha-copy\/"},"modified":"2025-09-18T06:15:15","modified_gmt":"2025-09-18T06:15:15","slug":"baba-ateria-taytelainen-kikhernecurry-basmatiriisi-vahittaiskauppa","status":"publish","type":"product","link":"https:\/\/baba.fi\/en\/product\/baba-ateria-taytelainen-kikhernecurry-basmatiriisi-vahittaiskauppa\/","title":{"rendered":"Baba Ateria: T\u00e4ytel\u00e4inen kikhernecurry &#038; basmatiriisi"},"content":{"rendered":"<h3><span style=\"vertical-align: inherit;\"><span style=\"vertical-align: inherit;\"><span style=\"vertical-align: inherit;\"><span style=\"vertical-align: inherit;\">Nutritional values 100g<\/span><\/span><\/span><\/span><\/h3>\n<table style=\"border-collapse: collapse; width: 100%; height: 168px;\" border=\"1\">\n<thead>\n<tr style=\"height: 24px;\">\n<th style=\"width: 50%; height: 24px;\"><span style=\"font-weight: 500;\">Nutritional values \/<\/span><\/th>\n<th style=\"width: 50%; height: 24px;\"><span style=\"vertical-align: inherit;\"><span style=\"vertical-align: inherit;\"><span style=\"vertical-align: inherit;\"><span style=\"vertical-align: inherit;\">100g<\/span><\/span><\/span><\/span><\/th>\n<\/tr>\n<\/thead>\n<tbody>\n<tr style=\"height: 24px;\">\n<td style=\"width: 50%; height: 24px;\">Energy<\/td>\n<td style=\"width: 50%; height: 24px;\">146 kcal \/ 610 kJ<\/td>\n<\/tr>\n<tr style=\"height: 24px;\">\n<td style=\"width: 50%; height: 24px;\">Fat<\/td>\n<td style=\"width: 50%; height: 24px;\">4,7 g &#8211; josta tyydyttyneit\u00e4 \/ varav m\u00e4ttat fett 0,3 g<\/td>\n<\/tr>\n<tr style=\"height: 24px;\">\n<td style=\"width: 50%; height: 24px;\">Carbohydrates<\/td>\n<td style=\"width: 50%; height: 24px;\">21,0 g &#8211; josta sokereita \/ varav sockerarter 1,2 g<\/td>\n<\/tr>\n<tr style=\"height: 24px;\">\n<td style=\"width: 50%; height: 24px;\">Fiber<\/td>\n<td style=\"width: 50%; height: 24px;\">1,5 g<\/td>\n<\/tr>\n<tr style=\"height: 24px;\">\n<td style=\"width: 50%; height: 24px;\">Protein<\/td>\n<td style=\"width: 50%; height: 24px;\">4,4 g<\/td>\n<\/tr>\n<tr style=\"height: 24px;\">\n<td style=\"width: 50%; height: 24px;\"><span style=\"vertical-align: inherit;\"><span style=\"vertical-align: inherit;\"><span style=\"vertical-align: inherit;\"><span style=\"vertical-align: inherit;\">Salt<\/span><\/span><\/span><\/span><\/td>\n<td style=\"width: 50%; height: 24px;\">0,9 g<\/td>\n<\/tr>\n<\/tbody>\n<\/table>","protected":false},"excerpt":{"rendered":"<p>Delicious ready meal<\/p>\n<p>Vegan, Gluten Free<\/p>\n<table class=\"summery-table\" style=\"border-collapse: collapse; width: 100%;\" border=\"0\">\n<tbody>\n<tr>\n<td style=\"width: 33.3333%;\"><strong><span style=\"vertical-align: inherit;\"><span style=\"vertical-align: inherit;\"><span style=\"vertical-align: inherit;\"><span style=\"vertical-align: inherit;\">Weight:<\/span><\/span><\/span><\/span><\/strong><\/td>\n<td style=\"width: 33.3333%;\"><strong><span style=\"vertical-align: inherit;\"><span style=\"vertical-align: inherit;\"><span style=\"vertical-align: inherit;\"><span style=\"vertical-align: inherit;\">Country of manufacture:<\/span><\/span><\/span><\/span><\/strong><\/td>\n<td style=\"width: 33.3333%;\"><strong><span style=\"vertical-align: inherit;\"><span style=\"vertical-align: inherit;\"><span style=\"vertical-align: inherit;\"><span style=\"vertical-align: inherit;\">EAN-code:<\/span><\/span><\/span><\/span><\/strong><\/td>\n<\/tr>\n<tr>\n<td style=\"width: 33.3333%;\">330g<\/td>\n<td style=\"width: 33.3333%;\">Suomi \/ Finland<\/td>\n<td style=\"width: 33.3333%;\">6430056262659<\/td>\n<\/tr>\n<\/tbody>\n<\/table>\n<p><strong><span style=\"vertical-align: inherit;\"><span style=\"vertical-align: inherit;\"><span style=\"vertical-align: inherit;\"><span style=\"vertical-align: inherit;\">Ingredients:<\/span><\/span><\/span><\/span><\/strong><\/p>\n<p>Kikhernecurry 55 % ((kikherne, <strong>kaura<\/strong>valmiste (vesi, gluteeniton t\u00e4ysjyv\u00e4<strong>kaura<\/strong>, rapsi\u00f6ljy, muunnetut t\u00e4rkkelykset, stabilointiaine (guarkumi), happamuudens\u00e4\u00e4t\u00f6aine (natriumsitraatti), emulgointiaine (E472e)), vesi, liemifondi (vesi, suola, aromi, sokeri, sipuli, stabilointiaine (ksantaanikumi), mausteet), harissa (rapsi\u00f6ljy, valkosipuli, chilipaprika, merisuola, mausteet), suola, sokeri, mausteet)), maustettu riisi 45 % (kasvisliemi, basmatiriisi (muu kuin eu), rapsi\u00f6ljy, merisuola, persilja, s\u00e4il\u00f6nt\u00e4aine (kaliumsorbaatti)).<\/p>\n<p>Kik\u00e4rtscurry 55 % ((kik\u00e4rt, <strong>havre<\/strong>produkt (vatten, glutenfri fullkorns<strong>havre<\/strong>, rapsolja, modifierad st\u00e4rkelse, stabiliseringsmedel (guark\u00e4rnmj\u00f6l), surhetsreglerande medel (natriumcitrat), emulgeringsmedel (E472e)), vatten, buljongfond (vatten, salt, arom, socker, l\u00f6k, stabiliseringsmedel (xantangummi), kryddor), harissa (rapsolja, vitl\u00f6k, chilipeppar, havssalt, kryddor), salt, socker, kryddor)), kryddat ris 45 % (gr\u00f6nsaksbuljong, basmatiris (icke eu), rapsolja, havssalt, persilja, konserveringsmedel (kaliumsorbat)).<\/p>\n<p><strong><span style=\"vertical-align: inherit;\"><span style=\"vertical-align: inherit;\"><span style=\"vertical-align: inherit;\"><span style=\"vertical-align: inherit;\">Storage:<\/span><\/span><\/span><\/span><\/strong><\/p>\n<p>Under +6\u00b0C<\/p>\n<p><img loading=\"lazy\" decoding=\"async\" class=\"wp-image-7101 alignleft\" src=\"https:\/\/baba.fi\/wp-content\/uploads\/2023\/02\/df95c758-7d5d-48d9-b664-40bc817cf445.png\" alt=\"\" width=\"164\" height=\"102\" srcset=\"https:\/\/baba.fi\/wp-content\/uploads\/2023\/02\/df95c758-7d5d-48d9-b664-40bc817cf445.png 387w, https:\/\/baba.fi\/wp-content\/uploads\/2023\/02\/df95c758-7d5d-48d9-b664-40bc817cf445-300x186.png 300w, https:\/\/baba.fi\/wp-content\/uploads\/2023\/02\/df95c758-7d5d-48d9-b664-40bc817cf445-18x12.png 18w\" sizes=\"(max-width: 164px) 100vw, 164px\" \/><\/p>","protected":false},"featured_media":7046,"template":"","meta":{"_acf_changed":false,"_et_pb_use_builder":"","_et_pb_old_content":"","_et_gb_content_width":"","om_disable_all_campaigns":false},"product_brand":[],"product_cat":[41],"product_tag":[],"class_list":{"0":"post-5484","1":"product","2":"type-product","3":"status-publish","4":"has-post-thumbnail","6":"product_cat-vahittaiskauppa","8":"first","9":"outofstock","10":"taxable","11":"shipping-taxable","12":"product-type-variable","13":"has-default-attributes"},"acf":[],"yoast_head":"<!-- This site is optimized with the Yoast SEO plugin v26.4 - https:\/\/yoast.com\/wordpress\/plugins\/seo\/ -->\n<title>Baba Ateria: T\u00e4ytel\u00e4inen kikhernecurry &amp; basmatiriisi - Baba Foods<\/title>\n<meta name=\"robots\" content=\"index, follow, max-snippet:-1, max-image-preview:large, max-video-preview:-1\" \/>\n<link rel=\"canonical\" href=\"https:\/\/baba.fi\/en\/product\/baba-ateria-taytelainen-kikhernecurry-basmatiriisi-vahittaiskauppa\/\" \/>\n<meta property=\"og:locale\" content=\"en_GB\" \/>\n<meta property=\"og:type\" content=\"article\" \/>\n<meta property=\"og:title\" content=\"Baba Ateria: T\u00e4ytel\u00e4inen kikhernecurry &amp; basmatiriisi - Baba Foods\" \/>\n<meta property=\"og:description\" content=\"Herkullinen valmisateria  Vegaaninen, Gluteeniton    Paino \/ Vikt: Valmistusmaa: EAN-koodi:   330g Suomi \/ Finland 6430056262659    Aineosat \/ Ingredienser:  Kikhernecurry 55 % ((kikherne, kauravalmiste (vesi, gluteeniton t\u00e4ysjyv\u00e4kaura, rapsi\u00f6ljy, muunnetut t\u00e4rkkelykset, stabilointiaine (guarkumi), happamuudens\u00e4\u00e4t\u00f6aine (natriumsitraatti), emulgointiaine (E472e)), vesi, liemifondi (vesi, suola, aromi, sokeri, sipuli, stabilointiaine (ksantaanikumi), mausteet), harissa (rapsi\u00f6ljy, valkosipuli, chilipaprika, merisuola, mausteet), suola, sokeri, mausteet)), maustettu riisi 45 % (kasvisliemi, basmatiriisi (muu kuin eu), rapsi\u00f6ljy, merisuola, persilja, s\u00e4il\u00f6nt\u00e4aine (kaliumsorbaatti)).  Kik\u00e4rtscurry 55 % ((kik\u00e4rt, havreprodukt (vatten, glutenfri fullkornshavre, rapsolja, modifierad st\u00e4rkelse, stabiliseringsmedel (guark\u00e4rnmj\u00f6l), surhetsreglerande medel (natriumcitrat), emulgeringsmedel (E472e)), vatten, buljongfond (vatten, salt, arom, socker, l\u00f6k, stabiliseringsmedel (xantangummi), kryddor), harissa (rapsolja, vitl\u00f6k, chilipeppar, havssalt, kryddor), salt, socker, kryddor)), kryddat ris 45 % (gr\u00f6nsaksbuljong, basmatiris (icke eu), rapsolja, havssalt, persilja, konserveringsmedel (kaliumsorbat)).  S\u00e4ilytys \/ F\u00f6rvaring :  S\u00e4ilytys: alle +6\u00b0C \/ under +6\u00b0C\" \/>\n<meta property=\"og:url\" content=\"https:\/\/baba.fi\/en\/product\/baba-ateria-taytelainen-kikhernecurry-basmatiriisi-vahittaiskauppa\/\" \/>\n<meta property=\"og:site_name\" content=\"Baba Foods\" \/>\n<meta property=\"article:modified_time\" content=\"2025-09-18T06:15:15+00:00\" \/>\n<meta property=\"og:image\" content=\"https:\/\/baba.fi\/wp-content\/uploads\/2024\/01\/Nimeton-malli-11.png\" \/>\n\t<meta property=\"og:image:width\" content=\"900\" \/>\n\t<meta property=\"og:image:height\" content=\"1200\" \/>\n\t<meta property=\"og:image:type\" content=\"image\/png\" \/>\n<meta name=\"twitter:card\" content=\"summary_large_image\" \/>\n<meta name=\"twitter:label1\" content=\"Estimated reading time\" \/>\n\t<meta name=\"twitter:data1\" content=\"1 minute\" \/>\n<script type=\"application\/ld+json\" class=\"yoast-schema-graph\">{\"@context\":\"https:\/\/schema.org\",\"@graph\":[{\"@type\":\"WebPage\",\"@id\":\"https:\/\/baba.fi\/product\/baba-ateria-taytelainen-kikhernecurry-basmatiriisi-vahittaiskauppa\/\",\"url\":\"https:\/\/baba.fi\/product\/baba-ateria-taytelainen-kikhernecurry-basmatiriisi-vahittaiskauppa\/\",\"name\":\"Baba Ateria: T\u00e4ytel\u00e4inen kikhernecurry & basmatiriisi - Baba Foods\",\"isPartOf\":{\"@id\":\"https:\/\/baba.fi\/en\/#website\"},\"primaryImageOfPage\":{\"@id\":\"https:\/\/baba.fi\/product\/baba-ateria-taytelainen-kikhernecurry-basmatiriisi-vahittaiskauppa\/#primaryimage\"},\"image\":{\"@id\":\"https:\/\/baba.fi\/product\/baba-ateria-taytelainen-kikhernecurry-basmatiriisi-vahittaiskauppa\/#primaryimage\"},\"thumbnailUrl\":\"https:\/\/baba.fi\/wp-content\/uploads\/2024\/01\/Nimeton-malli-11.png\",\"datePublished\":\"2024-01-16T08:46:22+00:00\",\"dateModified\":\"2025-09-18T06:15:15+00:00\",\"breadcrumb\":{\"@id\":\"https:\/\/baba.fi\/product\/baba-ateria-taytelainen-kikhernecurry-basmatiriisi-vahittaiskauppa\/#breadcrumb\"},\"inLanguage\":\"en-GB\",\"potentialAction\":[{\"@type\":\"ReadAction\",\"target\":[\"https:\/\/baba.fi\/product\/baba-ateria-taytelainen-kikhernecurry-basmatiriisi-vahittaiskauppa\/\"]}]},{\"@type\":\"ImageObject\",\"inLanguage\":\"en-GB\",\"@id\":\"https:\/\/baba.fi\/product\/baba-ateria-taytelainen-kikhernecurry-basmatiriisi-vahittaiskauppa\/#primaryimage\",\"url\":\"https:\/\/baba.fi\/wp-content\/uploads\/2024\/01\/Nimeton-malli-11.png\",\"contentUrl\":\"https:\/\/baba.fi\/wp-content\/uploads\/2024\/01\/Nimeton-malli-11.png\",\"width\":900,\"height\":1200},{\"@type\":\"BreadcrumbList\",\"@id\":\"https:\/\/baba.fi\/product\/baba-ateria-taytelainen-kikhernecurry-basmatiriisi-vahittaiskauppa\/#breadcrumb\",\"itemListElement\":[{\"@type\":\"ListItem\",\"position\":1,\"name\":\"Etusivu\",\"item\":\"https:\/\/baba.fi\/\"},{\"@type\":\"ListItem\",\"position\":2,\"name\":\"Tuotteet\",\"item\":\"https:\/\/baba.fi\/tuotteet\/\"},{\"@type\":\"ListItem\",\"position\":3,\"name\":\"Baba Ateria: T\u00e4ytel\u00e4inen kikhernecurry &#038; basmatiriisi\"}]},{\"@type\":\"WebSite\",\"@id\":\"https:\/\/baba.fi\/en\/#website\",\"url\":\"https:\/\/baba.fi\/en\/\",\"name\":\"Baba Foods\",\"description\":\"L\u00e4hi-id\u00e4n kasvisruokaa Suomessa valmistettuna\",\"potentialAction\":[{\"@type\":\"SearchAction\",\"target\":{\"@type\":\"EntryPoint\",\"urlTemplate\":\"https:\/\/baba.fi\/en\/?s={search_term_string}\"},\"query-input\":{\"@type\":\"PropertyValueSpecification\",\"valueRequired\":true,\"valueName\":\"search_term_string\"}}],\"inLanguage\":\"en-GB\"}]}<\/script>\n<!-- \/ Yoast SEO plugin. -->","yoast_head_json":{"title":"Baba Ateria: T\u00e4ytel\u00e4inen kikhernecurry & basmatiriisi - Baba Foods","robots":{"index":"index","follow":"follow","max-snippet":"max-snippet:-1","max-image-preview":"max-image-preview:large","max-video-preview":"max-video-preview:-1"},"canonical":"https:\/\/baba.fi\/en\/product\/baba-ateria-taytelainen-kikhernecurry-basmatiriisi-vahittaiskauppa\/","og_locale":"en_GB","og_type":"article","og_title":"Baba Ateria: T\u00e4ytel\u00e4inen kikhernecurry & basmatiriisi - Baba Foods","og_description":"Herkullinen valmisateria  Vegaaninen, Gluteeniton    Paino \/ Vikt: Valmistusmaa: EAN-koodi:   330g Suomi \/ Finland 6430056262659    Aineosat \/ Ingredienser:  Kikhernecurry 55 % ((kikherne, kauravalmiste (vesi, gluteeniton t\u00e4ysjyv\u00e4kaura, rapsi\u00f6ljy, muunnetut t\u00e4rkkelykset, stabilointiaine (guarkumi), happamuudens\u00e4\u00e4t\u00f6aine (natriumsitraatti), emulgointiaine (E472e)), vesi, liemifondi (vesi, suola, aromi, sokeri, sipuli, stabilointiaine (ksantaanikumi), mausteet), harissa (rapsi\u00f6ljy, valkosipuli, chilipaprika, merisuola, mausteet), suola, sokeri, mausteet)), maustettu riisi 45 % (kasvisliemi, basmatiriisi (muu kuin eu), rapsi\u00f6ljy, merisuola, persilja, s\u00e4il\u00f6nt\u00e4aine (kaliumsorbaatti)).  Kik\u00e4rtscurry 55 % ((kik\u00e4rt, havreprodukt (vatten, glutenfri fullkornshavre, rapsolja, modifierad st\u00e4rkelse, stabiliseringsmedel (guark\u00e4rnmj\u00f6l), surhetsreglerande medel (natriumcitrat), emulgeringsmedel (E472e)), vatten, buljongfond (vatten, salt, arom, socker, l\u00f6k, stabiliseringsmedel (xantangummi), kryddor), harissa (rapsolja, vitl\u00f6k, chilipeppar, havssalt, kryddor), salt, socker, kryddor)), kryddat ris 45 % (gr\u00f6nsaksbuljong, basmatiris (icke eu), rapsolja, havssalt, persilja, konserveringsmedel (kaliumsorbat)).  S\u00e4ilytys \/ F\u00f6rvaring :  S\u00e4ilytys: alle +6\u00b0C \/ under +6\u00b0C","og_url":"https:\/\/baba.fi\/en\/product\/baba-ateria-taytelainen-kikhernecurry-basmatiriisi-vahittaiskauppa\/","og_site_name":"Baba Foods","article_modified_time":"2025-09-18T06:15:15+00:00","og_image":[{"width":900,"height":1200,"url":"https:\/\/baba.fi\/wp-content\/uploads\/2024\/01\/Nimeton-malli-11.png","type":"image\/png"}],"twitter_card":"summary_large_image","twitter_misc":{"Estimated reading time":"1 minute"},"schema":{"@context":"https:\/\/schema.org","@graph":[{"@type":"WebPage","@id":"https:\/\/baba.fi\/product\/baba-ateria-taytelainen-kikhernecurry-basmatiriisi-vahittaiskauppa\/","url":"https:\/\/baba.fi\/product\/baba-ateria-taytelainen-kikhernecurry-basmatiriisi-vahittaiskauppa\/","name":"Baba Ateria: T\u00e4ytel\u00e4inen kikhernecurry & basmatiriisi - Baba Foods","isPartOf":{"@id":"https:\/\/baba.fi\/en\/#website"},"primaryImageOfPage":{"@id":"https:\/\/baba.fi\/product\/baba-ateria-taytelainen-kikhernecurry-basmatiriisi-vahittaiskauppa\/#primaryimage"},"image":{"@id":"https:\/\/baba.fi\/product\/baba-ateria-taytelainen-kikhernecurry-basmatiriisi-vahittaiskauppa\/#primaryimage"},"thumbnailUrl":"https:\/\/baba.fi\/wp-content\/uploads\/2024\/01\/Nimeton-malli-11.png","datePublished":"2024-01-16T08:46:22+00:00","dateModified":"2025-09-18T06:15:15+00:00","breadcrumb":{"@id":"https:\/\/baba.fi\/product\/baba-ateria-taytelainen-kikhernecurry-basmatiriisi-vahittaiskauppa\/#breadcrumb"},"inLanguage":"en-GB","potentialAction":[{"@type":"ReadAction","target":["https:\/\/baba.fi\/product\/baba-ateria-taytelainen-kikhernecurry-basmatiriisi-vahittaiskauppa\/"]}]},{"@type":"ImageObject","inLanguage":"en-GB","@id":"https:\/\/baba.fi\/product\/baba-ateria-taytelainen-kikhernecurry-basmatiriisi-vahittaiskauppa\/#primaryimage","url":"https:\/\/baba.fi\/wp-content\/uploads\/2024\/01\/Nimeton-malli-11.png","contentUrl":"https:\/\/baba.fi\/wp-content\/uploads\/2024\/01\/Nimeton-malli-11.png","width":900,"height":1200},{"@type":"BreadcrumbList","@id":"https:\/\/baba.fi\/product\/baba-ateria-taytelainen-kikhernecurry-basmatiriisi-vahittaiskauppa\/#breadcrumb","itemListElement":[{"@type":"ListItem","position":1,"name":"Etusivu","item":"https:\/\/baba.fi\/"},{"@type":"ListItem","position":2,"name":"Tuotteet","item":"https:\/\/baba.fi\/tuotteet\/"},{"@type":"ListItem","position":3,"name":"Baba Ateria: T\u00e4ytel\u00e4inen kikhernecurry &#038; basmatiriisi"}]},{"@type":"WebSite","@id":"https:\/\/baba.fi\/en\/#website","url":"https:\/\/baba.fi\/en\/","name":"Baba Foods","description":"Middle Eastern vegetarian food produced in Finland","potentialAction":[{"@type":"SearchAction","target":{"@type":"EntryPoint","urlTemplate":"https:\/\/baba.fi\/en\/?s={search_term_string}"},"query-input":{"@type":"PropertyValueSpecification","valueRequired":true,"valueName":"search_term_string"}}],"inLanguage":"en-GB"}]}},"_links":{"self":[{"href":"https:\/\/baba.fi\/en\/wp-json\/wp\/v2\/product\/5484","targetHints":{"allow":["GET"]}}],"collection":[{"href":"https:\/\/baba.fi\/en\/wp-json\/wp\/v2\/product"}],"about":[{"href":"https:\/\/baba.fi\/en\/wp-json\/wp\/v2\/types\/product"}],"wp:featuredmedia":[{"embeddable":true,"href":"https:\/\/baba.fi\/en\/wp-json\/wp\/v2\/media\/7046"}],"wp:attachment":[{"href":"https:\/\/baba.fi\/en\/wp-json\/wp\/v2\/media?parent=5484"}],"wp:term":[{"taxonomy":"product_brand","embeddable":true,"href":"https:\/\/baba.fi\/en\/wp-json\/wp\/v2\/product_brand?post=5484"},{"taxonomy":"product_cat","embeddable":true,"href":"https:\/\/baba.fi\/en\/wp-json\/wp\/v2\/product_cat?post=5484"},{"taxonomy":"product_tag","embeddable":true,"href":"https:\/\/baba.fi\/en\/wp-json\/wp\/v2\/product_tag?post=5484"}],"curies":[{"name":"wp","href":"https:\/\/api.w.org\/{rel}","templated":true}]}}