{"id":5487,"date":"2024-01-16T08:59:03","date_gmt":"2024-01-16T08:59:03","guid":{"rendered":"https:\/\/baba.fi\/product\/baba-falafel-original-retailer-copy\/"},"modified":"2025-09-10T09:28:28","modified_gmt":"2025-09-10T09:28:28","slug":"baba-pyorykka-peruna-kikherne-vahittaiskauppa","status":"publish","type":"product","link":"https:\/\/baba.fi\/en\/product\/baba-pyorykka-peruna-kikherne-vahittaiskauppa\/","title":{"rendered":"Baba Bites: Potato &amp; chickpea"},"content":{"rendered":"<h3><span style=\"vertical-align: inherit;\"><span style=\"vertical-align: inherit;\"><span style=\"vertical-align: inherit;\"><span style=\"vertical-align: inherit;\">Nutritional values 100g<\/span><\/span><\/span><\/span><\/h3>\n<table style=\"border-collapse: collapse; width: 100%; height: 168px;\" border=\"1\">\n<thead>\n<tr style=\"height: 24px;\">\n<th style=\"width: 50%; height: 24px;\"><span style=\"font-weight: 500;\">Nutritional values \/<\/span><\/th>\n<th style=\"width: 50%; height: 24px;\"><span style=\"vertical-align: inherit;\"><span style=\"vertical-align: inherit;\"><span style=\"vertical-align: inherit;\"><span style=\"vertical-align: inherit;\">100g<\/span><\/span><\/span><\/span><\/th>\n<\/tr>\n<\/thead>\n<tbody>\n<tr style=\"height: 24px;\">\n<td style=\"width: 50%; height: 24px;\">Energy<\/td>\n<td style=\"width: 50%; height: 24px;\">148 kcal \/ 619 kJ<\/td>\n<\/tr>\n<tr style=\"height: 24px;\">\n<td style=\"width: 50%; height: 24px;\">Fat<\/td>\n<td style=\"width: 50%; height: 24px;\">5,3 g &#8211; josta tyydyttyneit\u00e4 \/ varav m\u00e4ttat fett 0,3 g<\/td>\n<\/tr>\n<tr style=\"height: 24px;\">\n<td style=\"width: 50%; height: 24px;\">Carbohydrates<\/td>\n<td style=\"width: 50%; height: 24px;\">20,0 g &#8211; josta sokereita \/ varav sockerarter 1,2 g<\/td>\n<\/tr>\n<tr style=\"height: 24px;\">\n<td style=\"width: 50%; height: 24px;\">Fiber<\/td>\n<td style=\"width: 50%; height: 24px;\">3,2 g<\/td>\n<\/tr>\n<tr style=\"height: 24px;\">\n<td style=\"width: 50%; height: 24px;\">Protein<\/td>\n<td style=\"width: 50%; height: 24px;\">4,6 g<\/td>\n<\/tr>\n<tr style=\"height: 24px;\">\n<td style=\"width: 50%; height: 24px;\"><span style=\"vertical-align: inherit;\"><span style=\"vertical-align: inherit;\"><span style=\"vertical-align: inherit;\"><span style=\"vertical-align: inherit;\">Salt<\/span><\/span><\/span><\/span><\/td>\n<td style=\"width: 50%; height: 24px;\">0,7 g<\/td>\n<\/tr>\n<\/tbody>\n<\/table>","protected":false},"excerpt":{"rendered":"<p>&nbsp;<\/p>\n<p><img loading=\"lazy\" decoding=\"async\" class=\"wp-image-7041 alignnone\" src=\"https:\/\/baba.fi\/wp-content\/uploads\/2024\/01\/a09b9111-2545-458c-af6c-e956d8fd8c79.png\" alt=\"\" width=\"93\" height=\"93\" \/><\/p>\n<p>Vegan, Gluten Free<\/p>\n<p>Proteiinipitoinen, Kuitupitoinen<\/p>\n<table class=\"summery-table\" style=\"border-collapse: collapse; width: 100%;\" border=\"0\">\n<tbody>\n<tr>\n<td style=\"width: 33.3333%;\"><strong><span style=\"vertical-align: inherit;\"><span style=\"vertical-align: inherit;\"><span style=\"vertical-align: inherit;\"><span style=\"vertical-align: inherit;\">Weight:<\/span><\/span><\/span><\/span><\/strong><\/td>\n<td style=\"width: 33.3333%;\"><strong><span style=\"vertical-align: inherit;\"><span style=\"vertical-align: inherit;\"><span style=\"vertical-align: inherit;\"><span style=\"vertical-align: inherit;\">Country of manufacture:<\/span><\/span><\/span><\/span><\/strong><\/td>\n<td style=\"width: 33.3333%;\"><strong><span style=\"vertical-align: inherit;\"><span style=\"vertical-align: inherit;\"><span style=\"vertical-align: inherit;\"><span style=\"vertical-align: inherit;\">EAN-code:<\/span><\/span><\/span><\/span><\/strong><\/td>\n<\/tr>\n<tr>\n<td style=\"width: 33.3333%;\">200g<\/td>\n<td style=\"width: 33.3333%;\">Suomi \/ Finland<\/td>\n<td style=\"width: 33.3333%;\">6430056262628<\/td>\n<\/tr>\n<\/tbody>\n<\/table>\n<p><strong><span style=\"vertical-align: inherit;\"><span style=\"vertical-align: inherit;\"><span style=\"vertical-align: inherit;\"><span style=\"vertical-align: inherit;\">Ingredients:<\/span><\/span><\/span><\/span><\/strong><\/p>\n<div>\n<div class=\"field itemrepeater-item itemrepeater-background itemrepeater-item-with-header\" data-expression=\"TradeItem.FoodAndBeverageIngredientModule.IngredientStatement[].Value\">\n<div class=\"field-content itemrepeater-item-content\">\n<div class=\"complex-input-vertical\">\n<div class=\"complex-input-vertical-item\"><span class=\"input-borderless textarea-value readonlydisplayfield allergenIndicationResultView\" data-type=\"string\">Peruna 45 % (Suomi), kikherne, sipuli, perunajauho, rapsi\u00f6ljy, valkosipuli, mausteet (mm. rosmariini), merisuola, s\u00e4il\u00f6nt\u00e4aine (kaliumsorbaatti), nostatusaine (leivinjauhe), psyllium. Saattaa sis\u00e4lt\u00e4\u00e4 <strong>seesaminsiement\u00e4<\/strong>.<\/span><\/div>\n<\/div>\n<div class=\"allergenIndicationResultView\"><\/div>\n<\/div>\n<\/div>\n<\/div>\n<p>Potatis 45 % (Finland), kik\u00e4rt, l\u00f6k, potatismj\u00f6l, rapsolja, vitl\u00f6k, kryddor (bl.a. rosmarin), havssalt, j\u00e4sningsmedel (bakpulver), psyllium, konserveringsmedel (kaliumsorbat). Kan inneh\u00e5lla <strong>sesamfr\u00f6n<\/strong>.<\/p>\n<p><strong><span style=\"vertical-align: inherit;\"><span style=\"vertical-align: inherit;\"><span style=\"vertical-align: inherit;\"><span style=\"vertical-align: inherit;\">Storage:<\/span><\/span><\/span><\/span><\/strong><\/p>\n<p>Storage at 0\u00b0C - 6\u00b0C. Lasts open in the refrigerator for about 2-3 days.<\/p>\n<p><strong><span style=\"vertical-align: inherit;\">Valmistus \/ Tillredning :<\/span><\/strong><\/p>\n<p><img loading=\"lazy\" decoding=\"async\" class=\"wp-image-7021 alignleft\" src=\"https:\/\/baba.fi\/wp-content\/uploads\/2022\/04\/valmistusohje.png\" alt=\"\" width=\"247\" height=\"119\" srcset=\"https:\/\/baba.fi\/wp-content\/uploads\/2022\/04\/valmistusohje.png 448w, https:\/\/baba.fi\/wp-content\/uploads\/2022\/04\/valmistusohje-300x145.png 300w, https:\/\/baba.fi\/wp-content\/uploads\/2022\/04\/valmistusohje-18x9.png 18w\" sizes=\"(max-width: 247px) 100vw, 247px\" \/><\/p>","protected":false},"featured_media":7058,"template":"","meta":{"_acf_changed":false,"_et_pb_use_builder":"","_et_pb_old_content":"","_et_gb_content_width":"","om_disable_all_campaigns":false},"product_brand":[],"product_cat":[41],"product_tag":[],"class_list":{"0":"post-5487","1":"product","2":"type-product","3":"status-publish","4":"has-post-thumbnail","6":"product_cat-vahittaiskauppa","8":"first","9":"outofstock","10":"taxable","11":"shipping-taxable","12":"purchasable","13":"product-type-variable","14":"has-default-attributes"},"acf":[],"yoast_head":"<!-- This site is optimized with the Yoast SEO plugin v26.4 - https:\/\/yoast.com\/wordpress\/plugins\/seo\/ -->\n<title>Baba Py\u00f6rykk\u00e4: Peruna &amp; kikherne - Baba Foods<\/title>\n<meta name=\"robots\" content=\"index, follow, max-snippet:-1, max-image-preview:large, max-video-preview:-1\" \/>\n<link rel=\"canonical\" href=\"https:\/\/baba.fi\/en\/product\/baba-pyorykka-peruna-kikherne-vahittaiskauppa\/\" \/>\n<meta property=\"og:locale\" content=\"en_GB\" \/>\n<meta property=\"og:type\" content=\"article\" \/>\n<meta property=\"og:title\" content=\"Baba Py\u00f6rykk\u00e4: Peruna &amp; kikherne - Baba Foods\" \/>\n<meta property=\"og:description\" content=\"&nbsp;    Vegaaninen, Gluteeniton  Proteiinipitoinen, Kuitupitoinen    Paino \/ Vikt: Valmistusmaa: EAN-koodi:   200g Suomi \/ Finland 6430056262628    Aineosat \/ Ingredienser:     Peruna 45 % (Suomi), kikherne, sipuli, perunajauho, rapsi\u00f6ljy, valkosipuli, mausteet (mm. rosmariini), merisuola, s\u00e4il\u00f6nt\u00e4aine (kaliumsorbaatti), nostatusaine (leivinjauhe), psyllium. Saattaa sis\u00e4lt\u00e4\u00e4 seesaminsiement\u00e4.      Potatis 45 % (Finland), kik\u00e4rt, l\u00f6k, potatismj\u00f6l, rapsolja, vitl\u00f6k, kryddor (bl.a. rosmarin), havssalt, j\u00e4sningsmedel (bakpulver), psyllium, konserveringsmedel (kaliumsorbat). Kan inneh\u00e5lla sesamfr\u00f6n.  S\u00e4ilytys \/ F\u00f6rvaring :  S\u00e4ilytys 0\u00b0C - 6\u00b0C. S\u00e4ilyy avattuna j\u00e4\u00e4kaapissa n. 2-3 p\u00e4iv\u00e4\u00e4. \/ F\u00f6rvaras \u00f6ppnad i kylsk\u00e5p ca. 2-3 dagar.  Valmistus \/ Tillredning :\" \/>\n<meta property=\"og:url\" content=\"https:\/\/baba.fi\/en\/product\/baba-pyorykka-peruna-kikherne-vahittaiskauppa\/\" \/>\n<meta property=\"og:site_name\" content=\"Baba Foods\" \/>\n<meta property=\"article:modified_time\" content=\"2025-09-10T09:28:28+00:00\" \/>\n<meta property=\"og:image\" content=\"https:\/\/baba.fi\/wp-content\/uploads\/2024\/01\/Nimeton-malli-13.png\" \/>\n\t<meta property=\"og:image:width\" content=\"600\" \/>\n\t<meta property=\"og:image:height\" content=\"900\" \/>\n\t<meta property=\"og:image:type\" content=\"image\/png\" \/>\n<meta name=\"twitter:card\" content=\"summary_large_image\" \/>\n<meta name=\"twitter:label1\" content=\"Estimated reading time\" \/>\n\t<meta name=\"twitter:data1\" content=\"1 minute\" \/>\n<script type=\"application\/ld+json\" class=\"yoast-schema-graph\">{\"@context\":\"https:\/\/schema.org\",\"@graph\":[{\"@type\":\"WebPage\",\"@id\":\"https:\/\/baba.fi\/product\/baba-pyorykka-peruna-kikherne-vahittaiskauppa\/\",\"url\":\"https:\/\/baba.fi\/product\/baba-pyorykka-peruna-kikherne-vahittaiskauppa\/\",\"name\":\"Baba Py\u00f6rykk\u00e4: Peruna & kikherne - Baba Foods\",\"isPartOf\":{\"@id\":\"https:\/\/baba.fi\/en\/#website\"},\"primaryImageOfPage\":{\"@id\":\"https:\/\/baba.fi\/product\/baba-pyorykka-peruna-kikherne-vahittaiskauppa\/#primaryimage\"},\"image\":{\"@id\":\"https:\/\/baba.fi\/product\/baba-pyorykka-peruna-kikherne-vahittaiskauppa\/#primaryimage\"},\"thumbnailUrl\":\"https:\/\/baba.fi\/wp-content\/uploads\/2024\/01\/Nimeton-malli-13.png\",\"datePublished\":\"2024-01-16T08:59:03+00:00\",\"dateModified\":\"2025-09-10T09:28:28+00:00\",\"breadcrumb\":{\"@id\":\"https:\/\/baba.fi\/product\/baba-pyorykka-peruna-kikherne-vahittaiskauppa\/#breadcrumb\"},\"inLanguage\":\"en-GB\",\"potentialAction\":[{\"@type\":\"ReadAction\",\"target\":[\"https:\/\/baba.fi\/product\/baba-pyorykka-peruna-kikherne-vahittaiskauppa\/\"]}]},{\"@type\":\"ImageObject\",\"inLanguage\":\"en-GB\",\"@id\":\"https:\/\/baba.fi\/product\/baba-pyorykka-peruna-kikherne-vahittaiskauppa\/#primaryimage\",\"url\":\"https:\/\/baba.fi\/wp-content\/uploads\/2024\/01\/Nimeton-malli-13.png\",\"contentUrl\":\"https:\/\/baba.fi\/wp-content\/uploads\/2024\/01\/Nimeton-malli-13.png\",\"width\":600,\"height\":900},{\"@type\":\"BreadcrumbList\",\"@id\":\"https:\/\/baba.fi\/product\/baba-pyorykka-peruna-kikherne-vahittaiskauppa\/#breadcrumb\",\"itemListElement\":[{\"@type\":\"ListItem\",\"position\":1,\"name\":\"Etusivu\",\"item\":\"https:\/\/baba.fi\/\"},{\"@type\":\"ListItem\",\"position\":2,\"name\":\"Tuotteet\",\"item\":\"https:\/\/baba.fi\/tuotteet\/\"},{\"@type\":\"ListItem\",\"position\":3,\"name\":\"Baba Py\u00f6rykk\u00e4: Peruna &#038; kikherne\"}]},{\"@type\":\"WebSite\",\"@id\":\"https:\/\/baba.fi\/en\/#website\",\"url\":\"https:\/\/baba.fi\/en\/\",\"name\":\"Baba Foods\",\"description\":\"L\u00e4hi-id\u00e4n kasvisruokaa Suomessa valmistettuna\",\"potentialAction\":[{\"@type\":\"SearchAction\",\"target\":{\"@type\":\"EntryPoint\",\"urlTemplate\":\"https:\/\/baba.fi\/en\/?s={search_term_string}\"},\"query-input\":{\"@type\":\"PropertyValueSpecification\",\"valueRequired\":true,\"valueName\":\"search_term_string\"}}],\"inLanguage\":\"en-GB\"}]}<\/script>\n<!-- \/ Yoast SEO plugin. -->","yoast_head_json":{"title":"Baba Py\u00f6rykk\u00e4: Peruna & kikherne - Baba Foods","robots":{"index":"index","follow":"follow","max-snippet":"max-snippet:-1","max-image-preview":"max-image-preview:large","max-video-preview":"max-video-preview:-1"},"canonical":"https:\/\/baba.fi\/en\/product\/baba-pyorykka-peruna-kikherne-vahittaiskauppa\/","og_locale":"en_GB","og_type":"article","og_title":"Baba Py\u00f6rykk\u00e4: Peruna & kikherne - Baba Foods","og_description":"&nbsp;    Vegaaninen, Gluteeniton  Proteiinipitoinen, Kuitupitoinen    Paino \/ Vikt: Valmistusmaa: EAN-koodi:   200g Suomi \/ Finland 6430056262628    Aineosat \/ Ingredienser:     Peruna 45 % (Suomi), kikherne, sipuli, perunajauho, rapsi\u00f6ljy, valkosipuli, mausteet (mm. rosmariini), merisuola, s\u00e4il\u00f6nt\u00e4aine (kaliumsorbaatti), nostatusaine (leivinjauhe), psyllium. Saattaa sis\u00e4lt\u00e4\u00e4 seesaminsiement\u00e4.      Potatis 45 % (Finland), kik\u00e4rt, l\u00f6k, potatismj\u00f6l, rapsolja, vitl\u00f6k, kryddor (bl.a. rosmarin), havssalt, j\u00e4sningsmedel (bakpulver), psyllium, konserveringsmedel (kaliumsorbat). Kan inneh\u00e5lla sesamfr\u00f6n.  S\u00e4ilytys \/ F\u00f6rvaring :  S\u00e4ilytys 0\u00b0C - 6\u00b0C. S\u00e4ilyy avattuna j\u00e4\u00e4kaapissa n. 2-3 p\u00e4iv\u00e4\u00e4. \/ F\u00f6rvaras \u00f6ppnad i kylsk\u00e5p ca. 2-3 dagar.  Valmistus \/ Tillredning :","og_url":"https:\/\/baba.fi\/en\/product\/baba-pyorykka-peruna-kikherne-vahittaiskauppa\/","og_site_name":"Baba Foods","article_modified_time":"2025-09-10T09:28:28+00:00","og_image":[{"width":600,"height":900,"url":"https:\/\/baba.fi\/wp-content\/uploads\/2024\/01\/Nimeton-malli-13.png","type":"image\/png"}],"twitter_card":"summary_large_image","twitter_misc":{"Estimated reading time":"1 minute"},"schema":{"@context":"https:\/\/schema.org","@graph":[{"@type":"WebPage","@id":"https:\/\/baba.fi\/product\/baba-pyorykka-peruna-kikherne-vahittaiskauppa\/","url":"https:\/\/baba.fi\/product\/baba-pyorykka-peruna-kikherne-vahittaiskauppa\/","name":"Baba Py\u00f6rykk\u00e4: Peruna & kikherne - Baba Foods","isPartOf":{"@id":"https:\/\/baba.fi\/en\/#website"},"primaryImageOfPage":{"@id":"https:\/\/baba.fi\/product\/baba-pyorykka-peruna-kikherne-vahittaiskauppa\/#primaryimage"},"image":{"@id":"https:\/\/baba.fi\/product\/baba-pyorykka-peruna-kikherne-vahittaiskauppa\/#primaryimage"},"thumbnailUrl":"https:\/\/baba.fi\/wp-content\/uploads\/2024\/01\/Nimeton-malli-13.png","datePublished":"2024-01-16T08:59:03+00:00","dateModified":"2025-09-10T09:28:28+00:00","breadcrumb":{"@id":"https:\/\/baba.fi\/product\/baba-pyorykka-peruna-kikherne-vahittaiskauppa\/#breadcrumb"},"inLanguage":"en-GB","potentialAction":[{"@type":"ReadAction","target":["https:\/\/baba.fi\/product\/baba-pyorykka-peruna-kikherne-vahittaiskauppa\/"]}]},{"@type":"ImageObject","inLanguage":"en-GB","@id":"https:\/\/baba.fi\/product\/baba-pyorykka-peruna-kikherne-vahittaiskauppa\/#primaryimage","url":"https:\/\/baba.fi\/wp-content\/uploads\/2024\/01\/Nimeton-malli-13.png","contentUrl":"https:\/\/baba.fi\/wp-content\/uploads\/2024\/01\/Nimeton-malli-13.png","width":600,"height":900},{"@type":"BreadcrumbList","@id":"https:\/\/baba.fi\/product\/baba-pyorykka-peruna-kikherne-vahittaiskauppa\/#breadcrumb","itemListElement":[{"@type":"ListItem","position":1,"name":"Etusivu","item":"https:\/\/baba.fi\/"},{"@type":"ListItem","position":2,"name":"Tuotteet","item":"https:\/\/baba.fi\/tuotteet\/"},{"@type":"ListItem","position":3,"name":"Baba Py\u00f6rykk\u00e4: Peruna &#038; kikherne"}]},{"@type":"WebSite","@id":"https:\/\/baba.fi\/en\/#website","url":"https:\/\/baba.fi\/en\/","name":"Baba Foods","description":"Middle Eastern vegetarian food produced in Finland","potentialAction":[{"@type":"SearchAction","target":{"@type":"EntryPoint","urlTemplate":"https:\/\/baba.fi\/en\/?s={search_term_string}"},"query-input":{"@type":"PropertyValueSpecification","valueRequired":true,"valueName":"search_term_string"}}],"inLanguage":"en-GB"}]}},"_links":{"self":[{"href":"https:\/\/baba.fi\/en\/wp-json\/wp\/v2\/product\/5487","targetHints":{"allow":["GET"]}}],"collection":[{"href":"https:\/\/baba.fi\/en\/wp-json\/wp\/v2\/product"}],"about":[{"href":"https:\/\/baba.fi\/en\/wp-json\/wp\/v2\/types\/product"}],"wp:featuredmedia":[{"embeddable":true,"href":"https:\/\/baba.fi\/en\/wp-json\/wp\/v2\/media\/7058"}],"wp:attachment":[{"href":"https:\/\/baba.fi\/en\/wp-json\/wp\/v2\/media?parent=5487"}],"wp:term":[{"taxonomy":"product_brand","embeddable":true,"href":"https:\/\/baba.fi\/en\/wp-json\/wp\/v2\/product_brand?post=5487"},{"taxonomy":"product_cat","embeddable":true,"href":"https:\/\/baba.fi\/en\/wp-json\/wp\/v2\/product_cat?post=5487"},{"taxonomy":"product_tag","embeddable":true,"href":"https:\/\/baba.fi\/en\/wp-json\/wp\/v2\/product_tag?post=5487"}],"curies":[{"name":"wp","href":"https:\/\/api.w.org\/{rel}","templated":true}]}}