{"id":7008,"date":"2025-09-05T06:27:31","date_gmt":"2025-09-05T06:27:31","guid":{"rendered":"https:\/\/baba.fi\/?post_type=product&#038;p=7008"},"modified":"2025-09-18T06:13:46","modified_gmt":"2025-09-18T06:13:46","slug":"marinoitua-halloumia-voipapuja-tomaattikastikkeessa-vahittaiskauppa","status":"publish","type":"product","link":"https:\/\/baba.fi\/en\/product\/marinoitua-halloumia-voipapuja-tomaattikastikkeessa-vahittaiskauppa\/","title":{"rendered":"Baba Ateria: Marinoitua halloumia &#038; voipapuja tomaattikastikkeessa"},"content":{"rendered":"<h3><span style=\"vertical-align: inherit;\"><span style=\"vertical-align: inherit;\"><span style=\"vertical-align: inherit;\"><span style=\"vertical-align: inherit;\">Nutritional values 100g<\/span><\/span><\/span><\/span><\/h3>\n<table style=\"border-collapse: collapse; width: 100%; height: 168px;\" border=\"1\">\n<thead>\n<tr style=\"height: 24px;\">\n<th style=\"width: 50%; height: 24px;\"><span style=\"font-weight: 500;\">Nutritional values \/<\/span><\/th>\n<th style=\"width: 50%; height: 24px;\"><span style=\"vertical-align: inherit;\"><span style=\"vertical-align: inherit;\"><span style=\"vertical-align: inherit;\"><span style=\"vertical-align: inherit;\">100g<\/span><\/span><\/span><\/span><\/th>\n<\/tr>\n<\/thead>\n<tbody>\n<tr style=\"height: 24px;\">\n<td style=\"width: 50%; height: 24px;\">Energy<\/td>\n<td style=\"width: 50%; height: 24px;\">152 kcal \/ 636 kJ<\/td>\n<\/tr>\n<tr style=\"height: 24px;\">\n<td style=\"width: 50%; height: 24px;\">Fat<\/td>\n<td style=\"width: 50%; height: 24px;\">8,8 g &#8211; josta tyydyttyneit\u00e4 \/ varav m\u00e4ttat fett 3,8 g<\/td>\n<\/tr>\n<tr style=\"height: 24px;\">\n<td style=\"width: 50%; height: 24px;\">Carbohydrates<\/td>\n<td style=\"width: 50%; height: 24px;\">10,8 g &#8211; josta sokereita \/ varav sockerarter 3,4 g<\/td>\n<\/tr>\n<tr style=\"height: 24px;\">\n<td style=\"width: 50%; height: 24px;\">Fiber<\/td>\n<td style=\"width: 50%; height: 24px;\">3,2 g<\/td>\n<\/tr>\n<tr style=\"height: 24px;\">\n<td style=\"width: 50%; height: 24px;\">Protein<\/td>\n<td style=\"width: 50%; height: 24px;\">9,0 g<\/td>\n<\/tr>\n<tr style=\"height: 24px;\">\n<td style=\"width: 50%; height: 24px;\"><span style=\"vertical-align: inherit;\"><span style=\"vertical-align: inherit;\"><span style=\"vertical-align: inherit;\"><span style=\"vertical-align: inherit;\">Salt<\/span><\/span><\/span><\/span><\/td>\n<td style=\"width: 50%; height: 24px;\">0,8 g<\/td>\n<\/tr>\n<\/tbody>\n<\/table>","protected":false},"excerpt":{"rendered":"<p>T\u00e4m\u00e4 Baba Ateria vie makumatkalle V\u00e4limerelle. Ateriassa maistuvat harissa-chilitahnalla marinoitu halloumi, maustetut voipavut sek\u00e4 herkullinen tomaattikastike, jonka makua syvent\u00e4\u00e4 aurinkokuivattu tomaatti. Vastustamaton yhdistelm\u00e4 tulista harissaa ja makeaa tomaattia! Yhdess\u00e4 aterian komponentit muodostavat ravitsevan, tasapainoisen ja maukkaan aterian.<\/p>\n<p>Gluteeniton, Laktoositon<\/p>\n<table class=\"summery-table\" style=\"border-collapse: collapse; width: 100%;\" border=\"0\">\n<tbody>\n<tr>\n<td style=\"width: 33.3333%;\"><strong><span style=\"vertical-align: inherit;\"><span style=\"vertical-align: inherit;\"><span style=\"vertical-align: inherit;\"><span style=\"vertical-align: inherit;\">Weight:<\/span><\/span><\/span><\/span><\/strong><\/td>\n<td style=\"width: 33.3333%;\"><strong><span style=\"vertical-align: inherit;\"><span style=\"vertical-align: inherit;\"><span style=\"vertical-align: inherit;\"><span style=\"vertical-align: inherit;\">Country of manufacture:<\/span><\/span><\/span><\/span><\/strong><\/td>\n<td style=\"width: 33.3333%;\"><strong><span style=\"vertical-align: inherit;\"><span style=\"vertical-align: inherit;\"><span style=\"vertical-align: inherit;\"><span style=\"vertical-align: inherit;\">EAN-code:<\/span><\/span><\/span><\/span><\/strong><\/td>\n<\/tr>\n<tr>\n<td style=\"width: 33.3333%;\">340g<\/td>\n<td style=\"width: 33.3333%;\">Suomi \/ Finland<\/td>\n<td style=\"width: 33.3333%;\">6430056262963<\/td>\n<\/tr>\n<\/tbody>\n<\/table>\n<p><strong><span style=\"vertical-align: inherit;\"><span style=\"vertical-align: inherit;\"><span style=\"vertical-align: inherit;\"><span style=\"vertical-align: inherit;\">Ingredients:<\/span><\/span><\/span><\/span><\/strong><\/p>\n<p>Maustettu voipapu 47 % (voipapu 98 % (Italia), merisuola, sokeri, mustapippuri, persilja, rapsi\u00f6ljy), tomaattikastike 35 % (tomaattimurska 63 %, tomaattipyre 19 %, aurinkokuivattu tomaatti (tomaatti 62 %, auringonkukka\u00f6ljy, basilika), <strong>kaura<\/strong>valmiste (vesi, gluteeniton\u00a0<strong>kaura<\/strong> 10 %, rapsi\u00f6ljy, emulgointiaine (E472e), stabilointiaine (ksantaanikumi), hapettumisenestoaine (alfatokoferoli))), marinoitu halloumi 17 % (laktoositon halloumijuusto 90 % (Kypros) (past\u00f6roitu lehm\u00e4n-, lampaan- ja vuohen<strong>maito<\/strong>, suola, juoksete, laktaasi, minttu), harissa (rapsi\u00f6ljy, valkosipuli, chilipaprika, merisuola, mausteet), sokeri, rapsi\u00f6ljy).<\/p>\n<p>Gryddadsm\u00f6rb\u00f6na 47 % (sm\u00f6rb\u00f6na 98 % (Italien), havssalt, socker, svartpeppar, persilja, rapsolja), tomats\u00e5s 35 % (krossade tomater 63 %, tomatpur\u00e9 19 %, soltorkade tomater (tomater 62 %, solrosolja, basilika),\u00a0<strong>havre<\/strong>beredning (vatten, glutenfri\u00a0<strong>havre<\/strong> 10 %, rapsolja, emulgeringsmedel (E472e), stabiliseringsmedel (xantangummi), antioxidant (alfa-tokoferol))), marinerad halloumi 17 % (laktosfri halloumiost 90 % (Cypern) (past\u00f6riserad ko<strong>mj\u00f6lk<\/strong>, f\u00e5r<strong>mj\u00f6lk<\/strong> och get<strong>mj\u00f6lk<\/strong>, salt, l\u00f6pe, laktas, mynta), Harissa (rapsolja, vitl\u00f6k, chilipaprika, havssalt, kryddor), socker, rapsolja).<\/p>\n<p><strong><span style=\"vertical-align: inherit;\"><span style=\"vertical-align: inherit;\"><span style=\"vertical-align: inherit;\"><span style=\"vertical-align: inherit;\">Storage:<\/span><\/span><\/span><\/span><\/strong><\/p>\n<p>Under +6\u00b0C<\/p>\n<p><img loading=\"lazy\" decoding=\"async\" class=\"wp-image-7101 alignleft\" src=\"https:\/\/baba.fi\/wp-content\/uploads\/2023\/02\/df95c758-7d5d-48d9-b664-40bc817cf445.png\" alt=\"\" width=\"179\" height=\"111\" srcset=\"https:\/\/baba.fi\/wp-content\/uploads\/2023\/02\/df95c758-7d5d-48d9-b664-40bc817cf445.png 387w, https:\/\/baba.fi\/wp-content\/uploads\/2023\/02\/df95c758-7d5d-48d9-b664-40bc817cf445-300x186.png 300w, https:\/\/baba.fi\/wp-content\/uploads\/2023\/02\/df95c758-7d5d-48d9-b664-40bc817cf445-18x12.png 18w\" sizes=\"(max-width: 179px) 100vw, 179px\" \/><\/p>","protected":false},"featured_media":7010,"template":"","meta":{"_acf_changed":false,"_et_pb_use_builder":"","_et_pb_old_content":"","_et_gb_content_width":"","om_disable_all_campaigns":false},"product_brand":[],"product_cat":[41],"product_tag":[],"class_list":{"0":"post-7008","1":"product","2":"type-product","3":"status-publish","4":"has-post-thumbnail","6":"product_cat-vahittaiskauppa","8":"first","9":"outofstock","10":"taxable","11":"shipping-taxable","12":"product-type-variable","13":"has-default-attributes"},"acf":[],"yoast_head":"<!-- This site is optimized with the Yoast SEO plugin v27.5 - https:\/\/yoast.com\/product\/yoast-seo-wordpress\/ -->\n<title>Baba Ateria: Marinoitua halloumia &amp; voipapuja tomaattikastikkeessa - Baba Foods<\/title>\n<meta name=\"robots\" content=\"index, follow, max-snippet:-1, max-image-preview:large, max-video-preview:-1\" \/>\n<link rel=\"canonical\" href=\"https:\/\/baba.fi\/en\/product\/marinoitua-halloumia-voipapuja-tomaattikastikkeessa-vahittaiskauppa\/\" \/>\n<meta property=\"og:locale\" content=\"en_GB\" \/>\n<meta property=\"og:type\" content=\"article\" \/>\n<meta property=\"og:title\" content=\"Baba Ateria: Marinoitua halloumia &amp; voipapuja tomaattikastikkeessa - Baba Foods\" \/>\n<meta property=\"og:description\" content=\"T\u00e4m\u00e4 Baba Ateria vie makumatkalle V\u00e4limerelle. Ateriassa maistuvat harissa-chilitahnalla marinoitu halloumi, maustetut voipavut sek\u00e4 herkullinen tomaattikastike, jonka makua syvent\u00e4\u00e4 aurinkokuivattu tomaatti. Vastustamaton yhdistelm\u00e4 tulista harissaa ja makeaa tomaattia! Yhdess\u00e4 aterian komponentit muodostavat ravitsevan, tasapainoisen ja maukkaan aterian.  Gluteeniton, Laktoositon    Paino \/ Vikt: Valmistusmaa: EAN-koodi:   340g Suomi \/ Finland 6430056262963    Aineosat \/ Ingredienser:  Maustettu voipapu 47 % (voipapu 98 % (Italia), merisuola, sokeri, mustapippuri, persilja, rapsi\u00f6ljy), tomaattikastike 35 % (tomaattimurska 63 %, tomaattipyre 19 %, aurinkokuivattu tomaatti (tomaatti 62 %, auringonkukka\u00f6ljy, basilika), kauravalmiste (vesi, gluteeniton\u00a0kaura 10 %, rapsi\u00f6ljy, emulgointiaine (E472e), stabilointiaine (ksantaanikumi), hapettumisenestoaine (alfatokoferoli))), marinoitu halloumi 17 % (laktoositon halloumijuusto 90 % (Kypros) (past\u00f6roitu lehm\u00e4n-, lampaan- ja vuohenmaito, suola, juoksete, laktaasi, minttu), harissa (rapsi\u00f6ljy, valkosipuli, chilipaprika, merisuola, mausteet), sokeri, rapsi\u00f6ljy).  Gryddadsm\u00f6rb\u00f6na 47 % (sm\u00f6rb\u00f6na 98 % (Italien), havssalt, socker, svartpeppar, persilja, rapsolja), tomats\u00e5s 35 % (krossade tomater 63 %, tomatpur\u00e9 19 %, soltorkade tomater (tomater 62 %, solrosolja, basilika),\u00a0havreberedning (vatten, glutenfri\u00a0havre 10 %, rapsolja, emulgeringsmedel (E472e), stabiliseringsmedel (xantangummi), antioxidant (alfa-tokoferol))), marinerad halloumi 17 % (laktosfri halloumiost 90 % (Cypern) (past\u00f6riserad komj\u00f6lk, f\u00e5rmj\u00f6lk och getmj\u00f6lk, salt, l\u00f6pe, laktas, mynta), Harissa (rapsolja, vitl\u00f6k, chilipaprika, havssalt, kryddor), socker, rapsolja).  S\u00e4ilytys \/ F\u00f6rvaring :  S\u00e4ilytys: alle +6\u00b0C \/ under +6\u00b0C\" \/>\n<meta property=\"og:url\" content=\"https:\/\/baba.fi\/en\/product\/marinoitua-halloumia-voipapuja-tomaattikastikkeessa-vahittaiskauppa\/\" \/>\n<meta property=\"og:site_name\" content=\"Baba Foods\" \/>\n<meta property=\"article:modified_time\" content=\"2025-09-18T06:13:46+00:00\" \/>\n<meta property=\"og:image\" content=\"https:\/\/baba.fi\/wp-content\/uploads\/2025\/09\/Nimeton-malli.png\" \/>\n\t<meta property=\"og:image:width\" content=\"600\" \/>\n\t<meta property=\"og:image:height\" content=\"900\" \/>\n\t<meta property=\"og:image:type\" content=\"image\/png\" \/>\n<meta name=\"twitter:card\" content=\"summary_large_image\" \/>\n<meta name=\"twitter:label1\" content=\"Estimated reading time\" \/>\n\t<meta name=\"twitter:data1\" content=\"1 minute\" \/>\n<script type=\"application\/ld+json\" class=\"yoast-schema-graph\">{\"@context\":\"https:\\\/\\\/schema.org\",\"@graph\":[{\"@type\":\"WebPage\",\"@id\":\"https:\\\/\\\/baba.fi\\\/product\\\/marinoitua-halloumia-voipapuja-tomaattikastikkeessa-vahittaiskauppa\\\/\",\"url\":\"https:\\\/\\\/baba.fi\\\/product\\\/marinoitua-halloumia-voipapuja-tomaattikastikkeessa-vahittaiskauppa\\\/\",\"name\":\"Baba Ateria: Marinoitua halloumia & voipapuja tomaattikastikkeessa - Baba Foods\",\"isPartOf\":{\"@id\":\"https:\\\/\\\/baba.fi\\\/en\\\/#website\"},\"primaryImageOfPage\":{\"@id\":\"https:\\\/\\\/baba.fi\\\/product\\\/marinoitua-halloumia-voipapuja-tomaattikastikkeessa-vahittaiskauppa\\\/#primaryimage\"},\"image\":{\"@id\":\"https:\\\/\\\/baba.fi\\\/product\\\/marinoitua-halloumia-voipapuja-tomaattikastikkeessa-vahittaiskauppa\\\/#primaryimage\"},\"thumbnailUrl\":\"https:\\\/\\\/baba.fi\\\/wp-content\\\/uploads\\\/2025\\\/09\\\/Nimeton-malli.png\",\"datePublished\":\"2025-09-05T06:27:31+00:00\",\"dateModified\":\"2025-09-18T06:13:46+00:00\",\"breadcrumb\":{\"@id\":\"https:\\\/\\\/baba.fi\\\/product\\\/marinoitua-halloumia-voipapuja-tomaattikastikkeessa-vahittaiskauppa\\\/#breadcrumb\"},\"inLanguage\":\"en-GB\",\"potentialAction\":[{\"@type\":\"ReadAction\",\"target\":[\"https:\\\/\\\/baba.fi\\\/product\\\/marinoitua-halloumia-voipapuja-tomaattikastikkeessa-vahittaiskauppa\\\/\"]}]},{\"@type\":\"ImageObject\",\"inLanguage\":\"en-GB\",\"@id\":\"https:\\\/\\\/baba.fi\\\/product\\\/marinoitua-halloumia-voipapuja-tomaattikastikkeessa-vahittaiskauppa\\\/#primaryimage\",\"url\":\"https:\\\/\\\/baba.fi\\\/wp-content\\\/uploads\\\/2025\\\/09\\\/Nimeton-malli.png\",\"contentUrl\":\"https:\\\/\\\/baba.fi\\\/wp-content\\\/uploads\\\/2025\\\/09\\\/Nimeton-malli.png\",\"width\":600,\"height\":900},{\"@type\":\"BreadcrumbList\",\"@id\":\"https:\\\/\\\/baba.fi\\\/product\\\/marinoitua-halloumia-voipapuja-tomaattikastikkeessa-vahittaiskauppa\\\/#breadcrumb\",\"itemListElement\":[{\"@type\":\"ListItem\",\"position\":1,\"name\":\"Etusivu\",\"item\":\"https:\\\/\\\/baba.fi\\\/\"},{\"@type\":\"ListItem\",\"position\":2,\"name\":\"Tuotteet\",\"item\":\"https:\\\/\\\/baba.fi\\\/tuotteet\\\/\"},{\"@type\":\"ListItem\",\"position\":3,\"name\":\"Baba Ateria: Marinoitua halloumia &#038; voipapuja tomaattikastikkeessa\"}]},{\"@type\":\"WebSite\",\"@id\":\"https:\\\/\\\/baba.fi\\\/en\\\/#website\",\"url\":\"https:\\\/\\\/baba.fi\\\/en\\\/\",\"name\":\"Baba Foods\",\"description\":\"L\u00e4hi-id\u00e4n kasvisruokaa Suomessa valmistettuna\",\"potentialAction\":[{\"@type\":\"SearchAction\",\"target\":{\"@type\":\"EntryPoint\",\"urlTemplate\":\"https:\\\/\\\/baba.fi\\\/en\\\/?s={search_term_string}\"},\"query-input\":{\"@type\":\"PropertyValueSpecification\",\"valueRequired\":true,\"valueName\":\"search_term_string\"}}],\"inLanguage\":\"en-GB\"}]}<\/script>\n<!-- \/ Yoast SEO plugin. -->","yoast_head_json":{"title":"Baba Ateria: Marinoitua halloumia & voipapuja tomaattikastikkeessa - Baba Foods","robots":{"index":"index","follow":"follow","max-snippet":"max-snippet:-1","max-image-preview":"max-image-preview:large","max-video-preview":"max-video-preview:-1"},"canonical":"https:\/\/baba.fi\/en\/product\/marinoitua-halloumia-voipapuja-tomaattikastikkeessa-vahittaiskauppa\/","og_locale":"en_GB","og_type":"article","og_title":"Baba Ateria: Marinoitua halloumia & voipapuja tomaattikastikkeessa - Baba Foods","og_description":"T\u00e4m\u00e4 Baba Ateria vie makumatkalle V\u00e4limerelle. Ateriassa maistuvat harissa-chilitahnalla marinoitu halloumi, maustetut voipavut sek\u00e4 herkullinen tomaattikastike, jonka makua syvent\u00e4\u00e4 aurinkokuivattu tomaatti. Vastustamaton yhdistelm\u00e4 tulista harissaa ja makeaa tomaattia! Yhdess\u00e4 aterian komponentit muodostavat ravitsevan, tasapainoisen ja maukkaan aterian.  Gluteeniton, Laktoositon    Paino \/ Vikt: Valmistusmaa: EAN-koodi:   340g Suomi \/ Finland 6430056262963    Aineosat \/ Ingredienser:  Maustettu voipapu 47 % (voipapu 98 % (Italia), merisuola, sokeri, mustapippuri, persilja, rapsi\u00f6ljy), tomaattikastike 35 % (tomaattimurska 63 %, tomaattipyre 19 %, aurinkokuivattu tomaatti (tomaatti 62 %, auringonkukka\u00f6ljy, basilika), kauravalmiste (vesi, gluteeniton\u00a0kaura 10 %, rapsi\u00f6ljy, emulgointiaine (E472e), stabilointiaine (ksantaanikumi), hapettumisenestoaine (alfatokoferoli))), marinoitu halloumi 17 % (laktoositon halloumijuusto 90 % (Kypros) (past\u00f6roitu lehm\u00e4n-, lampaan- ja vuohenmaito, suola, juoksete, laktaasi, minttu), harissa (rapsi\u00f6ljy, valkosipuli, chilipaprika, merisuola, mausteet), sokeri, rapsi\u00f6ljy).  Gryddadsm\u00f6rb\u00f6na 47 % (sm\u00f6rb\u00f6na 98 % (Italien), havssalt, socker, svartpeppar, persilja, rapsolja), tomats\u00e5s 35 % (krossade tomater 63 %, tomatpur\u00e9 19 %, soltorkade tomater (tomater 62 %, solrosolja, basilika),\u00a0havreberedning (vatten, glutenfri\u00a0havre 10 %, rapsolja, emulgeringsmedel (E472e), stabiliseringsmedel (xantangummi), antioxidant (alfa-tokoferol))), marinerad halloumi 17 % (laktosfri halloumiost 90 % (Cypern) (past\u00f6riserad komj\u00f6lk, f\u00e5rmj\u00f6lk och getmj\u00f6lk, salt, l\u00f6pe, laktas, mynta), Harissa (rapsolja, vitl\u00f6k, chilipaprika, havssalt, kryddor), socker, rapsolja).  S\u00e4ilytys \/ F\u00f6rvaring :  S\u00e4ilytys: alle +6\u00b0C \/ under +6\u00b0C","og_url":"https:\/\/baba.fi\/en\/product\/marinoitua-halloumia-voipapuja-tomaattikastikkeessa-vahittaiskauppa\/","og_site_name":"Baba Foods","article_modified_time":"2025-09-18T06:13:46+00:00","og_image":[{"width":600,"height":900,"url":"https:\/\/baba.fi\/wp-content\/uploads\/2025\/09\/Nimeton-malli.png","type":"image\/png"}],"twitter_card":"summary_large_image","twitter_misc":{"Estimated reading time":"1 minute"},"schema":{"@context":"https:\/\/schema.org","@graph":[{"@type":"WebPage","@id":"https:\/\/baba.fi\/product\/marinoitua-halloumia-voipapuja-tomaattikastikkeessa-vahittaiskauppa\/","url":"https:\/\/baba.fi\/product\/marinoitua-halloumia-voipapuja-tomaattikastikkeessa-vahittaiskauppa\/","name":"Baba Ateria: Marinoitua halloumia & voipapuja tomaattikastikkeessa - Baba Foods","isPartOf":{"@id":"https:\/\/baba.fi\/en\/#website"},"primaryImageOfPage":{"@id":"https:\/\/baba.fi\/product\/marinoitua-halloumia-voipapuja-tomaattikastikkeessa-vahittaiskauppa\/#primaryimage"},"image":{"@id":"https:\/\/baba.fi\/product\/marinoitua-halloumia-voipapuja-tomaattikastikkeessa-vahittaiskauppa\/#primaryimage"},"thumbnailUrl":"https:\/\/baba.fi\/wp-content\/uploads\/2025\/09\/Nimeton-malli.png","datePublished":"2025-09-05T06:27:31+00:00","dateModified":"2025-09-18T06:13:46+00:00","breadcrumb":{"@id":"https:\/\/baba.fi\/product\/marinoitua-halloumia-voipapuja-tomaattikastikkeessa-vahittaiskauppa\/#breadcrumb"},"inLanguage":"en-GB","potentialAction":[{"@type":"ReadAction","target":["https:\/\/baba.fi\/product\/marinoitua-halloumia-voipapuja-tomaattikastikkeessa-vahittaiskauppa\/"]}]},{"@type":"ImageObject","inLanguage":"en-GB","@id":"https:\/\/baba.fi\/product\/marinoitua-halloumia-voipapuja-tomaattikastikkeessa-vahittaiskauppa\/#primaryimage","url":"https:\/\/baba.fi\/wp-content\/uploads\/2025\/09\/Nimeton-malli.png","contentUrl":"https:\/\/baba.fi\/wp-content\/uploads\/2025\/09\/Nimeton-malli.png","width":600,"height":900},{"@type":"BreadcrumbList","@id":"https:\/\/baba.fi\/product\/marinoitua-halloumia-voipapuja-tomaattikastikkeessa-vahittaiskauppa\/#breadcrumb","itemListElement":[{"@type":"ListItem","position":1,"name":"Etusivu","item":"https:\/\/baba.fi\/"},{"@type":"ListItem","position":2,"name":"Tuotteet","item":"https:\/\/baba.fi\/tuotteet\/"},{"@type":"ListItem","position":3,"name":"Baba Ateria: Marinoitua halloumia &#038; voipapuja tomaattikastikkeessa"}]},{"@type":"WebSite","@id":"https:\/\/baba.fi\/en\/#website","url":"https:\/\/baba.fi\/en\/","name":"Baba Foods","description":"Middle Eastern vegetarian food produced in Finland","potentialAction":[{"@type":"SearchAction","target":{"@type":"EntryPoint","urlTemplate":"https:\/\/baba.fi\/en\/?s={search_term_string}"},"query-input":{"@type":"PropertyValueSpecification","valueRequired":true,"valueName":"search_term_string"}}],"inLanguage":"en-GB"}]}},"_links":{"self":[{"href":"https:\/\/baba.fi\/en\/wp-json\/wp\/v2\/product\/7008","targetHints":{"allow":["GET"]}}],"collection":[{"href":"https:\/\/baba.fi\/en\/wp-json\/wp\/v2\/product"}],"about":[{"href":"https:\/\/baba.fi\/en\/wp-json\/wp\/v2\/types\/product"}],"wp:featuredmedia":[{"embeddable":true,"href":"https:\/\/baba.fi\/en\/wp-json\/wp\/v2\/media\/7010"}],"wp:attachment":[{"href":"https:\/\/baba.fi\/en\/wp-json\/wp\/v2\/media?parent=7008"}],"wp:term":[{"taxonomy":"product_brand","embeddable":true,"href":"https:\/\/baba.fi\/en\/wp-json\/wp\/v2\/product_brand?post=7008"},{"taxonomy":"product_cat","embeddable":true,"href":"https:\/\/baba.fi\/en\/wp-json\/wp\/v2\/product_cat?post=7008"},{"taxonomy":"product_tag","embeddable":true,"href":"https:\/\/baba.fi\/en\/wp-json\/wp\/v2\/product_tag?post=7008"}],"curies":[{"name":"wp","href":"https:\/\/api.w.org\/{rel}","templated":true}]}}