{"id":7589,"date":"2026-02-09T07:51:02","date_gmt":"2026-02-09T07:51:02","guid":{"rendered":"https:\/\/baba.fi\/?post_type=product&#038;p=7589"},"modified":"2026-03-03T06:47:25","modified_gmt":"2026-03-03T06:47:25","slug":"paahdettu-sipuli-b2b","status":"publish","type":"product","link":"https:\/\/baba.fi\/en\/product\/paahdettu-sipuli-b2b\/","title":{"rendered":"HUMMIS Paahdettu sipuli (vain tukuista)"},"content":{"rendered":"<h3><span style=\"vertical-align: inherit;\"><span style=\"vertical-align: inherit;\"><span style=\"vertical-align: inherit;\"><span style=\"vertical-align: inherit;\">Nutritional values 100g<\/span><\/span><\/span><\/span><\/h3>\n<table style=\"border-collapse: collapse; width: 100%; height: 168px;\" border=\"1\">\n<thead>\n<tr style=\"height: 24px;\">\n<th style=\"width: 50%; height: 24px;\"><span style=\"font-weight: 500;\">Nutritional values \/<\/span><\/th>\n<th style=\"width: 50%; height: 24px;\"><span style=\"vertical-align: inherit;\"><span style=\"vertical-align: inherit;\"><span style=\"vertical-align: inherit;\"><span style=\"vertical-align: inherit;\">100g<\/span><\/span><\/span><\/span><\/th>\n<\/tr>\n<\/thead>\n<tbody>\n<tr style=\"height: 24px;\">\n<td style=\"width: 50%; height: 24px;\">Energy<\/td>\n<td style=\"width: 50%; height: 24px;\">1351 kJ \/ 323 kcal<\/td>\n<\/tr>\n<tr style=\"height: 24px;\">\n<td style=\"width: 50%; height: 24px;\">Fat<\/td>\n<td style=\"width: 50%; height: 24px;\">25,3 g \u2013 josta tyydyttyneit\u00e4 \/ varav m\u00e4ttat fett 1,7 g<\/td>\n<\/tr>\n<tr style=\"height: 24px;\">\n<td style=\"width: 50%; height: 24px;\">Carbohydrates<\/td>\n<td style=\"width: 50%; height: 24px;\">15,5 g \u2013 josta sokereita \/ varav sockerarter 3,2 g<\/td>\n<\/tr>\n<tr style=\"height: 24px;\">\n<td style=\"width: 50%; height: 24px;\">Fiber<\/td>\n<td style=\"width: 50%; height: 24px;\">3,5 g<\/td>\n<\/tr>\n<tr style=\"height: 24px;\">\n<td style=\"width: 50%; height: 24px;\">Protein<\/td>\n<td style=\"width: 50%; height: 24px;\">6,2 g<\/td>\n<\/tr>\n<tr style=\"height: 24px;\">\n<td style=\"width: 50%; height: 24px;\"><span style=\"vertical-align: inherit;\"><span style=\"vertical-align: inherit;\"><span style=\"vertical-align: inherit;\"><span style=\"vertical-align: inherit;\">Salt<\/span><\/span><\/span><\/span><\/td>\n<td style=\"width: 50%; height: 24px;\">0,9 g<\/td>\n<\/tr>\n<\/tbody>\n<\/table>","protected":false},"excerpt":{"rendered":"<div data-olk-copy-source=\"MessageBody\"><\/div>\n<div data-olk-copy-source=\"MessageBody\">Gluteeniton, Vegaaninen<\/div>\n<p>Saatavilla <span data-olk-copy-source=\"MessageBody\">Kespron, Meira Novan, Valio Aimon, Wihurin ja Patun<\/span> tukuista.<\/p>\n<table class=\"summery-table\" style=\"border-collapse: collapse; width: 100%;\" border=\"0\">\n<tbody>\n<tr>\n<td style=\"width: 33.3333%;\"><strong><span style=\"vertical-align: inherit;\">Weight:<\/span><\/strong><\/td>\n<td style=\"width: 33.3333%;\"><strong><span style=\"vertical-align: inherit;\"><span style=\"vertical-align: inherit;\"><span style=\"vertical-align: inherit;\"><span style=\"vertical-align: inherit;\">Country of manufacture:<\/span><\/span><\/span><\/span><\/strong><\/td>\n<td style=\"width: 33.3333%;\"><strong>EAN:<\/strong><\/td>\n<\/tr>\n<tr>\n<td style=\"width: 33.3333%;\">350 g \/ 8 x 350 g<\/td>\n<td style=\"width: 33.3333%;\">Suomi \/ Finland<\/td>\n<td style=\"width: 33.3333%;\">EAN: 6430056263625<\/p>\n<p>ME8: 6430056263632<\/td>\n<\/tr>\n<\/tbody>\n<\/table>\n<p>&nbsp;<\/p>\n<p><strong><span style=\"vertical-align: inherit;\"><span style=\"vertical-align: inherit;\"><span style=\"vertical-align: inherit;\"><span style=\"vertical-align: inherit;\">Ingredients:<\/span><\/span><\/span><\/span><\/strong><\/p>\n<p class=\"p1\">Kikherne (Kanada) 62 %, rypsi\u00f6ljy, sipuli 7 %, sitruunamehu, etikka, sokeri, muscovadosokeri, merisuola, s\u00e4il\u00f6nt\u00e4aineet (sitruunahappo, kaliumsorbaatti), mustapippuri, juustokumina, cayennepippuri.<\/p>\n<p class=\"p1\">Kik\u00e4rta (Kanada) 62 %, rapsolja, l\u00f6k 7 %, citronsaft, \u00e4ttika, socker, muscovadosocker, havssalt, konserveringsmedel (citronsyra, kaliumsorbat), svartpeppar, spiskummin, cayennepeppar.<\/p>\n<p>&nbsp;<\/p>\n<p><strong><span style=\"vertical-align: inherit;\"><span style=\"vertical-align: inherit;\"><span style=\"vertical-align: inherit;\"><span style=\"vertical-align: inherit;\">Storage:<\/span><\/span><\/span><\/span><\/strong><\/p>\n<p>S\u00e4ilytys alle 6\u00b0C. S\u00e4ilyy avattuna j\u00e4\u00e4kaapissa n. 14 vuorokautta.<\/p>\n<p>&nbsp;<\/p>\n<h5><strong>Makuparitettu yhdess\u00e4 Vaasan Ruispalojen kanssa.<\/strong><\/h5>\n<p>&nbsp;<\/p>","protected":false},"featured_media":8079,"template":"","meta":{"_acf_changed":false,"_et_pb_use_builder":"","_et_pb_old_content":"","_et_gb_content_width":"","om_disable_all_campaigns":false},"product_brand":[],"product_cat":[42],"product_tag":[],"class_list":{"0":"post-7589","1":"product","2":"type-product","3":"status-publish","4":"has-post-thumbnail","6":"product_cat-food-services","8":"first","9":"outofstock","10":"taxable","11":"shipping-taxable","12":"purchasable","13":"product-type-variable","14":"has-default-attributes"},"acf":[],"yoast_head":"<!-- This site is optimized with the Yoast SEO plugin v26.4 - https:\/\/yoast.com\/wordpress\/plugins\/seo\/ -->\n<title>HUMMIS Paahdettu sipuli (vain tukuista) - Baba Foods<\/title>\n<meta name=\"robots\" content=\"index, follow, max-snippet:-1, max-image-preview:large, max-video-preview:-1\" \/>\n<link rel=\"canonical\" href=\"https:\/\/baba.fi\/en\/product\/paahdettu-sipuli-b2b\/\" \/>\n<meta property=\"og:locale\" content=\"en_GB\" \/>\n<meta property=\"og:type\" content=\"article\" \/>\n<meta property=\"og:title\" content=\"HUMMIS Paahdettu sipuli (vain tukuista) - Baba Foods\" \/>\n<meta property=\"og:description\" content=\"Gluteeniton, Vegaaninen Saatavilla Kespron, Meira Novan, Valio Aimon, Wihurin ja Patun tukuista.    Paino \/ Vikt: Valmistusmaa: EAN:   350 g \/ 8 x 350 g Suomi \/ Finland EAN: 6430056263625  ME8: 6430056263632    &nbsp;  Aineosat \/ Ingredienser: Kikherne (Kanada) 62 %, rypsi\u00f6ljy, sipuli 7 %, sitruunamehu, etikka, sokeri, muscovadosokeri, merisuola, s\u00e4il\u00f6nt\u00e4aineet (sitruunahappo, kaliumsorbaatti), mustapippuri, juustokumina, cayennepippuri. Kik\u00e4rta (Kanada) 62 %, rapsolja, l\u00f6k 7 %, citronsaft, \u00e4ttika, socker, muscovadosocker, havssalt, konserveringsmedel (citronsyra, kaliumsorbat), svartpeppar, spiskummin, cayennepeppar. &nbsp;  S\u00e4ilytys \/ F\u00f6rvaring :  S\u00e4ilytys alle 6\u00b0C. S\u00e4ilyy avattuna j\u00e4\u00e4kaapissa n. 14 vuorokautta.  &nbsp; Makuparitettu yhdess\u00e4 Vaasan Ruispalojen kanssa. &nbsp;\" \/>\n<meta property=\"og:url\" content=\"https:\/\/baba.fi\/en\/product\/paahdettu-sipuli-b2b\/\" \/>\n<meta property=\"og:site_name\" content=\"Baba Foods\" \/>\n<meta property=\"article:modified_time\" content=\"2026-03-03T06:47:25+00:00\" \/>\n<meta property=\"og:image\" content=\"https:\/\/baba.fi\/wp-content\/uploads\/2026\/03\/Nimeton-malli-39.png\" \/>\n\t<meta property=\"og:image:width\" content=\"900\" \/>\n\t<meta property=\"og:image:height\" content=\"1200\" \/>\n\t<meta property=\"og:image:type\" content=\"image\/png\" \/>\n<meta name=\"twitter:card\" content=\"summary_large_image\" \/>\n<meta name=\"twitter:label1\" content=\"Estimated reading time\" \/>\n\t<meta name=\"twitter:data1\" content=\"1 minute\" \/>\n<script type=\"application\/ld+json\" class=\"yoast-schema-graph\">{\"@context\":\"https:\/\/schema.org\",\"@graph\":[{\"@type\":\"WebPage\",\"@id\":\"https:\/\/baba.fi\/product\/paahdettu-sipuli-b2b\/\",\"url\":\"https:\/\/baba.fi\/product\/paahdettu-sipuli-b2b\/\",\"name\":\"HUMMIS Paahdettu sipuli (vain tukuista) - Baba Foods\",\"isPartOf\":{\"@id\":\"https:\/\/baba.fi\/en\/#website\"},\"primaryImageOfPage\":{\"@id\":\"https:\/\/baba.fi\/product\/paahdettu-sipuli-b2b\/#primaryimage\"},\"image\":{\"@id\":\"https:\/\/baba.fi\/product\/paahdettu-sipuli-b2b\/#primaryimage\"},\"thumbnailUrl\":\"https:\/\/baba.fi\/wp-content\/uploads\/2026\/03\/Nimeton-malli-39.png\",\"datePublished\":\"2026-02-09T07:51:02+00:00\",\"dateModified\":\"2026-03-03T06:47:25+00:00\",\"breadcrumb\":{\"@id\":\"https:\/\/baba.fi\/product\/paahdettu-sipuli-b2b\/#breadcrumb\"},\"inLanguage\":\"en-GB\",\"potentialAction\":[{\"@type\":\"ReadAction\",\"target\":[\"https:\/\/baba.fi\/product\/paahdettu-sipuli-b2b\/\"]}]},{\"@type\":\"ImageObject\",\"inLanguage\":\"en-GB\",\"@id\":\"https:\/\/baba.fi\/product\/paahdettu-sipuli-b2b\/#primaryimage\",\"url\":\"https:\/\/baba.fi\/wp-content\/uploads\/2026\/03\/Nimeton-malli-39.png\",\"contentUrl\":\"https:\/\/baba.fi\/wp-content\/uploads\/2026\/03\/Nimeton-malli-39.png\",\"width\":900,\"height\":1200},{\"@type\":\"BreadcrumbList\",\"@id\":\"https:\/\/baba.fi\/product\/paahdettu-sipuli-b2b\/#breadcrumb\",\"itemListElement\":[{\"@type\":\"ListItem\",\"position\":1,\"name\":\"Etusivu\",\"item\":\"https:\/\/baba.fi\/\"},{\"@type\":\"ListItem\",\"position\":2,\"name\":\"Tuotteet\",\"item\":\"https:\/\/baba.fi\/tuotteet\/\"},{\"@type\":\"ListItem\",\"position\":3,\"name\":\"HUMMIS Paahdettu sipuli (vain tukuista)\"}]},{\"@type\":\"WebSite\",\"@id\":\"https:\/\/baba.fi\/en\/#website\",\"url\":\"https:\/\/baba.fi\/en\/\",\"name\":\"Baba Foods\",\"description\":\"L\u00e4hi-id\u00e4n kasvisruokaa Suomessa valmistettuna\",\"potentialAction\":[{\"@type\":\"SearchAction\",\"target\":{\"@type\":\"EntryPoint\",\"urlTemplate\":\"https:\/\/baba.fi\/en\/?s={search_term_string}\"},\"query-input\":{\"@type\":\"PropertyValueSpecification\",\"valueRequired\":true,\"valueName\":\"search_term_string\"}}],\"inLanguage\":\"en-GB\"}]}<\/script>\n<!-- \/ Yoast SEO plugin. -->","yoast_head_json":{"title":"HUMMIS Paahdettu sipuli (vain tukuista) - Baba Foods","robots":{"index":"index","follow":"follow","max-snippet":"max-snippet:-1","max-image-preview":"max-image-preview:large","max-video-preview":"max-video-preview:-1"},"canonical":"https:\/\/baba.fi\/en\/product\/paahdettu-sipuli-b2b\/","og_locale":"en_GB","og_type":"article","og_title":"HUMMIS Paahdettu sipuli (vain tukuista) - Baba Foods","og_description":"Gluteeniton, Vegaaninen Saatavilla Kespron, Meira Novan, Valio Aimon, Wihurin ja Patun tukuista.    Paino \/ Vikt: Valmistusmaa: EAN:   350 g \/ 8 x 350 g Suomi \/ Finland EAN: 6430056263625  ME8: 6430056263632    &nbsp;  Aineosat \/ Ingredienser: Kikherne (Kanada) 62 %, rypsi\u00f6ljy, sipuli 7 %, sitruunamehu, etikka, sokeri, muscovadosokeri, merisuola, s\u00e4il\u00f6nt\u00e4aineet (sitruunahappo, kaliumsorbaatti), mustapippuri, juustokumina, cayennepippuri. Kik\u00e4rta (Kanada) 62 %, rapsolja, l\u00f6k 7 %, citronsaft, \u00e4ttika, socker, muscovadosocker, havssalt, konserveringsmedel (citronsyra, kaliumsorbat), svartpeppar, spiskummin, cayennepeppar. &nbsp;  S\u00e4ilytys \/ F\u00f6rvaring :  S\u00e4ilytys alle 6\u00b0C. S\u00e4ilyy avattuna j\u00e4\u00e4kaapissa n. 14 vuorokautta.  &nbsp; Makuparitettu yhdess\u00e4 Vaasan Ruispalojen kanssa. &nbsp;","og_url":"https:\/\/baba.fi\/en\/product\/paahdettu-sipuli-b2b\/","og_site_name":"Baba Foods","article_modified_time":"2026-03-03T06:47:25+00:00","og_image":[{"width":900,"height":1200,"url":"https:\/\/baba.fi\/wp-content\/uploads\/2026\/03\/Nimeton-malli-39.png","type":"image\/png"}],"twitter_card":"summary_large_image","twitter_misc":{"Estimated reading time":"1 minute"},"schema":{"@context":"https:\/\/schema.org","@graph":[{"@type":"WebPage","@id":"https:\/\/baba.fi\/product\/paahdettu-sipuli-b2b\/","url":"https:\/\/baba.fi\/product\/paahdettu-sipuli-b2b\/","name":"HUMMIS Paahdettu sipuli (vain tukuista) - Baba Foods","isPartOf":{"@id":"https:\/\/baba.fi\/en\/#website"},"primaryImageOfPage":{"@id":"https:\/\/baba.fi\/product\/paahdettu-sipuli-b2b\/#primaryimage"},"image":{"@id":"https:\/\/baba.fi\/product\/paahdettu-sipuli-b2b\/#primaryimage"},"thumbnailUrl":"https:\/\/baba.fi\/wp-content\/uploads\/2026\/03\/Nimeton-malli-39.png","datePublished":"2026-02-09T07:51:02+00:00","dateModified":"2026-03-03T06:47:25+00:00","breadcrumb":{"@id":"https:\/\/baba.fi\/product\/paahdettu-sipuli-b2b\/#breadcrumb"},"inLanguage":"en-GB","potentialAction":[{"@type":"ReadAction","target":["https:\/\/baba.fi\/product\/paahdettu-sipuli-b2b\/"]}]},{"@type":"ImageObject","inLanguage":"en-GB","@id":"https:\/\/baba.fi\/product\/paahdettu-sipuli-b2b\/#primaryimage","url":"https:\/\/baba.fi\/wp-content\/uploads\/2026\/03\/Nimeton-malli-39.png","contentUrl":"https:\/\/baba.fi\/wp-content\/uploads\/2026\/03\/Nimeton-malli-39.png","width":900,"height":1200},{"@type":"BreadcrumbList","@id":"https:\/\/baba.fi\/product\/paahdettu-sipuli-b2b\/#breadcrumb","itemListElement":[{"@type":"ListItem","position":1,"name":"Etusivu","item":"https:\/\/baba.fi\/"},{"@type":"ListItem","position":2,"name":"Tuotteet","item":"https:\/\/baba.fi\/tuotteet\/"},{"@type":"ListItem","position":3,"name":"HUMMIS Paahdettu sipuli (vain tukuista)"}]},{"@type":"WebSite","@id":"https:\/\/baba.fi\/en\/#website","url":"https:\/\/baba.fi\/en\/","name":"Baba Foods","description":"Middle Eastern vegetarian food produced in Finland","potentialAction":[{"@type":"SearchAction","target":{"@type":"EntryPoint","urlTemplate":"https:\/\/baba.fi\/en\/?s={search_term_string}"},"query-input":{"@type":"PropertyValueSpecification","valueRequired":true,"valueName":"search_term_string"}}],"inLanguage":"en-GB"}]}},"_links":{"self":[{"href":"https:\/\/baba.fi\/en\/wp-json\/wp\/v2\/product\/7589","targetHints":{"allow":["GET"]}}],"collection":[{"href":"https:\/\/baba.fi\/en\/wp-json\/wp\/v2\/product"}],"about":[{"href":"https:\/\/baba.fi\/en\/wp-json\/wp\/v2\/types\/product"}],"wp:featuredmedia":[{"embeddable":true,"href":"https:\/\/baba.fi\/en\/wp-json\/wp\/v2\/media\/8079"}],"wp:attachment":[{"href":"https:\/\/baba.fi\/en\/wp-json\/wp\/v2\/media?parent=7589"}],"wp:term":[{"taxonomy":"product_brand","embeddable":true,"href":"https:\/\/baba.fi\/en\/wp-json\/wp\/v2\/product_brand?post=7589"},{"taxonomy":"product_cat","embeddable":true,"href":"https:\/\/baba.fi\/en\/wp-json\/wp\/v2\/product_cat?post=7589"},{"taxonomy":"product_tag","embeddable":true,"href":"https:\/\/baba.fi\/en\/wp-json\/wp\/v2\/product_tag?post=7589"}],"curies":[{"name":"wp","href":"https:\/\/api.w.org\/{rel}","templated":true}]}}